{"id":12217,"date":"2020-03-20T11:19:48","date_gmt":"2020-03-20T11:19:48","guid":{"rendered":"http:\/\/garrafeiragrandeescolha.pt\/?post_type=product&#038;p=12217"},"modified":"2025-03-06T19:19:20","modified_gmt":"2025-03-06T19:19:20","slug":"arrepiado-collection-tinto","status":"publish","type":"product","link":"https:\/\/garrafeiragrandeescolha.pt\/de\/produkt\/arrepiado-collection-tinto\/","title":{"rendered":"Arrepiado Collection Tinto 2021 75cl"},"content":{"rendered":"<p><img fetchpriority=\"high\" decoding=\"async\" class=\"size-medium wp-image-15183 aligncenter\" src=\"http:\/\/garrafeiragrandeescolha.pt\/wp-content\/uploads\/2022\/02\/arrepiado-velho-logo-241x300.png\" alt=\"\" width=\"241\" height=\"300\" srcset=\"https:\/\/garrafeiragrandeescolha.pt\/wp-content\/uploads\/2022\/02\/arrepiado-velho-logo-241x300.png 241w, https:\/\/garrafeiragrandeescolha.pt\/wp-content\/uploads\/2022\/02\/arrepiado-velho-logo.png 400w\" sizes=\"(max-width: 241px) 100vw, 241px\" \/><\/p>\n<p>A Herdade do Arrepiado velho est\u00e1 localizada em Sousel, a cerca de 40 km de Portalegre, no Alto Alentejo. Em 2001 viu renascer um espa\u00e7o h\u00e1 muito abandonado. O monte alentejano do s\u00e9c. XIX foi reconstru\u00eddo de acordo com a arquitectura tradicional da regi\u00e3o, magnificamente conservado, pleno de espa\u00e7os de rara beleza. Com uma \u00e1rea total de cerca de 100 hectares, a barragem destaca-se entre vinhas e olival, num misto de cores e tranquilidade, como s\u00f3 o alentejo oferece.<\/p>\n<p>Em 2002, 33 hectares de vinha foram plantados de raiz, num terroir que combina, de forma rara, solos xistosos de acentuados declives com temperaturas amenas e abund\u00e2ncia de \u00e1gua, caracteristicas naturais indicadoras de grande potencial. David Both (viticultor) e Ant\u00f3nio Ma\u00e7anita (en\u00f3logo) juntaram os seus conhecimentos, inova\u00e7\u00e3o e dedica\u00e7\u00e3o, seleccionaram as castas e criaram a j\u00e1 apelidada \u201cVinha dos 100 pontos\u201d. A partir de 2012, a vinha passa a ficar a cargo de Nuno Ramalho, vit\u00edcultor actual. Nos tintos, Touriga Nacional, Syrah, Petit Verdot e Cabernet Sauvignon e nos brancos, Ant\u00e3o Vaz, Chardonnay, Riesling, Viognier e Verdelho.<\/p>\n<p>No comando do projeto est\u00e1 Ant\u00f3nio Antunes, respons\u00e1vel pela produ\u00e7\u00e3o de vinhos \u00fanicos e sedutores, que nascem a partir de enologia moderna combinada com a tradi\u00e7\u00e3o e Marta Neto, respons\u00e1vel pelo marketing e design arrojado e elegante. Juntos quebram barreiras e ideias pr\u00e9-feitas, fazem vinhos fora da caixa mas sempre com a qualidade no topo das suas ambi\u00e7\u00f5es.<\/p>","protected":false},"excerpt":{"rendered":"<p>Castas: 65% Touriga Nacional, 15% Syrah, 10% Petit Verdot, 10% Cabernet Sauvignon.<\/p>\n<p>Estagio: 24 meses em barricas de carvalho franc\u00eas.<\/p>\n<p>Cor Violeta-ruby concentrado. Nariz intenso, aromas de frutos pretos, bals\u00e2mico e algum tabaco. Ataque cheio, encorpado, cheio de aroma, com taninos redondos e boa persist\u00eancia.<\/p>\n<p>&nbsp;<\/p>","protected":false},"featured_media":444,"template":"","meta":{"_exactmetrics_skip_tracking":false,"_exactmetrics_sitenote_active":false,"_exactmetrics_sitenote_note":"","_exactmetrics_sitenote_category":0,"_uf_show_specific_survey":0,"_uf_disable_surveys":false,"iawp_total_views":63},"product_brand":[],"product_cat":[162,157,201,184,207],"product_tag":[],"class_list":{"0":"post-12217","1":"product","2":"type-product","3":"status-publish","4":"has-post-thumbnail","6":"product_cat-raridades","7":"product_cat-vinhos","8":"product_cat-grandes-vinhos","9":"product_cat-tinto","10":"product_cat-alentejo","12":"first","13":"instock","14":"shipping-taxable","15":"purchasable","16":"product-type-simple"},"_links":{"self":[{"href":"https:\/\/garrafeiragrandeescolha.pt\/de\/wp-json\/wp\/v2\/product\/12217","targetHints":{"allow":["GET"]}}],"collection":[{"href":"https:\/\/garrafeiragrandeescolha.pt\/de\/wp-json\/wp\/v2\/product"}],"about":[{"href":"https:\/\/garrafeiragrandeescolha.pt\/de\/wp-json\/wp\/v2\/types\/product"}],"wp:featuredmedia":[{"embeddable":true,"href":"https:\/\/garrafeiragrandeescolha.pt\/de\/wp-json\/wp\/v2\/media\/444"}],"wp:attachment":[{"href":"https:\/\/garrafeiragrandeescolha.pt\/de\/wp-json\/wp\/v2\/media?parent=12217"}],"wp:term":[{"taxonomy":"product_brand","embeddable":true,"href":"https:\/\/garrafeiragrandeescolha.pt\/de\/wp-json\/wp\/v2\/product_brand?post=12217"},{"taxonomy":"product_cat","embeddable":true,"href":"https:\/\/garrafeiragrandeescolha.pt\/de\/wp-json\/wp\/v2\/product_cat?post=12217"},{"taxonomy":"product_tag","embeddable":true,"href":"https:\/\/garrafeiragrandeescolha.pt\/de\/wp-json\/wp\/v2\/product_tag?post=12217"}],"curies":[{"name":"wp","href":"https:\/\/api.w.org\/{rel}","templated":true}]}}