{"id":12244,"date":"2020-03-20T17:01:01","date_gmt":"2020-03-20T17:01:01","guid":{"rendered":"http:\/\/garrafeiragrandeescolha.pt\/?post_type=product&#038;p=12244"},"modified":"2025-01-09T10:13:58","modified_gmt":"2025-01-09T10:13:58","slug":"carlos-reynolds-tinto","status":"publish","type":"product","link":"https:\/\/garrafeiragrandeescolha.pt\/de\/produkt\/carlos-reynolds-tinto\/","title":{"rendered":"Carlos Reynolds Tinto 2017 75cl"},"content":{"rendered":"<p><img fetchpriority=\"high\" decoding=\"async\" class=\"size-medium wp-image-17396 aligncenter\" src=\"http:\/\/garrafeiragrandeescolha.pt\/wp-content\/uploads\/2020\/03\/logo_preto-reynolds-300x212.jpg\" alt=\"\" width=\"300\" height=\"212\" srcset=\"https:\/\/garrafeiragrandeescolha.pt\/wp-content\/uploads\/2020\/03\/logo_preto-reynolds-300x212.jpg 300w, https:\/\/garrafeiragrandeescolha.pt\/wp-content\/uploads\/2020\/03\/logo_preto-reynolds-1024x724.jpg 1024w, https:\/\/garrafeiragrandeescolha.pt\/wp-content\/uploads\/2020\/03\/logo_preto-reynolds-768x543.jpg 768w, https:\/\/garrafeiragrandeescolha.pt\/wp-content\/uploads\/2020\/03\/logo_preto-reynolds-1536x1086.jpg 1536w, https:\/\/garrafeiragrandeescolha.pt\/wp-content\/uploads\/2020\/03\/logo_preto-reynolds-18x12.jpg 18w, https:\/\/garrafeiragrandeescolha.pt\/wp-content\/uploads\/2020\/03\/logo_preto-reynolds-600x424.jpg 600w, https:\/\/garrafeiragrandeescolha.pt\/wp-content\/uploads\/2020\/03\/logo_preto-reynolds.jpg 1754w\" sizes=\"(max-width: 300px) 100vw, 300px\" \/><\/p>\n<p>Thomas Reynolds, englischer Seemann und Kaufmann, kam 1820, angezogen vom Weingesch\u00e4ft, nach Portugal: In der Stadt Porto lie\u00df er sich mit seinen beiden S\u00f6hnen Thomas und Robert nieder. Von dort versorgten sie einige Zeit lang ihr Handelslager in London mit verschiedenen iberischen Produkten. Im Jahr 1838 stiegen sie in die Korkindustrie ein und gr\u00fcndeten eine Korkfabrik in Alburquerque, Spanien, wo sie 11 Jahre lang lebten. Die T\u00e4tigkeit ist profitabel, expandiert und in Portugal und Spanien werden bald neue Korkfabriken er\u00f6ffnet.<\/p>\n<p>Die Familie kehrte 1850 nach Portugal zur\u00fcck und lie\u00df sich, wenn auch nur f\u00fcr kurze Zeit, in Estremoz nieder. Thomas und sein gleichnamiger Sohn lehnen sich nicht zur\u00fcck und machen sich, angetrieben vom gleichen Unternehmergeist, mit der Familie auf den Weg nach Neuseeland. Die \u00dcberfahrt dauerte 130 lange Tage und sie transportierten eine riesige Herde Merinoschafe. Sie kehrten nie nach Portugal zur\u00fcck.<\/p>\n<p>Robert bleibt in Estremoz f\u00fcr das Gesch\u00e4ft verantwortlich, das er durch den Erwerb neuer Grundst\u00fccke und die Produktion von Qualit\u00e4tsweinen schnell ausbaut, eine T\u00e4tigkeit, die er mit besonderem Engagement und Leidenschaft aus\u00fcbt. Alentejo wurde zum endg\u00fcltigen Geburtsort der Reynolds in Portugal und von Robert, dem Familienpatriarchen. Aus dieser Wiege stammen Roberts erstgeborener Sohn Robert Rafael und seitdem Carlos. Carlos hat eine erste Tochter namens Gloria, Gloria Reynolds. Zu Ehren seiner selbst und all seiner Vorfahren, die im Alentejo lebten, produziert Juli\u00e1n, Glorias Sohn, einen Qualit\u00e4tswein, benannt nach seiner Mutter \u2013 Gloria Reynolds.<\/p>","protected":false},"excerpt":{"rendered":"<p>Na boca\u00a0boa concentra\u00e7\u00e3o, simultaneamente elegante e sedoso. Fruta madura, fresca e focada em ameixa e cereja preta. Taninos suaves que proporcionam excelente equil\u00edbrio ao vinho. Bom comprimento com final elegante<\/p>","protected":false},"featured_media":509,"template":"","meta":{"_exactmetrics_skip_tracking":false,"_exactmetrics_sitenote_active":false,"_exactmetrics_sitenote_note":"","_exactmetrics_sitenote_category":0,"_uf_show_specific_survey":0,"_uf_disable_surveys":false,"iawp_total_views":11},"product_brand":[],"product_cat":[207,184,157],"product_tag":[],"class_list":{"0":"post-12244","1":"product","2":"type-product","3":"status-publish","4":"has-post-thumbnail","6":"product_cat-alentejo","7":"product_cat-tinto","8":"product_cat-vinhos","10":"first","11":"instock","12":"shipping-taxable","13":"purchasable","14":"product-type-simple"},"_links":{"self":[{"href":"https:\/\/garrafeiragrandeescolha.pt\/de\/wp-json\/wp\/v2\/product\/12244","targetHints":{"allow":["GET"]}}],"collection":[{"href":"https:\/\/garrafeiragrandeescolha.pt\/de\/wp-json\/wp\/v2\/product"}],"about":[{"href":"https:\/\/garrafeiragrandeescolha.pt\/de\/wp-json\/wp\/v2\/types\/product"}],"wp:featuredmedia":[{"embeddable":true,"href":"https:\/\/garrafeiragrandeescolha.pt\/de\/wp-json\/wp\/v2\/media\/509"}],"wp:attachment":[{"href":"https:\/\/garrafeiragrandeescolha.pt\/de\/wp-json\/wp\/v2\/media?parent=12244"}],"wp:term":[{"taxonomy":"product_brand","embeddable":true,"href":"https:\/\/garrafeiragrandeescolha.pt\/de\/wp-json\/wp\/v2\/product_brand?post=12244"},{"taxonomy":"product_cat","embeddable":true,"href":"https:\/\/garrafeiragrandeescolha.pt\/de\/wp-json\/wp\/v2\/product_cat?post=12244"},{"taxonomy":"product_tag","embeddable":true,"href":"https:\/\/garrafeiragrandeescolha.pt\/de\/wp-json\/wp\/v2\/product_tag?post=12244"}],"curies":[{"name":"wp","href":"https:\/\/api.w.org\/{rel}","templated":true}]}}