{"id":12256,"date":"2020-03-20T19:45:31","date_gmt":"2020-03-20T19:45:31","guid":{"rendered":"http:\/\/garrafeiragrandeescolha.pt\/?post_type=product&#038;p=12256"},"modified":"2025-12-10T17:49:56","modified_gmt":"2025-12-10T17:49:56","slug":"chryseiarot-2016","status":"publish","type":"product","link":"https:\/\/garrafeiragrandeescolha.pt\/de\/produkt\/chryseiarot-2016\/","title":{"rendered":"Chryseia Red 2016 75cl"},"content":{"rendered":"<p><img fetchpriority=\"high\" decoding=\"async\" class=\"size-full wp-image-15402 aligncenter\" src=\"http:\/\/garrafeiragrandeescolha.pt\/wp-content\/uploads\/2022\/02\/prats-symington_logo.png\" alt=\"\" width=\"256\" height=\"256\" srcset=\"https:\/\/garrafeiragrandeescolha.pt\/wp-content\/uploads\/2022\/02\/prats-symington_logo.png 256w, https:\/\/garrafeiragrandeescolha.pt\/wp-content\/uploads\/2022\/02\/prats-symington_logo-150x150.png 150w, https:\/\/garrafeiragrandeescolha.pt\/wp-content\/uploads\/2022\/02\/prats-symington_logo-100x100.png 100w\" sizes=\"(max-width: 256px) 100vw, 256px\" \/><\/p>\n<p>Das Douro-Tal, ein Weltkulturerbe und eines der \u00e4ltesten Weinanbaugebiete der Welt, ist zweifellos eines der eindrucksvollsten Terroirs in der Geschichte des globalen Weinbaus.<\/p>\n<p>Gro\u00dfartige Weine k\u00f6nnen nur entstehen, wenn es Menschen gibt, die das Gl\u00fcck haben, sie zu genie\u00dfen. Es besteht kein Zweifel daran, dass die englische Aristokratie eine wichtige Rolle bei der Entwicklung der Portwein-Weinberge spielte, wie es auch in Bordeaux geschah, n\u00e4mlich bei den M\u00e9doc Crus Class\u00e9s.<\/p>\n<p>Douro-Weine, die in einem unwirtlichen Klima unter sengender Sonne angebaut werden, mit geringem S\u00e4uregehalt und hohem Restzuckergehalt waren schon immer schwierig zu transportieren. Aus diesem Grund erfand die Region die Anreicherung, ein Verfahren, bei dem dem Wein vor dem Ende der G\u00e4rung Brandy zugesetzt wird, was dem Portwein sein ausgepr\u00e4gtes Alkohol-Zucker-Gleichgewicht verleiht, verbunden mit einem bemerkenswerten Alterungspotenzial. Dar\u00fcber hinaus erfordert der Prozess die schnelle und energische Extraktion der Tannine durch die traditionelle Tretmethode oder, in j\u00fcngerer Zeit, durch den Einsatz mechanischer Pressen.<\/p>\n<p>W\u00e4hrend die Kunst der Portweinherstellung perfektioniert wurde, erfand Bordeaux \u2013 eine weitere Region mit einem Talent, den Durst der Engl\u00e4nder zu stillen \u2013 die Weinherstellung durch einen Prozess der l\u00e4ngeren Mazeration, der die schrittweise und sanfte Extraktion der Tannine erm\u00f6glichte. Dies f\u00fchrte zur Ausgewogenheit und Subtilit\u00e4t der gro\u00dfen M\u00e9docs.<\/p>\n<p>Der Versuch, Bordeaux-Weinherstellungsmethoden auf Trauben anzuwenden, die traditionell f\u00fcr die Herstellung von Vintage Port bestimmt sind, ist die Essenz des spannenden CHRYSEIA-Projekts.<\/p>\n<p>Die Familie SYMINGTON wollte ihr umfassendes Wissen \u00fcber die verschiedenen Terroirs und Rebsorten des Douro mit der Erfahrung von Bruno PRATS in der Bordeaux-Region kombinieren, um gemeinsam Weine aus den besten Trauben zu produzieren, die auf den besten Parzellen der besten Bauernh\u00f6fe angebaut wurden. in der Tat Bordeaux-Spiritus.<\/p>\n<p>Andrew James Symington lie\u00df sich erstmals 1882 in der Stadt Porto nieder. Er wurde schnell Portwein-Versender und \u00fcbernahm 1914 die Kontrolle \u00fcber Warre&#039;s. Die Nachkommen seiner drei S\u00f6hne sind heute Eigent\u00fcmer von Warre&#039;s, Dow&#039;s und Graham&#039;s sowie zahlreicher Anwesen, auf denen einige der besten in Cima Corgo zu finden sind. Der Weinbergbesitz der Familie im Douro umfasst mittlerweile mehr als 900 Hektar. Charles Symington ist f\u00fcr die Weinberge, die Weinherstellung und das Produktionsmanagement verantwortlich, w\u00e4hrend Rupert, Paul, John und Dominic um die Welt reisen und die Magie und Geheimnisse ihrer Weine teilen.<\/p>\n<p>Nach dem Verkauf von\u00a0<em>Ch\u00e2teau Cos d&#039;Ouvirnel<\/em>\u00a0das er drei\u00dfig Jahre lang leitete, \u00fcbertrug Bruno Prats seine Weinaktivit\u00e4ten dorthin\u00a0<em>Vi\u00f1a Aquitania<\/em>\u00a0in Chile, wo er eine Partnerschaft mit Paul Pontallier, Ghislain de Montgolfier und Felipe de Solminihac gr\u00fcndete, und f\u00fcr Anwilka in S\u00fcdafrika, in Partnerschaft mit Lowell Jooste und Hubert de Bouard de Laforest. Die Freundschaft zwischen Bruno Prats und der Familie Symington entwickelte sich durch die Familienweinkette Primum Familiae Vini\u00a0<em>Cos d&#039;Ouvirnel<\/em>\u00a0geh\u00f6rte auch dazu.<\/p>\n<p>Im November 1998 schlug die Familie Symington Bruno Prats vor, sich an einem neuen Projekt zur Herstellung eines nicht angereicherten Douro-Weins von h\u00f6chster Qualit\u00e4t zu beteiligen. Dieser Vorschlag nahm 1999 mit der Gr\u00fcndung von PRATS &amp; SYMINGTON Limitada als gleichberechtigte Partnerschaft zwischen den beiden Familien Gestalt an. Die experimentelle Produktion in diesem ersten Jahr erm\u00f6glichte die Auswahl der besten Parzellen und der am besten geeigneten Rebsorten f\u00fcr das Projekt. CHRYSEIA 2000 war der erste Jahrgang, der ver\u00f6ffentlicht wurde.<\/p>","protected":false},"excerpt":{"rendered":"<p id=\"tw-target-text\" class=\"tw-data-text tw-text-large XcVN5d tw-ta\" dir=\"ltr\" data-placeholder=\"Tradu\u00e7\u00e3o\"><span lang=\"pt\">Chryseia 2016 wurde aus den besten Douro-Trauben von Prats &amp; Symington Vinhas do Vale, Quinta de Roriz und Quinta da Perdiz hergestellt. Wie bei allen vorherigen Chryseia-Weinen trugen auch die Quinta da Vila Velha, im Besitz von James und Rupert Symington, und die benachbarte Quinta de Roriz zur Mischung bei. Einem der hei\u00dfesten und trockensten Sommer aller Zeiten ging eine sehr feuchte Vegetationsperiode voraus, die sich als entscheidend f\u00fcr die Abmilderung der Auswirkungen der D\u00fcrre erwies. Regenschauer Ende August und erneut Mitte September erneuerten die Reben und waren entscheidend f\u00fcr eine ausgewogene Reifung. Die gem\u00e4\u00dfigteren Tages- und Nachttemperaturen in der zweiten Septemberh\u00e4lfte waren ebenso wichtig f\u00fcr den erfolgreichen Abschluss dieses gro\u00dfartigen Jahres. Verkostungsnotiz, Bruno Prats (Oktober 2018): Ein satter und kraftvoller Rotwein mit \u00fcberraschend runden Tanninen. In der Nase ist die Frucht frontal mit Noten von Pflaume, schwarzer Johannisbeere und einem Hauch von Mokka und dunkler Schokolade. Das Holz ist perfekt integriert. Den seidigen und samtigen Tanninen folgt ein sehr frischer und anhaltender Nachgeschmack. Schon in diesem fr\u00fchen Stadium ein verf\u00fchrerischer Wein mit gro\u00dfem Reifepotenzial.<\/span><\/p>\n<p>Wine Spectator 95 Punkte<\/p>","protected":false},"featured_media":540,"template":"","meta":{"_exactmetrics_skip_tracking":false,"_exactmetrics_sitenote_active":false,"_exactmetrics_sitenote_note":"","_exactmetrics_sitenote_category":0,"_uf_show_specific_survey":0,"_uf_disable_surveys":false,"iawp_total_views":64},"product_brand":[],"product_cat":[215,201,162,184,157],"product_tag":[],"class_list":{"0":"post-12256","1":"product","2":"type-product","3":"status-publish","4":"has-post-thumbnail","6":"product_cat-douro","7":"product_cat-grandes-vinhos","8":"product_cat-raridades","9":"product_cat-tinto","10":"product_cat-vinhos","12":"first","13":"instock","14":"featured","15":"shipping-taxable","16":"purchasable","17":"product-type-simple"},"_links":{"self":[{"href":"https:\/\/garrafeiragrandeescolha.pt\/de\/wp-json\/wp\/v2\/product\/12256","targetHints":{"allow":["GET"]}}],"collection":[{"href":"https:\/\/garrafeiragrandeescolha.pt\/de\/wp-json\/wp\/v2\/product"}],"about":[{"href":"https:\/\/garrafeiragrandeescolha.pt\/de\/wp-json\/wp\/v2\/types\/product"}],"wp:featuredmedia":[{"embeddable":true,"href":"https:\/\/garrafeiragrandeescolha.pt\/de\/wp-json\/wp\/v2\/media\/540"}],"wp:attachment":[{"href":"https:\/\/garrafeiragrandeescolha.pt\/de\/wp-json\/wp\/v2\/media?parent=12256"}],"wp:term":[{"taxonomy":"product_brand","embeddable":true,"href":"https:\/\/garrafeiragrandeescolha.pt\/de\/wp-json\/wp\/v2\/product_brand?post=12256"},{"taxonomy":"product_cat","embeddable":true,"href":"https:\/\/garrafeiragrandeescolha.pt\/de\/wp-json\/wp\/v2\/product_cat?post=12256"},{"taxonomy":"product_tag","embeddable":true,"href":"https:\/\/garrafeiragrandeescolha.pt\/de\/wp-json\/wp\/v2\/product_tag?post=12256"}],"curies":[{"name":"wp","href":"https:\/\/api.w.org\/{rel}","templated":true}]}}