{"id":12273,"date":"2020-03-20T21:50:24","date_gmt":"2020-03-20T21:50:24","guid":{"rendered":"http:\/\/garrafeiragrandeescolha.pt\/?post_type=product&#038;p=12273"},"modified":"2024-02-12T12:21:53","modified_gmt":"2024-02-12T12:21:53","slug":"cottas-branco","status":"publish","type":"product","link":"https:\/\/garrafeiragrandeescolha.pt\/de\/produkt\/cottas-branco\/","title":{"rendered":"Cottas Branco 75cl"},"content":{"rendered":"<p><img decoding=\"async\" class=\"size-medium wp-image-15092 aligncenter\" src=\"http:\/\/garrafeiragrandeescolha.pt\/wp-content\/uploads\/2020\/03\/cottas-image-2-300x154.png\" alt=\"\" width=\"300\" height=\"154\" srcset=\"https:\/\/garrafeiragrandeescolha.pt\/wp-content\/uploads\/2020\/03\/cottas-image-2-300x154.png 300w, https:\/\/garrafeiragrandeescolha.pt\/wp-content\/uploads\/2020\/03\/cottas-image-2.png 313w\" sizes=\"(max-width: 300px) 100vw, 300px\" \/><\/p>\n<p>Quinta de Cottas liegt im Alij\u00f3-Tal und ist ein 10 Hektar gro\u00dfes Anwesen, das hervorragende Bedingungen f\u00fcr die Produktion von Douro- und Porto-Weinen bietet.<\/p>\n<p>Im Jahr 2006 wurden Isabel und Pedro Carmo von einem Weinberg angezogen, der einst zu einem gro\u00dfen und bedeutenden Bauernhof geh\u00f6rte. Ihre gro\u00dfe Liebe zum Wein und zum Douro-Tal machte es unm\u00f6glich, die Gelegenheit nicht zu nutzen, in dieser einzigartigen Region eigene Weine zu produzieren, und so entstand dieses Weinprojekt. Sie begannen schnell mit der Umgestaltung des Grundst\u00fccks, einschlie\u00dflich der Wiederherstellung des vorhandenen Teils der alten Reben und der Bepflanzung der verbleibenden verf\u00fcgbaren Fl\u00e4che. Von Anfang an legten sie fest, dass der Ansatz bei Quinta de Cottas darin bestehen w\u00fcrde, die Essenz der wichtigsten Douro-Rebsorten einzufangen und hochwertige Weine mit einer ausgepr\u00e4gten Pers\u00f6nlichkeit zu produzieren, die ihr einzigartiges Terroir zum Ausdruck bringen.<\/p>\n<p>Einige der alten Reben erreichen ein Alter von 70 Jahren und bestehen aus Reben, die mit etwa 16 verschiedenen Sorten gemischt sind, insbesondere Touriga Franca, Tinta Barroca, Tinta Amarela und Tinta Carvalha.<\/p>","protected":false},"excerpt":{"rendered":"<p>Castas: Arinto, Viosinho e Gouveio<\/p>\n<p>As uvas s\u00e3o provenientes das nossas vinhas e de vinhas por n\u00f3s directamente exploradas na regi\u00e3o do Cima Corgo.<\/p>\n<p>Cor citrina p\u00e1lida, com um aroma muito atractivo com notas de fruta tropical madura e mineralidade. Na boca mostra uma grande frescura, persist\u00eancia, equil\u00edbrio e eleg\u00e2ncia. Um vinho branco fresco para beber sem hesita\u00e7\u00f5es.<\/p>\n<p>Enologia: Manuel Vieira<\/p>","protected":false},"featured_media":577,"template":"","meta":{"_exactmetrics_skip_tracking":false,"_exactmetrics_sitenote_active":false,"_exactmetrics_sitenote_note":"","_exactmetrics_sitenote_category":0,"_uf_show_specific_survey":0,"_uf_disable_surveys":false,"iawp_total_views":6},"product_brand":[],"product_cat":[157,185,188],"product_tag":[],"class_list":{"0":"post-12273","1":"product","2":"type-product","3":"status-publish","4":"has-post-thumbnail","6":"product_cat-vinhos","7":"product_cat-branco","8":"product_cat-douro-branco","10":"first","11":"instock","12":"shipping-taxable","13":"purchasable","14":"product-type-simple"},"_links":{"self":[{"href":"https:\/\/garrafeiragrandeescolha.pt\/de\/wp-json\/wp\/v2\/product\/12273","targetHints":{"allow":["GET"]}}],"collection":[{"href":"https:\/\/garrafeiragrandeescolha.pt\/de\/wp-json\/wp\/v2\/product"}],"about":[{"href":"https:\/\/garrafeiragrandeescolha.pt\/de\/wp-json\/wp\/v2\/types\/product"}],"wp:featuredmedia":[{"embeddable":true,"href":"https:\/\/garrafeiragrandeescolha.pt\/de\/wp-json\/wp\/v2\/media\/577"}],"wp:attachment":[{"href":"https:\/\/garrafeiragrandeescolha.pt\/de\/wp-json\/wp\/v2\/media?parent=12273"}],"wp:term":[{"taxonomy":"product_brand","embeddable":true,"href":"https:\/\/garrafeiragrandeescolha.pt\/de\/wp-json\/wp\/v2\/product_brand?post=12273"},{"taxonomy":"product_cat","embeddable":true,"href":"https:\/\/garrafeiragrandeescolha.pt\/de\/wp-json\/wp\/v2\/product_cat?post=12273"},{"taxonomy":"product_tag","embeddable":true,"href":"https:\/\/garrafeiragrandeescolha.pt\/de\/wp-json\/wp\/v2\/product_tag?post=12273"}],"curies":[{"name":"wp","href":"https:\/\/api.w.org\/{rel}","templated":true}]}}