{"id":12286,"date":"2020-03-20T22:41:52","date_gmt":"2020-03-20T22:41:52","guid":{"rendered":"http:\/\/garrafeiragrandeescolha.pt\/?post_type=product&#038;p=12286"},"modified":"2026-02-10T11:37:25","modified_gmt":"2026-02-10T11:37:25","slug":"d-graca-sousao-grande-reserva-tinto","status":"publish","type":"product","link":"https:\/\/garrafeiragrandeescolha.pt\/de\/produkt\/d-graca-sousao-grande-reserva-tinto\/","title":{"rendered":"D. Gra\u00e7a Sous\u00e3o Grande Reserva Tinto 2015 75cl"},"content":{"rendered":"<p><img decoding=\"async\" class=\"size-medium wp-image-15430 aligncenter\" src=\"http:\/\/garrafeiragrandeescolha.pt\/wp-content\/uploads\/2022\/02\/vinilourenco-logo-300x43.png\" alt=\"\" width=\"300\" height=\"43\" srcset=\"https:\/\/garrafeiragrandeescolha.pt\/wp-content\/uploads\/2022\/02\/vinilourenco-logo-300x43.png 300w, https:\/\/garrafeiragrandeescolha.pt\/wp-content\/uploads\/2022\/02\/vinilourenco-logo.png 358w\" sizes=\"(max-width: 300px) 100vw, 300px\" \/><\/p>\n<p>VINILOUREN\u00c7O befindet sich im kleinen Dorf Po\u00e7o do Canto in der Gemeinde Meda im Herzen des Douro Superior. Seit den 1980er Jahren erwirbt die Familie Louren\u00e7o mehrere Grundst\u00fccke im Douro Superior, wobei Hor\u00e1cio Louren\u00e7o nach seiner R\u00fcckkehr aus Angola ein imagin\u00e4res Dreieck f\u00fcr die Lage seiner Weinberge entwirft.<\/p>\n<p>Anfang der 2000er Jahre \u00fcbernahm der gerade 18-j\u00e4hrige Jorge Louren\u00e7o die Verantwortung f\u00fcr die Modernisierung der bereits bepflanzten 25 Hektar Weinberge, die Auswahl neuer Rebsorten zur Erweiterung der Weinbergsfl\u00e4che und die Strukturierung des Unternehmens f\u00fcr die Weinbereitung und den Verkauf der Weine produziert. In den letzten 10 Jahren war das Wachstum des Unternehmens aufgrund der Qualit\u00e4t und Originalit\u00e4t seiner Weine unaufhaltsam, wobei die Wiederbelebung der alten Douro-Rebsorten das Image der Marken und den Bekanntheitsgrad von VINILOUREN\u00c7O gepr\u00e4gt hat.<\/p>\n<p>Das Unternehmen verf\u00fcgt derzeit \u00fcber 45 Hektar Weinberge, verteilt auf die Gemeinden Meda und Vila Nova de Foz C\u00f4a. Die Verteilung der verschiedenen Weinbergparzellen \u00fcber Po\u00e7o do Canto, Vale da Teja und Pocinho mit einer gro\u00dfen Vielfalt an Klima, B\u00f6den und H\u00f6henlagen zwischen 160 und 700 m, Schiefer in den unteren Bereichen und Schiefer\/Granit in den h\u00f6heren Bereichen, erm\u00f6glichen dies die Kreation sehr unterschiedlicher Weine. Die Ernte dauert mehr als anderthalb Monate, aber das unterschiedliche Verhalten derselben Rebsorten an verschiedenen Standorten sorgt f\u00fcr eine enorme Vielseitigkeit bei den Weinstilen.<\/p>","protected":false},"excerpt":{"rendered":"<p>Castas: Sous\u00e3o<\/p>\n<p>Cor granada, t\u00edpica do Sous\u00e3o, tornando o vinho quase opaco \u00e0 luz. O aroma \u00e9 delicado, algo austero, sem resqu\u00edcios das frequentes notas herb\u00e1ceas. Na boca, surpreende pelo equil\u00edbrio entre um corpo poderoso, uma acidez vibrante e um aroma atraente, que lhe conferem um final encantador.<br \/>\nModo de Servir: Servir a 16\u00baC, sem necessidade de decanta\u00e7\u00e3o. \u00c9 um vinho ideal para a lampreia, arroz de cabidela lebre com feij\u00e3o branco.<\/p>","protected":false},"featured_media":609,"template":"","meta":{"_exactmetrics_skip_tracking":false,"_exactmetrics_sitenote_active":false,"_exactmetrics_sitenote_note":"","_exactmetrics_sitenote_category":0,"_uf_show_specific_survey":0,"_uf_disable_surveys":false,"iawp_total_views":18},"product_brand":[],"product_cat":[157,184,215],"product_tag":[],"class_list":{"0":"post-12286","1":"product","2":"type-product","3":"status-publish","4":"has-post-thumbnail","6":"product_cat-vinhos","7":"product_cat-tinto","8":"product_cat-douro","10":"first","11":"instock","12":"shipping-taxable","13":"purchasable","14":"product-type-simple"},"_links":{"self":[{"href":"https:\/\/garrafeiragrandeescolha.pt\/de\/wp-json\/wp\/v2\/product\/12286","targetHints":{"allow":["GET"]}}],"collection":[{"href":"https:\/\/garrafeiragrandeescolha.pt\/de\/wp-json\/wp\/v2\/product"}],"about":[{"href":"https:\/\/garrafeiragrandeescolha.pt\/de\/wp-json\/wp\/v2\/types\/product"}],"wp:featuredmedia":[{"embeddable":true,"href":"https:\/\/garrafeiragrandeescolha.pt\/de\/wp-json\/wp\/v2\/media\/609"}],"wp:attachment":[{"href":"https:\/\/garrafeiragrandeescolha.pt\/de\/wp-json\/wp\/v2\/media?parent=12286"}],"wp:term":[{"taxonomy":"product_brand","embeddable":true,"href":"https:\/\/garrafeiragrandeescolha.pt\/de\/wp-json\/wp\/v2\/product_brand?post=12286"},{"taxonomy":"product_cat","embeddable":true,"href":"https:\/\/garrafeiragrandeescolha.pt\/de\/wp-json\/wp\/v2\/product_cat?post=12286"},{"taxonomy":"product_tag","embeddable":true,"href":"https:\/\/garrafeiragrandeescolha.pt\/de\/wp-json\/wp\/v2\/product_tag?post=12286"}],"curies":[{"name":"wp","href":"https:\/\/api.w.org\/{rel}","templated":true}]}}