{"id":12333,"date":"2020-03-22T11:16:34","date_gmt":"2020-03-22T11:16:34","guid":{"rendered":"http:\/\/garrafeiragrandeescolha.pt\/?post_type=product&#038;p=12333"},"modified":"2025-04-16T09:30:27","modified_gmt":"2025-04-16T09:30:27","slug":"soalheiro-espumante-rose","status":"publish","type":"product","link":"https:\/\/garrafeiragrandeescolha.pt\/de\/produkt\/soalheiro-espumante-rose\/","title":{"rendered":"Soalheiro Sparkling Ros\u00e9 75cl"},"content":{"rendered":"<p style=\"text-align: center;\"><img decoding=\"async\" class=\"alignnone size-medium wp-image-19848\" src=\"http:\/\/garrafeiragrandeescolha.pt\/wp-content\/uploads\/2020\/04\/soalheiro-300x101.webp\" alt=\"\" width=\"300\" height=\"101\" srcset=\"https:\/\/garrafeiragrandeescolha.pt\/wp-content\/uploads\/2020\/04\/soalheiro-300x101.webp 300w, https:\/\/garrafeiragrandeescolha.pt\/wp-content\/uploads\/2020\/04\/soalheiro-18x6.webp 18w, https:\/\/garrafeiragrandeescolha.pt\/wp-content\/uploads\/2020\/04\/soalheiro.webp 512w\" sizes=\"(max-width: 300px) 100vw, 300px\" \/><\/p>\n<section class=\"static\">\n<article class=\"hero\">\n<div class=\"article-content\">\n<p>Pioneiro na cria\u00e7\u00e3o do vinho Alvarinho em Melga\u00e7o, e uma refer\u00eancia internacional para os vinhos desta casta, o Soalheiro est\u00e1 perfeitamente integrado na paisagem tipicamente minhota que o rodeia. Nos anos setenta (1974) a paix\u00e3o pela viticultura levou Jo\u00e3o Ant\u00f3nio Cerdeira, com o apoio de seu pai, Ant\u00f3nio Esteves Ferreira, a plantar a primeira vinha de Alvarinho e a criar em 1982 a primeira marca de Alvarinho em Melga\u00e7o e uma das primeiras marcas de Alvarinho na sub-regi\u00e3o de Mon\u00e7\u00e3o e Melga\u00e7o.<\/p>\n<\/div>\n<\/article>\n<\/section>\n<section class=\"static\">\n<article>\n<div class=\"article-content\">\n<p>Localizado em Melga\u00e7o (o ponto mais Norte de Portugal), est\u00e1 protegido por um conjunto de serras que criam as condi\u00e7\u00f5es de necess\u00e1rias \u00e0 melhor matura\u00e7\u00e3o das uvas da casta Alvarinho. Aqui, o Alvarinho \u00e9 especial, o terreno \u00e9 protegido por um conjunto de montanhas que criam condi\u00e7\u00f5es de chuva, temperatura e horas de sol necess\u00e1rias para o melhor amadurecimento das uvas. Esperamos que tamb\u00e9m gostem da sua express\u00e3o vibrante e elegante, algo que nos apaixona&#8230;<\/p>\n<\/div>\n<\/article>\n<\/section>","protected":false},"excerpt":{"rendered":"<p>Castas: Alvarinho e Touriga Nacional<\/p>\n<p>Apresenta cor rosa salm\u00e3o, bolha fina e persistente. O aroma \u00e9 elegante e delicado. O sabor apresenta persist\u00eancia e muita profundidade com uma agrad\u00e1vel complexidade.<\/p>\n<p>Muito vers\u00e1til acompanhando uma grande diversidade de gastronomia. \u00c9 ideal como aperitivo, mas pode acompanhar na perfei\u00e7\u00e3o assados no forno.<\/p>\n<p>Castas: Alvarinho, Touriga Nacional<\/p>","protected":false},"featured_media":728,"template":"","meta":{"_exactmetrics_skip_tracking":false,"_exactmetrics_sitenote_active":false,"_exactmetrics_sitenote_note":"","_exactmetrics_sitenote_category":0,"_uf_show_specific_survey":0,"_uf_disable_surveys":false,"iawp_total_views":7},"product_brand":[],"product_cat":[160,177],"product_tag":[],"class_list":{"0":"post-12333","1":"product","2":"type-product","3":"status-publish","4":"has-post-thumbnail","6":"product_cat-espumantes","7":"product_cat-espumante","9":"first","10":"instock","11":"shipping-taxable","12":"purchasable","13":"product-type-simple"},"_links":{"self":[{"href":"https:\/\/garrafeiragrandeescolha.pt\/de\/wp-json\/wp\/v2\/product\/12333","targetHints":{"allow":["GET"]}}],"collection":[{"href":"https:\/\/garrafeiragrandeescolha.pt\/de\/wp-json\/wp\/v2\/product"}],"about":[{"href":"https:\/\/garrafeiragrandeescolha.pt\/de\/wp-json\/wp\/v2\/types\/product"}],"wp:featuredmedia":[{"embeddable":true,"href":"https:\/\/garrafeiragrandeescolha.pt\/de\/wp-json\/wp\/v2\/media\/728"}],"wp:attachment":[{"href":"https:\/\/garrafeiragrandeescolha.pt\/de\/wp-json\/wp\/v2\/media?parent=12333"}],"wp:term":[{"taxonomy":"product_brand","embeddable":true,"href":"https:\/\/garrafeiragrandeescolha.pt\/de\/wp-json\/wp\/v2\/product_brand?post=12333"},{"taxonomy":"product_cat","embeddable":true,"href":"https:\/\/garrafeiragrandeescolha.pt\/de\/wp-json\/wp\/v2\/product_cat?post=12333"},{"taxonomy":"product_tag","embeddable":true,"href":"https:\/\/garrafeiragrandeescolha.pt\/de\/wp-json\/wp\/v2\/product_tag?post=12333"}],"curies":[{"name":"wp","href":"https:\/\/api.w.org\/{rel}","templated":true}]}}