{"id":12387,"date":"2020-03-22T23:06:49","date_gmt":"2020-03-22T23:06:49","guid":{"rendered":"http:\/\/garrafeiragrandeescolha.pt\/?post_type=product&#038;p=12387"},"modified":"2022-02-04T19:59:58","modified_gmt":"2022-02-04T19:59:58","slug":"licor-35-50-cl","status":"publish","type":"product","link":"https:\/\/garrafeiragrandeescolha.pt\/de\/produkt\/licor-35-50-cl\/","title":{"rendered":"Lik\u00f6r 35 50 cl"},"content":{"rendered":"<p><img decoding=\"async\" class=\"size-full wp-image-15289 aligncenter\" src=\"http:\/\/garrafeiragrandeescolha.pt\/wp-content\/uploads\/2022\/02\/licor-34-logo.png\" alt=\"\" width=\"84\" height=\"88\" \/><\/p>\n<p>Um empreendedor, uma produtora de licor e uma conversa sobre os lusitanos pasteis de nata, originou a grande ideia:<\/p>\n<h4>&#8220;LICOR DE PASTEL DE NATA&#8221;<\/h4>\n<p>Da aventura de desenvolver este cremoso licor surge o seu nome:<\/p>\n<ul>\n<li>Das primeiras 21 amostras desenvolvidas na concep\u00e7\u00e3o do licor, as mais apreciadas foram a 3\u00aa e 5\u00aa, sendo que a uni\u00e3o das duas originou o Licor 35;<\/li>\n<li>Os n\u00fameros 3 e 5, se trocados, revelam a idade do fundador da marca;<\/li>\n<li>Junt\u00e1mos uma pitada de Matem\u00e1tica: 3 5 = 8&#8230; Se deitarmos o 8 obtemos o infinito, e \u00e9 exactamente a\u00ed que a marca pretende chegar.<\/li>\n<\/ul>","protected":false},"excerpt":{"rendered":"<p>Concebido para se beber em qualquer ocasi\u00e3o e a qualquer hora, este licor, \u00fanico com sabor a Portugal, apresenta 14,5% de \u00e1lcool, oferecendo um toque mais leve \u00e0 sua degusta\u00e7\u00e3o.<\/p>\n<p>Para quem pretende conferir originalidade a um cocktail, tomar um agrad\u00e1vel digestivo ou at\u00e9 acompanhar um caf\u00e9, o Licor 35 \u00e9 sempre a certeza de um prazer para todos os sentidos.<\/p>","protected":false},"featured_media":851,"template":"","meta":{"_exactmetrics_skip_tracking":false,"_exactmetrics_sitenote_active":false,"_exactmetrics_sitenote_note":"","_exactmetrics_sitenote_category":0,"_uf_show_specific_survey":0,"_uf_disable_surveys":false,"iawp_total_views":64},"product_brand":[],"product_cat":[161],"product_tag":[],"class_list":{"0":"post-12387","1":"product","2":"type-product","3":"status-publish","4":"has-post-thumbnail","6":"product_cat-licores","8":"first","9":"instock","10":"shipping-taxable","11":"purchasable","12":"product-type-simple"},"_links":{"self":[{"href":"https:\/\/garrafeiragrandeescolha.pt\/de\/wp-json\/wp\/v2\/product\/12387","targetHints":{"allow":["GET"]}}],"collection":[{"href":"https:\/\/garrafeiragrandeescolha.pt\/de\/wp-json\/wp\/v2\/product"}],"about":[{"href":"https:\/\/garrafeiragrandeescolha.pt\/de\/wp-json\/wp\/v2\/types\/product"}],"wp:featuredmedia":[{"embeddable":true,"href":"https:\/\/garrafeiragrandeescolha.pt\/de\/wp-json\/wp\/v2\/media\/851"}],"wp:attachment":[{"href":"https:\/\/garrafeiragrandeescolha.pt\/de\/wp-json\/wp\/v2\/media?parent=12387"}],"wp:term":[{"taxonomy":"product_brand","embeddable":true,"href":"https:\/\/garrafeiragrandeescolha.pt\/de\/wp-json\/wp\/v2\/product_brand?post=12387"},{"taxonomy":"product_cat","embeddable":true,"href":"https:\/\/garrafeiragrandeescolha.pt\/de\/wp-json\/wp\/v2\/product_cat?post=12387"},{"taxonomy":"product_tag","embeddable":true,"href":"https:\/\/garrafeiragrandeescolha.pt\/de\/wp-json\/wp\/v2\/product_tag?post=12387"}],"curies":[{"name":"wp","href":"https:\/\/api.w.org\/{rel}","templated":true}]}}