{"id":12410,"date":"2020-03-23T11:44:40","date_gmt":"2020-03-23T11:44:40","guid":{"rendered":"http:\/\/garrafeiragrandeescolha.pt\/?post_type=product&#038;p=12410"},"modified":"2023-12-28T19:16:06","modified_gmt":"2023-12-28T19:16:06","slug":"marques-de-marialva-reserva-baga-tinto","status":"publish","type":"product","link":"https:\/\/garrafeiragrandeescolha.pt\/de\/produkt\/marques-de-marialva-reserva-baga-tinto\/","title":{"rendered":"Marqu\u00eas de Marialva Reserva Baga Red 2018 75cl"},"content":{"rendered":"<p><img decoding=\"async\" class=\"size-full wp-image-15290 aligncenter\" src=\"http:\/\/garrafeiragrandeescolha.pt\/wp-content\/uploads\/2022\/02\/logo-adega-cantanhede.png\" alt=\"\" width=\"152\" height=\"93\" srcset=\"https:\/\/garrafeiragrandeescolha.pt\/wp-content\/uploads\/2022\/02\/logo-adega-cantanhede.png 152w, https:\/\/garrafeiragrandeescolha.pt\/wp-content\/uploads\/2022\/02\/logo-adega-cantanhede-150x93.png 150w\" sizes=\"(max-width: 152px) 100vw, 152px\" \/><\/p>\n<p>Fundada em 1954 por um conjunto de 100 viticultores, a Adega de Cantanhede conta hoje com 500 viticultores associados activos e uma produ\u00e7\u00e3o anual de 6 a 7 milh\u00f5es de quilos de uva, constituindo-se como o principal produtor da Regi\u00e3o Demarcada da Bairrada, representando cerca de 40% da produ\u00e7\u00e3o global da regi\u00e3o. Hoje certifica cerca de 80% da sua produ\u00e7\u00e3o, sendo l\u00edder destacado nas vendas de vinhos DOC Bairrada DOC e Beira Atl\u00e2ntico IGP.<\/p>\n<p>Reconhecendo a enorme competitividade existente no mercado nacional e internacional, a evolu\u00e7\u00e3o qualitativa dos seus vinhos \u00e9 o resultado da mais moderna tecnologia, com foco na qualidade e seguran\u00e7a alimentar (Adega Certificada pela norma ISO 9001:2015, e mais recentemente pela IFS Food 6.1.), mas tamb\u00e9m da promo\u00e7\u00e3o das castas Portuguesas, que sempre guiou a sua estrat\u00e9gia, particularmente das variedades tradicionais da Bairrada \u2013 Baga, Bical e Maria Gomes \u2013 mas tamb\u00e9m de outras castas Portuguesas que encontram na Bairrada um\u00a0<em>Terroir<\/em>\u00a0de elei\u00e7\u00e3o, como sejam a Touriga Nacional, Aragonez e Arinto, pois acredita que no inequ\u00edvoco potencial de diferencia\u00e7\u00e3o e singularidade que este patrim\u00f3nio confere aos seus vinhos.<\/p>\n<p>O seu portf\u00f3lio inclui uma ampla gama de produtos. Em tinto, branco e rose os seus vinhos v\u00e3o desde os vinhos de mesa at\u00e9 vinhos Premium a que acresce uma vasta gama de Espumantes produzidos exclusivamente pelo M\u00e9todo Cl\u00e1ssico, bem como Aguardentes e Vinhos Fortificados. \u00c9 um portf\u00f3lio que, gra\u00e7as \u00e0 sua diversidade e versatilidade, \u00e9 capaz de atender a diferentes segmentos de mercado, com diferentes graus de exig\u00eancia em qualidade, que resulta na presen\u00e7a dos seus produtos em mais de 20 mercados.<\/p>\n<p>A sua notoriedade enquanto produtor, bem como dos seus vinhos e das suas marcas, vem sendo confirmada e sustentadamente refor\u00e7ada pelos pr\u00e9mios que vem acumulando no seu palmar\u00e9s, o que resulta em mais de 750 distin\u00e7\u00f5es atribu\u00eddas nos mais prestigiados concursos nacionais e internacionais, com destaque para Mundus Vini \u2013 Alemanha, Concours Mondial de Bruxelles, Selections Mondiales du Vins &#8211; Canada, Effervescents du Monde \u2013 Fran\u00e7a, Berliner Wein Trophy \u2013 Alemanha e Japan Wine Challenge. sendo por diversas ocasi\u00f5es o \u00fanico produtor da Bairrada com vinhos premiados nesses concursos e, por isso, hoje um dos mais galardoados produtores da regi\u00e3o.<\/p>\n<p>Em 2015 integrou o TOP 100 dos Melhores Produtores Mundiais, pela WAWWJ \u2013 Associa\u00e7\u00e3o Mundial dos Jornalistas e Cr\u00edticos de Vinho e Bebidas Espirituosas.<\/p>\n<p>Nos \u00faltimos 8 anos foi eleita \u201cMelhor Adega Cooperativa\u201d em Portugal por 3 vezes pela imprensa da especialidade:<\/p>\n<p>&#8211; Fevereiro 2012 &#8211; \u201cMelhor Adega Cooperativa do Ano 2011\u201d pela \u201cRevista de Vinhos\u201d.<\/p>\n<p>&#8211; Janeiro 2017 \u2013 \u201cMelhor Adega Cooperativa\u201d nos Pr\u00e9mios Especiais da Gala do 10\u00ba Anivers\u00e1rio da revista \u201cPaix\u00e3o pelo Vinho\u201d.<\/p>\n<p>&#8211; Fevereiro 2020 &#8211; \u201cMelhor Adega Cooperativa do Ano 2019\u201d pela revista \u201cVinho \u2013 Grandes Escolhas\u201d.<\/p>\n<p>Em 2014 foi considerada &#8220;Melhor Produtor de Espumantes 2013&#8221; pelo Pr\u00e9mios W, de An\u00edbal Coutinho.<\/p>\n<p>Osvaldo Amado, \u00e9 o seu En\u00f3logo Chefe desde 2011. A sua carreira come\u00e7ou em 1987, e hoje acumula uma extensa experi\u00eancia profissional nas mais emblem\u00e1ticas regi\u00f5es vitivin\u00edcolas Portuguesas, com destaque para Bairrada, D\u00e3o, Douro e Verdes, Tejo e Lisboa, mas tamb\u00e9m a n\u00edvel internacional, em Espanha, It\u00e1lia, \u00c1frica do Sul e Brasil.Com mais de 600 milh\u00f5es de garrafas produzidas, j\u00e1 foi eleito por 6 vezes \u201cMelhor En\u00f3logo\u201d pela imprensa da especialidade e institui\u00e7\u00f5es do sector, e os seus vinhos j\u00e1 foram galardoados com mais de 1100 medalhas de Ouro e Prata nos mais prestigiados concursos nacionais e internacionais.<\/p>","protected":false},"excerpt":{"rendered":"<p>Aspecto:\u00a0L\u00edmpido e cristalino<\/p>\n<p>Cor:\u00a0Granada definido<\/p>\n<p>Aroma:\u00a0Predominante em frutos de polpa vermelha maduros e geleia dos mesmos. Apresenta nuances tostadas e de moca.<\/p>\n<p>Sabor:\u00a0Frutado, macio e elegante. Apresenta not\u00f3rio volume de boca e longa persist\u00eancia.<\/p>","protected":false},"featured_media":903,"template":"","meta":{"_exactmetrics_skip_tracking":false,"_exactmetrics_sitenote_active":false,"_exactmetrics_sitenote_note":"","_exactmetrics_sitenote_category":0,"_uf_show_specific_survey":0,"_uf_disable_surveys":false,"iawp_total_views":29},"product_brand":[],"product_cat":[157,184,208],"product_tag":[],"class_list":{"0":"post-12410","1":"product","2":"type-product","3":"status-publish","4":"has-post-thumbnail","6":"product_cat-vinhos","7":"product_cat-tinto","8":"product_cat-bairrada","10":"first","11":"instock","12":"shipping-taxable","13":"purchasable","14":"product-type-simple"},"_links":{"self":[{"href":"https:\/\/garrafeiragrandeescolha.pt\/de\/wp-json\/wp\/v2\/product\/12410","targetHints":{"allow":["GET"]}}],"collection":[{"href":"https:\/\/garrafeiragrandeescolha.pt\/de\/wp-json\/wp\/v2\/product"}],"about":[{"href":"https:\/\/garrafeiragrandeescolha.pt\/de\/wp-json\/wp\/v2\/types\/product"}],"wp:featuredmedia":[{"embeddable":true,"href":"https:\/\/garrafeiragrandeescolha.pt\/de\/wp-json\/wp\/v2\/media\/903"}],"wp:attachment":[{"href":"https:\/\/garrafeiragrandeescolha.pt\/de\/wp-json\/wp\/v2\/media?parent=12410"}],"wp:term":[{"taxonomy":"product_brand","embeddable":true,"href":"https:\/\/garrafeiragrandeescolha.pt\/de\/wp-json\/wp\/v2\/product_brand?post=12410"},{"taxonomy":"product_cat","embeddable":true,"href":"https:\/\/garrafeiragrandeescolha.pt\/de\/wp-json\/wp\/v2\/product_cat?post=12410"},{"taxonomy":"product_tag","embeddable":true,"href":"https:\/\/garrafeiragrandeescolha.pt\/de\/wp-json\/wp\/v2\/product_tag?post=12410"}],"curies":[{"name":"wp","href":"https:\/\/api.w.org\/{rel}","templated":true}]}}