{"id":12416,"date":"2020-03-23T12:02:41","date_gmt":"2020-03-23T12:02:41","guid":{"rendered":"http:\/\/garrafeiragrandeescolha.pt\/?post_type=product&#038;p=12416"},"modified":"2024-02-12T11:57:56","modified_gmt":"2024-02-12T11:57:56","slug":"mirtilito-50-cl","status":"publish","type":"product","link":"https:\/\/garrafeiragrandeescolha.pt\/de\/produkt\/mirtilito-50-cl\/","title":{"rendered":"Blaubeerlik\u00f6r Blaubeere 50cl"},"content":{"rendered":"<p><img decoding=\"async\" class=\"size-full wp-image-15340 aligncenter\" src=\"http:\/\/garrafeiragrandeescolha.pt\/wp-content\/uploads\/2022\/02\/mirtiflor-logo.png\" alt=\"\" width=\"117\" height=\"72\" \/><\/p>\n<p>A MIRTIFLOR \u00e9 uma empresa familiar que se dedica inteiramente \u00e0 agricultura dos pequenos frutos de forma sustentada. Todos os nossos produtos s\u00e3o produzidos de forma aut\u00eantica e artesanal com lotes \u00fanicos e ao ritmo das colheitas pr\u00f3prias da \u00e9poca. O nosso segredo est\u00e1 na qualidade, simplicidade e paix\u00e3o pelo que fazemos.<\/p>","protected":false},"excerpt":{"rendered":"<p>Confeccionados atrav\u00e9s de um processo artesanal e genu\u00edno, usando fruto de cultura tradicional da nossa produ\u00e7\u00e3o certificada. Usamos aguardente v\u00ednica que faz com que o produto final seja de um sabor suave, aveludado e muito agrad\u00e1vel de se beber.<\/p>","protected":false},"featured_media":916,"template":"","meta":{"_exactmetrics_skip_tracking":false,"_exactmetrics_sitenote_active":false,"_exactmetrics_sitenote_note":"","_exactmetrics_sitenote_category":0,"_uf_show_specific_survey":0,"_uf_disable_surveys":false,"iawp_total_views":31},"product_brand":[],"product_cat":[161],"product_tag":[],"class_list":{"0":"post-12416","1":"product","2":"type-product","3":"status-publish","4":"has-post-thumbnail","6":"product_cat-licores","8":"first","9":"instock","10":"shipping-taxable","11":"purchasable","12":"product-type-simple"},"_links":{"self":[{"href":"https:\/\/garrafeiragrandeescolha.pt\/de\/wp-json\/wp\/v2\/product\/12416","targetHints":{"allow":["GET"]}}],"collection":[{"href":"https:\/\/garrafeiragrandeescolha.pt\/de\/wp-json\/wp\/v2\/product"}],"about":[{"href":"https:\/\/garrafeiragrandeescolha.pt\/de\/wp-json\/wp\/v2\/types\/product"}],"wp:featuredmedia":[{"embeddable":true,"href":"https:\/\/garrafeiragrandeescolha.pt\/de\/wp-json\/wp\/v2\/media\/916"}],"wp:attachment":[{"href":"https:\/\/garrafeiragrandeescolha.pt\/de\/wp-json\/wp\/v2\/media?parent=12416"}],"wp:term":[{"taxonomy":"product_brand","embeddable":true,"href":"https:\/\/garrafeiragrandeescolha.pt\/de\/wp-json\/wp\/v2\/product_brand?post=12416"},{"taxonomy":"product_cat","embeddable":true,"href":"https:\/\/garrafeiragrandeescolha.pt\/de\/wp-json\/wp\/v2\/product_cat?post=12416"},{"taxonomy":"product_tag","embeddable":true,"href":"https:\/\/garrafeiragrandeescolha.pt\/de\/wp-json\/wp\/v2\/product_tag?post=12416"}],"curies":[{"name":"wp","href":"https:\/\/api.w.org\/{rel}","templated":true}]}}