{"id":12418,"date":"2020-03-23T12:15:04","date_gmt":"2020-03-23T12:15:04","guid":{"rendered":"http:\/\/garrafeiragrandeescolha.pt\/?post_type=product&#038;p=12418"},"modified":"2024-11-12T09:01:13","modified_gmt":"2024-11-12T09:01:13","slug":"monte-da-cacada-tinto","status":"publish","type":"product","link":"https:\/\/garrafeiragrandeescolha.pt\/de\/produkt\/monte-da-cacada-tinto\/","title":{"rendered":"Monte da Ca\u00e7ada Tinto 2020 75cl"},"content":{"rendered":"<p style=\"text-align: center;\"><img fetchpriority=\"high\" decoding=\"async\" class=\"alignnone size-medium wp-image-15518\" src=\"http:\/\/garrafeiragrandeescolha.pt\/wp-content\/uploads\/2020\/03\/casa-santos-lima-logo-300x300.jpg\" alt=\"\" width=\"300\" height=\"300\" srcset=\"https:\/\/garrafeiragrandeescolha.pt\/wp-content\/uploads\/2020\/03\/casa-santos-lima-logo-300x300.jpg 300w, https:\/\/garrafeiragrandeescolha.pt\/wp-content\/uploads\/2020\/03\/casa-santos-lima-logo-150x150.jpg 150w, https:\/\/garrafeiragrandeescolha.pt\/wp-content\/uploads\/2020\/03\/casa-santos-lima-logo-100x100.jpg 100w, https:\/\/garrafeiragrandeescolha.pt\/wp-content\/uploads\/2020\/03\/casa-santos-lima-logo.jpg 360w\" sizes=\"(max-width: 300px) 100vw, 300px\" \/><\/p>\n<p>Casa Santos Lima ist ein Familienunternehmen, das sich der Produktion, Abf\u00fcllung und Vermarktung portugiesischer Weine widmet. Er arbeitet direkt oder indirekt in den Regionen Lissabon, Algarve, Alentejo, Douro und Vinhos Verdes. Auf diese Weise produziert das Unternehmen auf rund 600 Hektar Weinbergen Weine, die f\u00fcr ihr hervorragendes Preis-Leistungs-Verh\u00e4ltnis bekannt sind, und exportiert rund 901 TP3T ihrer Gesamtproduktion in fast 50 L\u00e4nder auf 5 Kontinenten. Casa Santos Lima ist au\u00dferdem der gr\u00f6\u00dfte Produzent von \u201eVinho Regional Lisboa\u201c und \u201eDOC Alenquer\u201c und war in den letzten Jahren einer der am meisten ausgezeichneten portugiesischen Produzenten bei den wichtigsten nationalen und internationalen Weinwettbewerben.<\/p>\n<p>Derzeit befinden sich die Haupteinrichtungen des Unternehmens (B\u00fcros, Lager und gr\u00f6\u00dfere Weinkeller) in Quinta da Boavista in Alenquer, nur 45 km n\u00f6rdlich der Stadt Lissabon. Diese Quinta geh\u00f6rt seit mehr als 4 Generationen der Familie Santos Lima und bietet ideale Bedingungen f\u00fcr die Herstellung von Qualit\u00e4tswein. Casa Santos Lima verf\u00fcgt au\u00dferdem \u00fcber Weinberge und ein eigenes Weingut in Tavira an der Algarve und betreibt durch Vereinbarungen und Partnerschaften mit anderen Unternehmen und Produzenten auch Weinberge und Weing\u00fcter in den Regionen Alentejo, Douro und Vinhos Verdes.<br \/>\nCasa Santos Lima verf\u00fcgt \u00fcber ein sehr breites Weinportfolio und produziert jedes Jahr in 5 verschiedenen Regionen Rot-, Wei\u00df-, Ros\u00e9-, Schaum-, Schaum-, Leicht- und Sp\u00e4tleseweine. Dieses vielf\u00e4ltige Angebot erm\u00f6glicht dem Unternehmen eine gro\u00dfe Dynamik auf dem nationalen und internationalen Markt und erm\u00f6glicht Jahr f\u00fcr Jahr ein stetiges Wachstum. Derzeit ist Casa Santos Lima f\u00fcr die Produktion von rund 401 TP3T aller zertifizierten Weine in der Region Lissabon verantwortlich und einer der Hauptexporteure portugiesischen Weins.<\/p>","protected":false},"excerpt":{"rendered":"<p>Da melhor sele\u00e7\u00e3o de uvas Alicante Bouschet, este vinho estagiou nove meses em barricas de carvalho franc\u00eas e americano. \u00c9 um vinho de corpo cheio mostrando uma cor densa e oferecendo uma experi\u00eancia \u00fanica de vinhos do Alentejo. Combina na perfei\u00e7\u00e3o com comida e tem uma excelente capacidade de envelhecimento.<\/p>","protected":false},"featured_media":920,"template":"","meta":{"_exactmetrics_skip_tracking":false,"_exactmetrics_sitenote_active":false,"_exactmetrics_sitenote_note":"","_exactmetrics_sitenote_category":0,"_uf_show_specific_survey":0,"_uf_disable_surveys":false,"iawp_total_views":124},"product_brand":[],"product_cat":[157,184,207],"product_tag":[],"class_list":{"0":"post-12418","1":"product","2":"type-product","3":"status-publish","4":"has-post-thumbnail","6":"product_cat-vinhos","7":"product_cat-tinto","8":"product_cat-alentejo","10":"first","11":"instock","12":"shipping-taxable","13":"purchasable","14":"product-type-simple"},"_links":{"self":[{"href":"https:\/\/garrafeiragrandeescolha.pt\/de\/wp-json\/wp\/v2\/product\/12418","targetHints":{"allow":["GET"]}}],"collection":[{"href":"https:\/\/garrafeiragrandeescolha.pt\/de\/wp-json\/wp\/v2\/product"}],"about":[{"href":"https:\/\/garrafeiragrandeescolha.pt\/de\/wp-json\/wp\/v2\/types\/product"}],"wp:featuredmedia":[{"embeddable":true,"href":"https:\/\/garrafeiragrandeescolha.pt\/de\/wp-json\/wp\/v2\/media\/920"}],"wp:attachment":[{"href":"https:\/\/garrafeiragrandeescolha.pt\/de\/wp-json\/wp\/v2\/media?parent=12418"}],"wp:term":[{"taxonomy":"product_brand","embeddable":true,"href":"https:\/\/garrafeiragrandeescolha.pt\/de\/wp-json\/wp\/v2\/product_brand?post=12418"},{"taxonomy":"product_cat","embeddable":true,"href":"https:\/\/garrafeiragrandeescolha.pt\/de\/wp-json\/wp\/v2\/product_cat?post=12418"},{"taxonomy":"product_tag","embeddable":true,"href":"https:\/\/garrafeiragrandeescolha.pt\/de\/wp-json\/wp\/v2\/product_tag?post=12418"}],"curies":[{"name":"wp","href":"https:\/\/api.w.org\/{rel}","templated":true}]}}