{"id":12431,"date":"2020-03-23T13:13:03","date_gmt":"2020-03-23T13:13:03","guid":{"rendered":"http:\/\/garrafeiragrandeescolha.pt\/?post_type=product&#038;p=12431"},"modified":"2024-09-06T14:51:39","modified_gmt":"2024-09-06T14:51:39","slug":"nunes-barata-grande-reserva-tinto","status":"publish","type":"product","link":"https:\/\/garrafeiragrandeescolha.pt\/de\/produkt\/nunes-barata-grande-reserva-tinto\/","title":{"rendered":"Nunes Barata Grande Reserva Tinto 2013 75cl"},"content":{"rendered":"<p><img fetchpriority=\"high\" decoding=\"async\" class=\"size-full wp-image-15315 aligncenter\" src=\"http:\/\/garrafeiragrandeescolha.pt\/wp-content\/uploads\/2022\/02\/logo-nunes-barata.png\" alt=\"\" width=\"280\" height=\"300\" \/><\/p>\n<p><strong>Nunes Barata<\/strong>\u00a0\u00e9 um projecto vitivin\u00edcola com origem em Cabe\u00e7\u00e3o, concelho de Mora, no Alto Alentejo. Esta zona, fruto de um\u00a0<em>terroir<\/em>\u00a0de exce\u00e7\u00e3o tem um distinto historial na produ\u00e7\u00e3o de vinhos de qualidade, plenos de car\u00e1cter e foi conhecida pelos seus afamados vinhos em talha. Aqui, a vinha e vinho foram, desde sempre, a principal actividade econ\u00f3mica.<\/p>\n<p>Os irm\u00e3os\u00a0<strong>Lu\u00eds Miguel<\/strong>\u00a0Es ist\u00a0<strong>Jos\u00e9 Manuel<\/strong>\u00a0representam a s\u00e9tima gera\u00e7\u00e3o da fam\u00edlia\u00a0<strong>Nunes Barata<\/strong>, que sempre teve fortes tradi\u00e7\u00f5es na vitivinicultura, dando assim seguimento a uma tradi\u00e7\u00e3o familiar que j\u00e1 vem do in\u00edcio do s\u00e9culo XIX.<\/p>\n<p>&nbsp;<\/p>\n<p><em><span class=\"quote-content\">&#8220;Cabe\u00e7\u00e3o \u00e9 um lugar tradicional de produ\u00e7\u00e3o de vinhos alentejanos. A condi\u00e7\u00e3o particular do clima e do solo, associadas a castas bem adaptadas, levaram-nos a retomar, com tecnologia avan\u00e7ada, a produ\u00e7\u00e3o de vinho, onde desde 1836 j\u00e1 o fizeram os nossos av\u00f3s.&#8221;<\/span><\/em><\/p>\n<p><span class=\"quote-meta\">Lu\u00eds Miguel e Jos\u00e9 Manuel Nunes Barata<\/span><\/p>","protected":false},"excerpt":{"rendered":"<p>De cor intensa, aroma de frutos maduros. \u00c9 persistente na boca com taninos finos e elegantes.<\/p>\n<p>\u00c9 produzido com as castas Syrah, Alicante Bouschet, Cabernet Sauvignon e Touriga Nacional.<br \/>\nEstagia em barricas de Carvalho Franc\u00eas durante 12 meses.<\/p>","protected":false},"featured_media":949,"template":"","meta":{"_exactmetrics_skip_tracking":false,"_exactmetrics_sitenote_active":false,"_exactmetrics_sitenote_note":"","_exactmetrics_sitenote_category":0,"_uf_show_specific_survey":0,"_uf_disable_surveys":false,"iawp_total_views":55},"product_brand":[],"product_cat":[162,157,184,207],"product_tag":[],"class_list":{"0":"post-12431","1":"product","2":"type-product","3":"status-publish","4":"has-post-thumbnail","6":"product_cat-raridades","7":"product_cat-vinhos","8":"product_cat-tinto","9":"product_cat-alentejo","11":"first","12":"instock","13":"shipping-taxable","14":"purchasable","15":"product-type-simple"},"_links":{"self":[{"href":"https:\/\/garrafeiragrandeescolha.pt\/de\/wp-json\/wp\/v2\/product\/12431","targetHints":{"allow":["GET"]}}],"collection":[{"href":"https:\/\/garrafeiragrandeescolha.pt\/de\/wp-json\/wp\/v2\/product"}],"about":[{"href":"https:\/\/garrafeiragrandeescolha.pt\/de\/wp-json\/wp\/v2\/types\/product"}],"wp:featuredmedia":[{"embeddable":true,"href":"https:\/\/garrafeiragrandeescolha.pt\/de\/wp-json\/wp\/v2\/media\/949"}],"wp:attachment":[{"href":"https:\/\/garrafeiragrandeescolha.pt\/de\/wp-json\/wp\/v2\/media?parent=12431"}],"wp:term":[{"taxonomy":"product_brand","embeddable":true,"href":"https:\/\/garrafeiragrandeescolha.pt\/de\/wp-json\/wp\/v2\/product_brand?post=12431"},{"taxonomy":"product_cat","embeddable":true,"href":"https:\/\/garrafeiragrandeescolha.pt\/de\/wp-json\/wp\/v2\/product_cat?post=12431"},{"taxonomy":"product_tag","embeddable":true,"href":"https:\/\/garrafeiragrandeescolha.pt\/de\/wp-json\/wp\/v2\/product_tag?post=12431"}],"curies":[{"name":"wp","href":"https:\/\/api.w.org\/{rel}","templated":true}]}}