{"id":12465,"date":"2020-03-23T23:05:25","date_gmt":"2020-03-23T23:05:25","guid":{"rendered":"http:\/\/garrafeiragrandeescolha.pt\/?post_type=product&#038;p=12465"},"modified":"2022-02-08T17:18:08","modified_gmt":"2022-02-08T17:18:08","slug":"porto-grahams-tawny-20-anos","status":"publish","type":"product","link":"https:\/\/garrafeiragrandeescolha.pt\/de\/produkt\/porto-grahams-tawny-20-anos\/","title":{"rendered":"Graham&#039;s Tawny Port 20 Jahre 75cl"},"content":{"rendered":"<p><img fetchpriority=\"high\" decoding=\"async\" class=\"size-medium wp-image-15548 aligncenter\" src=\"http:\/\/garrafeiragrandeescolha.pt\/wp-content\/uploads\/2020\/03\/grahams-logo-300x190.jpg\" alt=\"\" width=\"300\" height=\"190\" srcset=\"https:\/\/garrafeiragrandeescolha.pt\/wp-content\/uploads\/2020\/03\/grahams-logo-300x190.jpg 300w, https:\/\/garrafeiragrandeescolha.pt\/wp-content\/uploads\/2020\/03\/grahams-logo-768x487.jpg 768w, https:\/\/garrafeiragrandeescolha.pt\/wp-content\/uploads\/2020\/03\/grahams-logo-600x380.jpg 600w, https:\/\/garrafeiragrandeescolha.pt\/wp-content\/uploads\/2020\/03\/grahams-logo.jpg 1024w\" sizes=\"(max-width: 300px) 100vw, 300px\" \/><\/p>\n<p>Die Geschichte zweier Familien \u00fcber drei Jahrhunderte. Seit fast zweihundert Jahren ist W &amp; J Graham&#039;s ein unabh\u00e4ngiges Familienunternehmen, das f\u00fcr die Herstellung der besten Portweine bekannt ist.<\/p>\n<p>Graham&#039;s war schon immer ein Pionier. Graham&#039;s war eines der ersten Porto-Unternehmen, das 1890 in seine eigenen Weinberge im portugiesischen Douro-Tal investierte und steht heute an der Spitze der Innovation bei Weinherstellungstechniken. Heute teilen sich f\u00fcnf Cousins aus Symington die Verantwortung f\u00fcr alle Aspekte des Unternehmens und stellen pers\u00f6nlich Graham&#039;s Weine her. Sie sind seit vielen Generationen auch mit Porto und dem Douro verbunden, ihre Vorfahren reichen bis in die Mitte des 17. Jahrhunderts zur\u00fcck.<\/p>","protected":false},"excerpt":{"rendered":"<p>Apresenta uma cor \u00e2mbar e tawny dourado. No nariz, aroma c\/ caracter\u00edsticas espec\u00edficas de nozes e frutos amadurecidos com notas de casca de laranja, requintadamente aveludados por cuidado envelhecimento. Na boca \u00e9 rico, levemente adocicado e suave.<\/p>\n<p>Acompanha extremamente bem nozes, frutos secos e bolo ingl\u00eas, mas tamb\u00e9m gelado de baunilha ou leite-creme. Recomendamos servir ligeiramente fresco, para acentuar o gosto e o prazer da experi\u00eancia.<\/p>","protected":false},"featured_media":1041,"template":"","meta":{"_exactmetrics_skip_tracking":false,"_exactmetrics_sitenote_active":false,"_exactmetrics_sitenote_note":"","_exactmetrics_sitenote_category":0,"_uf_show_specific_survey":0,"_uf_disable_surveys":false,"iawp_total_views":5},"product_brand":[],"product_cat":[159,175],"product_tag":[],"class_list":{"0":"post-12465","1":"product","2":"type-product","3":"status-publish","4":"has-post-thumbnail","6":"product_cat-portos","7":"product_cat-porto-10-20-30-40-50-80","9":"first","10":"instock","11":"shipping-taxable","12":"purchasable","13":"product-type-simple"},"_links":{"self":[{"href":"https:\/\/garrafeiragrandeescolha.pt\/de\/wp-json\/wp\/v2\/product\/12465","targetHints":{"allow":["GET"]}}],"collection":[{"href":"https:\/\/garrafeiragrandeescolha.pt\/de\/wp-json\/wp\/v2\/product"}],"about":[{"href":"https:\/\/garrafeiragrandeescolha.pt\/de\/wp-json\/wp\/v2\/types\/product"}],"wp:featuredmedia":[{"embeddable":true,"href":"https:\/\/garrafeiragrandeescolha.pt\/de\/wp-json\/wp\/v2\/media\/1041"}],"wp:attachment":[{"href":"https:\/\/garrafeiragrandeescolha.pt\/de\/wp-json\/wp\/v2\/media?parent=12465"}],"wp:term":[{"taxonomy":"product_brand","embeddable":true,"href":"https:\/\/garrafeiragrandeescolha.pt\/de\/wp-json\/wp\/v2\/product_brand?post=12465"},{"taxonomy":"product_cat","embeddable":true,"href":"https:\/\/garrafeiragrandeescolha.pt\/de\/wp-json\/wp\/v2\/product_cat?post=12465"},{"taxonomy":"product_tag","embeddable":true,"href":"https:\/\/garrafeiragrandeescolha.pt\/de\/wp-json\/wp\/v2\/product_tag?post=12465"}],"curies":[{"name":"wp","href":"https:\/\/api.w.org\/{rel}","templated":true}]}}