{"id":12533,"date":"2020-03-24T23:43:44","date_gmt":"2020-03-24T23:43:44","guid":{"rendered":"http:\/\/garrafeiragrandeescolha.pt\/?post_type=product&#038;p=12533"},"modified":"2025-07-18T18:13:32","modified_gmt":"2025-07-18T18:13:32","slug":"quinta-de-gomariz-espadeiro-75-cl","status":"publish","type":"product","link":"https:\/\/garrafeiragrandeescolha.pt\/de\/produkt\/quinta-de-gomariz-espadeiro-75-cl\/","title":{"rendered":"Quinta de Gomariz Espadeiro 75cl"},"content":{"rendered":"<p><img decoding=\"async\" class=\"aligncenter\" src=\"http:\/\/garrafeiragrandeescolha.pt\/wp-content\/uploads\/2020\/03\/gomariz-logo.png\" \/><\/p>\n<p>A Quinta de Gomariz est\u00e1 localizada na Sub-Regi\u00e3o do Vale do Ave, cora\u00e7\u00e3o da regi\u00e3o dos Vinhos Verdes, entre as cidades do Porto e Braga. Tendo hoje uma \u00e1rea com aproximadamente 17 hectares, suas vinhas t\u00eam excelentes caracter\u00edsticas para a produ\u00e7\u00e3o de Vinho Verde da mais alta qualidade.<\/p>\n<p>A pesquisa e inova\u00e7\u00e3o s\u00e3o os nossos principais aliados, na produ\u00e7\u00e3o de vinhos\u00a0 de excelente qualidade, que t\u00eam recebido reconhecimento nacional e internacional ano ap\u00f3s ano.<\/p>\n<p>Num edif\u00edcio constru\u00eddo de raiz, nasceu a Adega, com o prop\u00f3sito de albergar a \u201cNova Gera\u00e7\u00e3o dos Vinhos Verdes\u201d. A constru\u00e7\u00e3o vers\u00e1til e funcional, onde \u00e9 usada a mais moderna tecnologia, em que a pesquisa cont\u00ednua e a inova\u00e7\u00e3o s\u00e3o os principais aliados, para a elabora\u00e7\u00e3o de um vinho com um perfil \u00fanico e vanguardista.<\/p>\n<p>Expondo toda a zona \u00e0 influencia do Oceano Atl\u00e2ntico, fen\u00f3meno refor\u00e7ado pela orienta\u00e7\u00e3o dos vales dos principais rios, que correndo de nascente para poente facilitam a penetra\u00e7\u00e3o dos ventos mar\u00edtimos<\/p>\n<p>A actual Regi\u00e3o Demarcada dos Vinhos Verdes estende-se por todo o noroeste do pa\u00eds. Tem como limites a norte o rio Minho (fronteira com a Galiza), a nascente e a sul zonas montanhosas que constituem a separa\u00e7\u00e3o natural entre o Entre-Douro-e-Minho-Atl\u00e2ntico e as zonas do pa\u00eds mais interiores de caracter\u00edsticas mais mediterr\u00e2nicas, e,\u00a0 por \u00faltimo, o Oceano Atl\u00e2ntico que constitui o seu limite a poente.. a.o.<\/p>","protected":false},"excerpt":{"rendered":"<p>Unicamente da casta Espadeiro, \u00e9 um vinho com tonalidades salmonadas, aroma vivo e sedutor, com presen\u00e7a de notas florais e frutas silvestres,<br \/>\nrevelando na boca todo o seu esplendor.<\/p>\n<p>A sua frescura e eleg\u00e2ncia \u00e9 ideal para acompanhar saladas, peixe, carnes brancas ou pratos de ca\u00e7a.<\/p>","protected":false},"featured_media":1219,"template":"","meta":{"_exactmetrics_skip_tracking":false,"_exactmetrics_sitenote_active":false,"_exactmetrics_sitenote_note":"","_exactmetrics_sitenote_category":0,"_uf_show_specific_survey":0,"_uf_disable_surveys":false,"iawp_total_views":18},"product_brand":[],"product_cat":[157,206,186],"product_tag":[],"class_list":{"0":"post-12533","1":"product","2":"type-product","3":"status-publish","4":"has-post-thumbnail","6":"product_cat-vinhos","7":"product_cat-vinhos-verdes","8":"product_cat-rose","10":"first","11":"instock","12":"shipping-taxable","13":"purchasable","14":"product-type-simple"},"_links":{"self":[{"href":"https:\/\/garrafeiragrandeescolha.pt\/de\/wp-json\/wp\/v2\/product\/12533","targetHints":{"allow":["GET"]}}],"collection":[{"href":"https:\/\/garrafeiragrandeescolha.pt\/de\/wp-json\/wp\/v2\/product"}],"about":[{"href":"https:\/\/garrafeiragrandeescolha.pt\/de\/wp-json\/wp\/v2\/types\/product"}],"wp:featuredmedia":[{"embeddable":true,"href":"https:\/\/garrafeiragrandeescolha.pt\/de\/wp-json\/wp\/v2\/media\/1219"}],"wp:attachment":[{"href":"https:\/\/garrafeiragrandeescolha.pt\/de\/wp-json\/wp\/v2\/media?parent=12533"}],"wp:term":[{"taxonomy":"product_brand","embeddable":true,"href":"https:\/\/garrafeiragrandeescolha.pt\/de\/wp-json\/wp\/v2\/product_brand?post=12533"},{"taxonomy":"product_cat","embeddable":true,"href":"https:\/\/garrafeiragrandeescolha.pt\/de\/wp-json\/wp\/v2\/product_cat?post=12533"},{"taxonomy":"product_tag","embeddable":true,"href":"https:\/\/garrafeiragrandeescolha.pt\/de\/wp-json\/wp\/v2\/product_tag?post=12533"}],"curies":[{"name":"wp","href":"https:\/\/api.w.org\/{rel}","templated":true}]}}