{"id":12539,"date":"2020-03-25T00:07:02","date_gmt":"2020-03-25T00:07:02","guid":{"rendered":"http:\/\/garrafeiragrandeescolha.pt\/?post_type=product&#038;p=12539"},"modified":"2023-05-11T14:23:58","modified_gmt":"2023-05-11T14:23:58","slug":"quinta-de-ventozelo-syrah-unoaked-tinto","status":"publish","type":"product","link":"https:\/\/garrafeiragrandeescolha.pt\/de\/produkt\/quinta-de-ventozelo-syrah-unoaked-tinto\/","title":{"rendered":"Ventozelo Syrah Unoaked Tinto 75cl"},"content":{"rendered":"<p><img decoding=\"async\" class=\"size-medium wp-image-15068 aligncenter\" src=\"http:\/\/garrafeiragrandeescolha.pt\/wp-content\/uploads\/2022\/02\/ventozelo-logo-300x155.png\" alt=\"\" width=\"300\" height=\"155\" srcset=\"https:\/\/garrafeiragrandeescolha.pt\/wp-content\/uploads\/2022\/02\/ventozelo-logo-300x155.png 300w, https:\/\/garrafeiragrandeescolha.pt\/wp-content\/uploads\/2022\/02\/ventozelo-logo.png 400w\" sizes=\"(max-width: 300px) 100vw, 300px\" \/><\/p>\n<p>Quinta de Ventozelo war ein Land, das von Zisterzienserm\u00f6nchen, gro\u00dfen F\u00f6rderern der lokalen Landwirtschaft und Begr\u00fcndern des Portweins, bewirtschaftet wurde und die Region im Mittelalter bev\u00f6lkerte. Die erste historische Erw\u00e4hnung von Ventozelo stammt aus dem Jahr 1288, aber um 1500, aufgrund der Unterbringung im Zisterzienserkloster S. Pedro das \u00c1guias, das in den Besitz der Adligen von Casa do Po\u00e7o in Lamego gelangte, die es als Kloster gr\u00fcndeten Quinta.<br \/>\nDies ist eine der gr\u00f6\u00dften und \u00e4ltesten Quintas im Douro. Im Laufe der Jahrhunderte ging es durch verschiedene H\u00e4nde, die es zu dem formten und verwandelten, was es heute ist.<\/p>\n<p>Im Jahr 2014 wurde Quinta de Ventozelo von Gran Cruz \u00fcbernommen, dem gr\u00f6\u00dften Portwein-Exportunternehmen in Portugal, das seine Trauben seit 2011 verarbeitet.<br \/>\nVon diesem Moment an zielt die Strategie von Gran Cruz darauf ab, das enorme Potenzial der Immobilie zu sch\u00e4tzen. Dabei geht es nicht nur darum, an der F\u00fclle und Vielfalt seiner Weine zu arbeiten, sondern auch in Oliven\u00f6l, Weintourismus und Naturtourismus zu investieren.<br \/>\nIn v\u00f6lliger Verbundenheit mit diesem Ort und seinem Terroir liegt bei allen entwickelten Arbeiten das Hauptaugenmerk darauf, seine Einfachheit und Authentizit\u00e4t hervorzuheben und zu bewahren.<\/p>","protected":false},"excerpt":{"rendered":"<p>Este vinho mostra uma bela cor rubi e aromas intensos de frutos vermelhos, quase em compota, e especiarias. \u00c9 um vinho potente na boca, mas muito redondo, com taninos muito finos e bem maduros.<\/p>\n<p>Acompanha bem pratos de carnes grelhadas.<\/p>","protected":false},"featured_media":1233,"template":"","meta":{"_exactmetrics_skip_tracking":false,"_exactmetrics_sitenote_active":false,"_exactmetrics_sitenote_note":"","_exactmetrics_sitenote_category":0,"_uf_show_specific_survey":0,"_uf_disable_surveys":false,"iawp_total_views":8},"product_brand":[],"product_cat":[157,184,215],"product_tag":[],"class_list":{"0":"post-12539","1":"product","2":"type-product","3":"status-publish","4":"has-post-thumbnail","6":"product_cat-vinhos","7":"product_cat-tinto","8":"product_cat-douro","10":"first","11":"instock","12":"shipping-taxable","13":"purchasable","14":"product-type-simple"},"_links":{"self":[{"href":"https:\/\/garrafeiragrandeescolha.pt\/de\/wp-json\/wp\/v2\/product\/12539","targetHints":{"allow":["GET"]}}],"collection":[{"href":"https:\/\/garrafeiragrandeescolha.pt\/de\/wp-json\/wp\/v2\/product"}],"about":[{"href":"https:\/\/garrafeiragrandeescolha.pt\/de\/wp-json\/wp\/v2\/types\/product"}],"wp:featuredmedia":[{"embeddable":true,"href":"https:\/\/garrafeiragrandeescolha.pt\/de\/wp-json\/wp\/v2\/media\/1233"}],"wp:attachment":[{"href":"https:\/\/garrafeiragrandeescolha.pt\/de\/wp-json\/wp\/v2\/media?parent=12539"}],"wp:term":[{"taxonomy":"product_brand","embeddable":true,"href":"https:\/\/garrafeiragrandeescolha.pt\/de\/wp-json\/wp\/v2\/product_brand?post=12539"},{"taxonomy":"product_cat","embeddable":true,"href":"https:\/\/garrafeiragrandeescolha.pt\/de\/wp-json\/wp\/v2\/product_cat?post=12539"},{"taxonomy":"product_tag","embeddable":true,"href":"https:\/\/garrafeiragrandeescolha.pt\/de\/wp-json\/wp\/v2\/product_tag?post=12539"}],"curies":[{"name":"wp","href":"https:\/\/api.w.org\/{rel}","templated":true}]}}