{"id":12549,"date":"2020-03-25T09:53:14","date_gmt":"2020-03-25T09:53:14","guid":{"rendered":"http:\/\/garrafeiragrandeescolha.pt\/?post_type=product&#038;p=12549"},"modified":"2022-11-21T17:34:19","modified_gmt":"2022-11-21T17:34:19","slug":"quinta-do-estanho-reserva-branco-2018-75cl","status":"publish","type":"product","link":"https:\/\/garrafeiragrandeescolha.pt\/de\/produkt\/quinta-do-estanho-reserva-branco-2018-75cl\/","title":{"rendered":"Quinta do Estanho Reserva Branco 75cl"},"content":{"rendered":"<p><img fetchpriority=\"high\" decoding=\"async\" class=\"size-full wp-image-15248 aligncenter\" src=\"http:\/\/garrafeiragrandeescolha.pt\/wp-content\/uploads\/2022\/02\/estanho-logo.png\" alt=\"\" width=\"237\" height=\"222\" \/><\/p>\n<p>Von der ersten Traube\u2026<\/p>\n<p>An den schroffen und steilen H\u00e4ngen des Douro produziert der Weinstock durch den Segen der Sonne und die Kunst des Menschen Nektar, der der Tafel der G\u00f6tter w\u00fcrdig ist.<\/p>\n<p>Der arch\u00e4ologische Ruhm des Douro geht auf die Weinindustrie zur\u00fcck. Tats\u00e4chlich reisten Menschen durch diese Region, die den Reichtum des Untergrunds entdeckten. Sie nutzten Gold und Zinn, die nicht nur reichlich vorhanden waren, sondern auch mit rudiment\u00e4ren Mitteln aus pr\u00e4historischen Zeiten abgebaut werden konnten.<\/p>\n<p>Von der Dose zum Wein war ein Schritt. Und am linken Ufer des Flusses Pinh\u00e3o, der als uralt gilt, liegt \u201eQuinta do Estanho\u201c, bekannt nach dem Namen des dort vorkommenden Minerals. Nach der Erkundung des Untergrundes erfolgt die Bewirtschaftung der Weinberge.<\/p>","protected":false},"excerpt":{"rendered":"<p>Cor amarelo palha. Notas de fruta citrina (toranja e lim\u00e3o), baunilha e cereal tostado de grande eleg\u00e2ncia. Sabor fresco e mineral, com grande persist\u00eancia.<\/p>\n<p>Acompanha bem charcutaria especiada, peixes assados no forno, carnes brancas e ainda queijos de estrutura m\u00e9dia. Servir a 10\u00baC.<\/p>","protected":false},"featured_media":1291,"template":"","meta":{"_exactmetrics_skip_tracking":false,"_exactmetrics_sitenote_active":false,"_exactmetrics_sitenote_note":"","_exactmetrics_sitenote_category":0,"_uf_show_specific_survey":0,"_uf_disable_surveys":false,"iawp_total_views":13},"product_brand":[],"product_cat":[157,185,188],"product_tag":[],"class_list":{"0":"post-12549","1":"product","2":"type-product","3":"status-publish","4":"has-post-thumbnail","6":"product_cat-vinhos","7":"product_cat-branco","8":"product_cat-douro-branco","10":"first","11":"instock","12":"shipping-taxable","13":"purchasable","14":"product-type-simple"},"_links":{"self":[{"href":"https:\/\/garrafeiragrandeescolha.pt\/de\/wp-json\/wp\/v2\/product\/12549","targetHints":{"allow":["GET"]}}],"collection":[{"href":"https:\/\/garrafeiragrandeescolha.pt\/de\/wp-json\/wp\/v2\/product"}],"about":[{"href":"https:\/\/garrafeiragrandeescolha.pt\/de\/wp-json\/wp\/v2\/types\/product"}],"wp:featuredmedia":[{"embeddable":true,"href":"https:\/\/garrafeiragrandeescolha.pt\/de\/wp-json\/wp\/v2\/media\/1291"}],"wp:attachment":[{"href":"https:\/\/garrafeiragrandeescolha.pt\/de\/wp-json\/wp\/v2\/media?parent=12549"}],"wp:term":[{"taxonomy":"product_brand","embeddable":true,"href":"https:\/\/garrafeiragrandeescolha.pt\/de\/wp-json\/wp\/v2\/product_brand?post=12549"},{"taxonomy":"product_cat","embeddable":true,"href":"https:\/\/garrafeiragrandeescolha.pt\/de\/wp-json\/wp\/v2\/product_cat?post=12549"},{"taxonomy":"product_tag","embeddable":true,"href":"https:\/\/garrafeiragrandeescolha.pt\/de\/wp-json\/wp\/v2\/product_tag?post=12549"}],"curies":[{"name":"wp","href":"https:\/\/api.w.org\/{rel}","templated":true}]}}