{"id":12564,"date":"2020-03-25T10:49:41","date_gmt":"2020-03-25T10:49:41","guid":{"rendered":"http:\/\/garrafeiragrandeescolha.pt\/?post_type=product&#038;p=12564"},"modified":"2025-10-21T16:41:44","modified_gmt":"2025-10-21T16:41:44","slug":"quinta-dos-avidagos-reserva-tinto","status":"publish","type":"product","link":"https:\/\/garrafeiragrandeescolha.pt\/de\/produkt\/quinta-dos-avidagos-reserva-tinto\/","title":{"rendered":"Quinta dos Avidagos Reserva Tinto 2017 75cl"},"content":{"rendered":"<p><img decoding=\"async\" class=\"size-full wp-image-18586 aligncenter\" src=\"http:\/\/garrafeiragrandeescolha.pt\/wp-content\/uploads\/2024\/01\/avidagos-logo.jpg\" alt=\"\" width=\"250\" height=\"150\" srcset=\"https:\/\/garrafeiragrandeescolha.pt\/wp-content\/uploads\/2024\/01\/avidagos-logo.jpg 250w, https:\/\/garrafeiragrandeescolha.pt\/wp-content\/uploads\/2024\/01\/avidagos-logo-18x12.jpg 18w\" sizes=\"(max-width: 250px) 100vw, 250px\" \/><\/p>\n<p>Der erste Bauernhof ist seit 1670 im Besitz der Familie. Heute gibt es 4 Bauernh\u00f6fe mit insgesamt 80 Hektar: Firvida und Al\u00e9m Tanha, Avidagos, Torr\u00e3o und Varanda. Die Tradition besteht seit jeher darin, die Trauben an Casas do Vinho do Porto zu verkaufen, doch ab 1996 begannen die ersten Versuche zur Eigenproduktion bei Quinta dos Avidagos.<\/p>\n<p>Quintas da Firvida, Torr\u00e3o und Varanda sind bereits in der Karte des Weinlandes enthalten, die Baron de Forrester im 19. Jahrhundert angefertigt hat. Im Jahr 1999 wurde ein Weinkeller mit den neuesten technologischen Fortschritten gebaut, der die Herstellung hochwertiger Weine erm\u00f6glicht. Gleichzeitig wurde das alte Portweinlager umgebaut, um auch als Lagerplatz f\u00fcr die F\u00e4sser dienen zu k\u00f6nnen.<\/p>\n<p>Derzeit verf\u00fcgt Quinta dos Avidagos \u00fcber ein umfangreiches Sortiment, das von Avidagos White, Ros\u00e9 und Red \u00fcber Quinta dos Avidagos Reserva White, Ros\u00e9 und Red, Quinta do Al\u00e9m Tanha Red bis hin zu Quinta dos Avidagos Grande Reserva Red reicht. Derzeit auch mit Portwein.<\/p>\n<p>Die einheimischen Rebsorten wie Touriga Nacional, Touriga Franca und Tinta Roriz f\u00fcr die Rotweine und Gouveio, Rabigato oder Viosinho f\u00fcr die Wei\u00dfweine erm\u00f6glichen es uns, die ganze Pers\u00f6nlichkeit und den Charakter der \u201eTerroirs\u201c des Douro zu erhalten.<\/p>\n<p>Ziel ist die Kombination modernster \u00d6nologie mit traditioneller Fu\u00dfarbeit in Granitm\u00fchlen, um Weine von ausgezeichneter Qualit\u00e4t mit internationalem Profil und dem Charakter unseres Landes zu produzieren. Die Exzellenz der Weinkultur, die Verwendung traditioneller Rebsorten sowie die baulichen und menschlichen Gegebenheiten des Projekts sind das Geheimnis unseres Erfolgs. Der Douro ist wirklich einzigartig, einzigartig. Die Weine wurden von Kritikern hinsichtlich ihrer Qualit\u00e4t hervorgehoben und die Verk\u00e4ufe sowohl im Inland als auch auf den Exportm\u00e4rkten stiegen.<\/p>","protected":false},"excerpt":{"rendered":"<p>A primeira quinta est\u00e1 na fam\u00edlia desde 1670. Hoje j\u00e1 s\u00e3o 4 quintas, com 80 hectares ao todo: Firvida e Al\u00e9m Tanha, Avidagos, Torr\u00e3o e Varanda. A tradi\u00e7\u00e3o sempre foi vender as uvas \u00e0s Casas do Vinho do Porto mas, a partir de 1996 come\u00e7am os primeiros ensaios para produ\u00e7\u00e3o pr\u00f3pria na Quinta dos Avidagos. [&hellip;]<\/p>","protected":false},"featured_media":1322,"template":"","meta":{"_exactmetrics_skip_tracking":false,"_exactmetrics_sitenote_active":false,"_exactmetrics_sitenote_note":"","_exactmetrics_sitenote_category":0,"_uf_show_specific_survey":0,"_uf_disable_surveys":false,"iawp_total_views":48},"product_brand":[],"product_cat":[215,184,157],"product_tag":[],"class_list":{"0":"post-12564","1":"product","2":"type-product","3":"status-publish","4":"has-post-thumbnail","6":"product_cat-douro","7":"product_cat-tinto","8":"product_cat-vinhos","10":"first","11":"instock","12":"shipping-taxable","13":"purchasable","14":"product-type-simple"},"_links":{"self":[{"href":"https:\/\/garrafeiragrandeescolha.pt\/de\/wp-json\/wp\/v2\/product\/12564","targetHints":{"allow":["GET"]}}],"collection":[{"href":"https:\/\/garrafeiragrandeescolha.pt\/de\/wp-json\/wp\/v2\/product"}],"about":[{"href":"https:\/\/garrafeiragrandeescolha.pt\/de\/wp-json\/wp\/v2\/types\/product"}],"wp:featuredmedia":[{"embeddable":true,"href":"https:\/\/garrafeiragrandeescolha.pt\/de\/wp-json\/wp\/v2\/media\/1322"}],"wp:attachment":[{"href":"https:\/\/garrafeiragrandeescolha.pt\/de\/wp-json\/wp\/v2\/media?parent=12564"}],"wp:term":[{"taxonomy":"product_brand","embeddable":true,"href":"https:\/\/garrafeiragrandeescolha.pt\/de\/wp-json\/wp\/v2\/product_brand?post=12564"},{"taxonomy":"product_cat","embeddable":true,"href":"https:\/\/garrafeiragrandeescolha.pt\/de\/wp-json\/wp\/v2\/product_cat?post=12564"},{"taxonomy":"product_tag","embeddable":true,"href":"https:\/\/garrafeiragrandeescolha.pt\/de\/wp-json\/wp\/v2\/product_tag?post=12564"}],"curies":[{"name":"wp","href":"https:\/\/api.w.org\/{rel}","templated":true}]}}