{"id":12565,"date":"2020-03-25T10:51:47","date_gmt":"2020-03-25T10:51:47","guid":{"rendered":"http:\/\/garrafeiragrandeescolha.pt\/?post_type=product&#038;p=12565"},"modified":"2025-10-31T15:00:09","modified_gmt":"2025-10-31T15:00:09","slug":"quinta-dos-castelares-grande-reserva-tinto","status":"publish","type":"product","link":"https:\/\/garrafeiragrandeescolha.pt\/de\/produkt\/quinta-dos-castelares-grande-reserva-tinto\/","title":{"rendered":"Quinta dos Castelares Grande Reserva Tinto 2020 75cl"},"content":{"rendered":"<p><img fetchpriority=\"high\" decoding=\"async\" class=\"size-medium wp-image-15434 aligncenter\" src=\"http:\/\/garrafeiragrandeescolha.pt\/wp-content\/uploads\/2022\/02\/Qta-Castelares-Logo-01-1280x720-1-300x169.png\" alt=\"\" width=\"300\" height=\"169\" srcset=\"https:\/\/garrafeiragrandeescolha.pt\/wp-content\/uploads\/2022\/02\/Qta-Castelares-Logo-01-1280x720-1-300x169.png 300w, https:\/\/garrafeiragrandeescolha.pt\/wp-content\/uploads\/2022\/02\/Qta-Castelares-Logo-01-1280x720-1-1024x576.png 1024w, https:\/\/garrafeiragrandeescolha.pt\/wp-content\/uploads\/2022\/02\/Qta-Castelares-Logo-01-1280x720-1-768x432.png 768w, https:\/\/garrafeiragrandeescolha.pt\/wp-content\/uploads\/2022\/02\/Qta-Castelares-Logo-01-1280x720-1-600x338.png 600w, https:\/\/garrafeiragrandeescolha.pt\/wp-content\/uploads\/2022\/02\/Qta-Castelares-Logo-01-1280x720-1.png 1280w\" sizes=\"(max-width: 300px) 100vw, 300px\" \/><\/p>\n<p>In Freixo de Espada \u00e0 Cinta, 1953<strong><em>\u00a0<\/em><\/strong>Manuel Joaquim Caldeira wird geboren. Sohn von Bauern, der sich dem Land und dem Anbau verschrieben hat. Ein Sohn des Landes, der beschloss, Freixo de Espada \u00e0 Cinta niemals zur\u00fcckzulassen. Schon in jungen Jahren begann er seine T\u00e4tigkeit im unternehmerischen Bereich und so gelang es ihm bereits im Alter von 25 Jahren, seinen ersten Weinberg zu kaufen und zu bepflanzen. Ein Kindheitstraum, der bis heute gewachsen ist. Derzeit ist er einer der gr\u00f6\u00dften Botschafter des manuelinischsten Dorfes Portugals und besch\u00e4ftigt mehrere Familien in seinen Unternehmen. Mit der Entschlossenheit und Bescheidenheit eines Kindes beschloss Manuel Caldeira, Vater von zwei Kindern, nachdem er mehrere Jahre lang mit der gr\u00f6\u00dften Genossenschaft der Region verbunden war, im Jahr 2015, sein erstes Weingut zu bauen. So entstand das Projekt Quinta dos Castelares!<\/p>\n<div class=\"wpb_text_column wpb_content_element\">\n<div class=\"wpb_wrapper\">\n<p>&nbsp;<\/p>\n<\/div>\n<\/div>","protected":false},"excerpt":{"rendered":"<div class=\"wpb_text_column wpb_content_element\">\n<div class=\"wpb_wrapper\">\n<p>Rotwein mit Freixenista-Charakter aus dem Superior Douro. Vollmundig, komplex, konzentriertes Aroma und sehr elegant.<\/p>\n<\/div>\n<\/div>\n<div class=\"vc_separator wpb_content_element vc_separator_align_center vc_sep_width_50 vc_sep_pos_align_left vc_separator_no_text vc_sep_color_grey\">AUSBAU: 18 Monate in franz\u00f6sischen (2\/3) und amerikanischen (1\/3) Eichenf\u00e4ssern.<\/div>","protected":false},"featured_media":1324,"template":"","meta":{"_exactmetrics_skip_tracking":false,"_exactmetrics_sitenote_active":false,"_exactmetrics_sitenote_note":"","_exactmetrics_sitenote_category":0,"_uf_show_specific_survey":0,"_uf_disable_surveys":false,"iawp_total_views":32},"product_brand":[],"product_cat":[215,184,157],"product_tag":[],"class_list":{"0":"post-12565","1":"product","2":"type-product","3":"status-publish","4":"has-post-thumbnail","6":"product_cat-douro","7":"product_cat-tinto","8":"product_cat-vinhos","10":"first","11":"instock","12":"shipping-taxable","13":"purchasable","14":"product-type-simple"},"_links":{"self":[{"href":"https:\/\/garrafeiragrandeescolha.pt\/de\/wp-json\/wp\/v2\/product\/12565","targetHints":{"allow":["GET"]}}],"collection":[{"href":"https:\/\/garrafeiragrandeescolha.pt\/de\/wp-json\/wp\/v2\/product"}],"about":[{"href":"https:\/\/garrafeiragrandeescolha.pt\/de\/wp-json\/wp\/v2\/types\/product"}],"wp:featuredmedia":[{"embeddable":true,"href":"https:\/\/garrafeiragrandeescolha.pt\/de\/wp-json\/wp\/v2\/media\/1324"}],"wp:attachment":[{"href":"https:\/\/garrafeiragrandeescolha.pt\/de\/wp-json\/wp\/v2\/media?parent=12565"}],"wp:term":[{"taxonomy":"product_brand","embeddable":true,"href":"https:\/\/garrafeiragrandeescolha.pt\/de\/wp-json\/wp\/v2\/product_brand?post=12565"},{"taxonomy":"product_cat","embeddable":true,"href":"https:\/\/garrafeiragrandeescolha.pt\/de\/wp-json\/wp\/v2\/product_cat?post=12565"},{"taxonomy":"product_tag","embeddable":true,"href":"https:\/\/garrafeiragrandeescolha.pt\/de\/wp-json\/wp\/v2\/product_tag?post=12565"}],"curies":[{"name":"wp","href":"https:\/\/api.w.org\/{rel}","templated":true}]}}