{"id":12672,"date":"2020-03-28T09:34:34","date_gmt":"2020-03-28T09:34:34","guid":{"rendered":"http:\/\/garrafeiragrandeescolha.pt\/?post_type=product&#038;p=12672"},"modified":"2025-02-22T12:38:10","modified_gmt":"2025-02-22T12:38:10","slug":"fronteira-grande-reserva-tinto-75cl","status":"publish","type":"product","link":"https:\/\/garrafeiragrandeescolha.pt\/de\/produkt\/fronteira-grande-reserva-tinto-75cl\/","title":{"rendered":"Fronteira Grande Reserva Tinto 2016 75cl"},"content":{"rendered":"<p><img fetchpriority=\"high\" decoding=\"async\" class=\"size-medium wp-image-15434 aligncenter\" src=\"http:\/\/garrafeiragrandeescolha.pt\/wp-content\/uploads\/2022\/02\/Qta-Castelares-Logo-01-1280x720-1-300x169.png\" alt=\"\" width=\"300\" height=\"169\" srcset=\"https:\/\/garrafeiragrandeescolha.pt\/wp-content\/uploads\/2022\/02\/Qta-Castelares-Logo-01-1280x720-1-300x169.png 300w, https:\/\/garrafeiragrandeescolha.pt\/wp-content\/uploads\/2022\/02\/Qta-Castelares-Logo-01-1280x720-1-1024x576.png 1024w, https:\/\/garrafeiragrandeescolha.pt\/wp-content\/uploads\/2022\/02\/Qta-Castelares-Logo-01-1280x720-1-768x432.png 768w, https:\/\/garrafeiragrandeescolha.pt\/wp-content\/uploads\/2022\/02\/Qta-Castelares-Logo-01-1280x720-1-600x338.png 600w, https:\/\/garrafeiragrandeescolha.pt\/wp-content\/uploads\/2022\/02\/Qta-Castelares-Logo-01-1280x720-1.png 1280w\" sizes=\"(max-width: 300px) 100vw, 300px\" \/><\/p>\n<p>In Freixo de Espada \u00e0 Cinta, 1953<strong><em>\u00a0<\/em><\/strong>Manuel Joaquim Caldeira wird geboren. Sohn von Bauern, der sich dem Land und dem Anbau verschrieben hat. Ein Sohn des Landes, der beschloss, Freixo de Espada \u00e0 Cinta niemals zur\u00fcckzulassen. Schon in jungen Jahren begann er seine T\u00e4tigkeit im unternehmerischen Bereich und so gelang es ihm bereits im Alter von 25 Jahren, seinen ersten Weinberg zu kaufen und zu bepflanzen. Ein Kindheitstraum, der bis heute gewachsen ist. Derzeit ist er einer der gr\u00f6\u00dften Botschafter des manuelinischsten Dorfes Portugals und besch\u00e4ftigt mehrere Familien in seinen Unternehmen. Mit der Entschlossenheit und Bescheidenheit eines Kindes beschloss Manuel Caldeira, Vater von zwei Kindern, nachdem er mehrere Jahre lang mit der gr\u00f6\u00dften Genossenschaft der Region verbunden war, im Jahr 2015, sein erstes Weingut zu bauen. So entstand das Projekt Quinta dos Castelares!<\/p>","protected":false},"excerpt":{"rendered":"<p>As uvas que d\u00e3o origem a este vinho s\u00e3o um \u201cfield blend\u201d de vinhas velhas de mais altas da Quinta dos Castelares, em Freixo de Espada \u00e0 Cinta, no Douro Superior, a uma altitude entre os 500-600 metros.<\/p>\n<p>Com o objetivo de obter o equil\u00edbrio necess\u00e1rio a um\u00a0vinho\u00a0que queremos encorpado, mas com perfil elegante. Solos de xisto, vinha em socalcos com orienta\u00e7\u00e3o dominante Norte-Nascente.<\/p>\n<p>Fronteira grande reserva \u00e9 um vinho inspirado nos nossos antepassados, vinho com estagio de 18 meses em barricas Francesas e Americanas, que lhe transmite muita eleg\u00e2ncia. Castas t\u00edpicas do Douro Vinhateiro, touriga nacional , touriga franca, tinta roriz e sous\u00e3o.<\/p>\n<p>Produto natural, sujeito a criar deposito com a idade<\/p>","protected":false},"featured_media":1609,"template":"","meta":{"_exactmetrics_skip_tracking":false,"_exactmetrics_sitenote_active":false,"_exactmetrics_sitenote_note":"","_exactmetrics_sitenote_category":0,"_uf_show_specific_survey":0,"_uf_disable_surveys":false,"iawp_total_views":60},"product_brand":[],"product_cat":[215,184,157],"product_tag":[],"class_list":{"0":"post-12672","1":"product","2":"type-product","3":"status-publish","4":"has-post-thumbnail","6":"product_cat-douro","7":"product_cat-tinto","8":"product_cat-vinhos","10":"first","11":"instock","12":"shipping-taxable","13":"purchasable","14":"product-type-simple"},"_links":{"self":[{"href":"https:\/\/garrafeiragrandeescolha.pt\/de\/wp-json\/wp\/v2\/product\/12672","targetHints":{"allow":["GET"]}}],"collection":[{"href":"https:\/\/garrafeiragrandeescolha.pt\/de\/wp-json\/wp\/v2\/product"}],"about":[{"href":"https:\/\/garrafeiragrandeescolha.pt\/de\/wp-json\/wp\/v2\/types\/product"}],"wp:featuredmedia":[{"embeddable":true,"href":"https:\/\/garrafeiragrandeescolha.pt\/de\/wp-json\/wp\/v2\/media\/1609"}],"wp:attachment":[{"href":"https:\/\/garrafeiragrandeescolha.pt\/de\/wp-json\/wp\/v2\/media?parent=12672"}],"wp:term":[{"taxonomy":"product_brand","embeddable":true,"href":"https:\/\/garrafeiragrandeescolha.pt\/de\/wp-json\/wp\/v2\/product_brand?post=12672"},{"taxonomy":"product_cat","embeddable":true,"href":"https:\/\/garrafeiragrandeescolha.pt\/de\/wp-json\/wp\/v2\/product_cat?post=12672"},{"taxonomy":"product_tag","embeddable":true,"href":"https:\/\/garrafeiragrandeescolha.pt\/de\/wp-json\/wp\/v2\/product_tag?post=12672"}],"curies":[{"name":"wp","href":"https:\/\/api.w.org\/{rel}","templated":true}]}}