{"id":12675,"date":"2020-03-28T09:51:36","date_gmt":"2020-03-28T09:51:36","guid":{"rendered":"http:\/\/garrafeiragrandeescolha.pt\/?post_type=product&#038;p=12675"},"modified":"2024-11-30T18:17:55","modified_gmt":"2024-11-30T18:17:55","slug":"pinguca-maracuja-50cl","status":"publish","type":"product","link":"https:\/\/garrafeiragrandeescolha.pt\/de\/produkt\/pinguca-maracuja-50cl\/","title":{"rendered":"Passionsfrucht Pingu\u00e7a 50cl"},"content":{"rendered":"<p><img decoding=\"async\" class=\"size-full wp-image-17136 aligncenter\" src=\"http:\/\/garrafeiragrandeescolha.pt\/wp-content\/uploads\/2022\/03\/pinguca_logotipo-2020_.png\" alt=\"\" width=\"300\" height=\"150\" srcset=\"https:\/\/garrafeiragrandeescolha.pt\/wp-content\/uploads\/2022\/03\/pinguca_logotipo-2020_.png 300w, https:\/\/garrafeiragrandeescolha.pt\/wp-content\/uploads\/2022\/03\/pinguca_logotipo-2020_-18x9.png 18w\" sizes=\"(max-width: 300px) 100vw, 300px\" \/><\/p>\n<p>O in\u00edcio deste processo artesanal tem lugar numa cozinha regional pequena e simples, na aldeia de Alvarenga, onde viviam as pequenas cubas com as infus\u00f5es de aguardente bagaceira de vinho verde em macera\u00e7\u00e3o com a fruta e especiarias. A Pingu\u00e7a encontra um grande impulsionador, quando ap\u00f3s apenas um ano de exist\u00eancia, vence o pr\u00e9mio Nacional das Industria Rural criativa, \u00e9 ent\u00e3o que Portugal conhece a Pingu\u00e7a.<br \/>\nHoje a Pingu\u00e7a conta com uma casa \u00e0 sua imagem , a destilaria Eduardo Noronha Dias. Um edif\u00edcio de linhas irreverentes inserido paisagem rural onde ainda se insere. Um edif\u00edcio que alberga toda a produ\u00e7\u00e3o, engarrafamento e expedi\u00e7\u00e3o, bem como todo o programa de visitas ao edif\u00edcio.<\/p>","protected":false},"excerpt":{"rendered":"<p>O in\u00edcio deste processo artesanal tem lugar numa cozinha regional pequena e simples, na aldeia de Alvarenga, onde viviam as pequenas cubas com as infus\u00f5es de aguardente bagaceira de vinho verde em macera\u00e7\u00e3o com a fruta e especiarias. A Pingu\u00e7a encontra um grande impulsionador, quando ap\u00f3s apenas um ano de exist\u00eancia, vence o pr\u00e9mio Nacional [&hellip;]<\/p>","protected":false},"featured_media":1619,"template":"","meta":{"_exactmetrics_skip_tracking":false,"_exactmetrics_sitenote_active":false,"_exactmetrics_sitenote_note":"","_exactmetrics_sitenote_category":0,"_uf_show_specific_survey":0,"_uf_disable_surveys":false,"iawp_total_views":6},"product_brand":[],"product_cat":[161],"product_tag":[],"class_list":{"0":"post-12675","1":"product","2":"type-product","3":"status-publish","4":"has-post-thumbnail","6":"product_cat-licores","8":"first","9":"instock","10":"shipping-taxable","11":"purchasable","12":"product-type-simple"},"_links":{"self":[{"href":"https:\/\/garrafeiragrandeescolha.pt\/de\/wp-json\/wp\/v2\/product\/12675","targetHints":{"allow":["GET"]}}],"collection":[{"href":"https:\/\/garrafeiragrandeescolha.pt\/de\/wp-json\/wp\/v2\/product"}],"about":[{"href":"https:\/\/garrafeiragrandeescolha.pt\/de\/wp-json\/wp\/v2\/types\/product"}],"wp:featuredmedia":[{"embeddable":true,"href":"https:\/\/garrafeiragrandeescolha.pt\/de\/wp-json\/wp\/v2\/media\/1619"}],"wp:attachment":[{"href":"https:\/\/garrafeiragrandeescolha.pt\/de\/wp-json\/wp\/v2\/media?parent=12675"}],"wp:term":[{"taxonomy":"product_brand","embeddable":true,"href":"https:\/\/garrafeiragrandeescolha.pt\/de\/wp-json\/wp\/v2\/product_brand?post=12675"},{"taxonomy":"product_cat","embeddable":true,"href":"https:\/\/garrafeiragrandeescolha.pt\/de\/wp-json\/wp\/v2\/product_cat?post=12675"},{"taxonomy":"product_tag","embeddable":true,"href":"https:\/\/garrafeiragrandeescolha.pt\/de\/wp-json\/wp\/v2\/product_tag?post=12675"}],"curies":[{"name":"wp","href":"https:\/\/api.w.org\/{rel}","templated":true}]}}