{"id":12745,"date":"2020-03-28T12:55:44","date_gmt":"2020-03-28T12:55:44","guid":{"rendered":"http:\/\/garrafeiragrandeescolha.pt\/?post_type=product&#038;p=12745"},"modified":"2025-12-18T09:27:54","modified_gmt":"2025-12-18T09:27:54","slug":"porto-kopke-colheita-1999-75cl","status":"publish","type":"product","link":"https:\/\/garrafeiragrandeescolha.pt\/de\/produkt\/porto-kopke-colheita-1999-75cl\/","title":{"rendered":"Porto Kopke Colheita 1999 75cl"},"content":{"rendered":"<p><img decoding=\"async\" class=\"size-medium wp-image-15298 aligncenter\" src=\"http:\/\/garrafeiragrandeescolha.pt\/wp-content\/uploads\/2022\/02\/kopke_logo-300x113.jpg\" alt=\"\" width=\"300\" height=\"113\" srcset=\"https:\/\/garrafeiragrandeescolha.pt\/wp-content\/uploads\/2022\/02\/kopke_logo-300x113.jpg 300w, https:\/\/garrafeiragrandeescolha.pt\/wp-content\/uploads\/2022\/02\/kopke_logo-768x289.jpg 768w, https:\/\/garrafeiragrandeescolha.pt\/wp-content\/uploads\/2022\/02\/kopke_logo-600x226.jpg 600w, https:\/\/garrafeiragrandeescolha.pt\/wp-content\/uploads\/2022\/02\/kopke_logo.jpg 780w\" sizes=\"(max-width: 300px) 100vw, 300px\" \/><\/p>\n<div>Kopkes Reise ist eng mit der Geschichte seines Ortes verbunden. Der Douro sollte das Amphitheater sein, das f\u00fcr diese Verbindung zwischen dem Willen des Menschen und der Natur ausgew\u00e4hlt wurde.<\/div>\n<div>Im Jahr 1636 fand eine Reise zwischen Hamburg und Portugal statt, die zum Ursprung einer langen Geschichte werden sollte: Nicolau K\u00f6pke kam als Generalkonsul der Hansest\u00e4dte in sein neues Land.<br \/>\nZwei Jahre sp\u00e4ter, im Jahr 1638, signierte er die ersten Weinflaschen, die nach Nordeuropa verschickt wurden.<\/div>\n<div>Der Kauf eines Bauernhofs in Douro im Jahr 1781 markiert den \u00dcbergang von einem Einkaufsunternehmen zu einem gro\u00dfen Weinproduzenten.<br \/>\nPortweine gewinnen im Unternehmen zunehmend an Bedeutung und werden schnell zum Hauptgesch\u00e4ft. Nicolau Kopke &amp; Co. wird zu einem Beispiel f\u00fcr Innovation, indem es Weinproduktion und -handel in ein und demselben Unternehmen vereint.<\/div>\n<div>Im Jahr 1828 stellte sich Cristiano Nicolau Kopk\u00eb, Ururenkel des Firmengr\u00fcnders Nicolau Kopk\u00eb und Enkel von Cristiano Kopke, w\u00e4hrend des B\u00fcrgerkriegs auf die Seite der Liberalen Partei und verband so das Unternehmen und die Familie mit der Sache.<br \/>\nDieses Engagement f\u00fcr das Konzept des sozialen Fortschritts wird von allen nachfolgenden Generationen der Familie geteilt.<br \/>\nIm Jahr 1836 wurde Cristiano Nicolau Kopke der Titel Baron de Vilar verliehen. 10 Jahre sp\u00e4ter erh\u00e4lt sein Neffe Joaquim Augusto Kopke den Titel Baron von Massarelos.<br \/>\nZwei Jahrhunderte nach der Ankunft der Familie in Portugal wurde ihr Engagement f\u00fcr die Entwicklung des Landes belohnt.<\/div>\n<div>Die Firma nimmt den Namen CN Kopke an.<br \/>\nDie Kopke von 1841 ist bis heute so geblieben.<\/div>\n<div>Der Kauf der Quinta de S. Luiz im Jahr 1922, fast drei Jahrhunderte nach ihrer Gr\u00fcndung, ist wie die Ankunft von Kopke nach Hause.<br \/>\nDieses Anwesen, das schon immer die Wahl gro\u00dfer Kenner des Douro- und Portweins war, war schon lange ein Wunschtraum. Es wird zum Mittelpunkt, zum Vorbild und zum Juwel der gesamten K\u00f6pke-Weinproduktion.<\/div>\n<div>Im Jahr 1940 wurde das Zertifikat der Handels- und Industrievereinigung Portugals unterzeichnet, das das Alter von CN Kopke aus dem Jahr 1638 anerkennt.<\/div>","protected":false},"excerpt":{"rendered":"<p>V\u00edvida cor tinto aloirada. Apresenta um complexo bouquet de aromas frutados com predom\u00ednio de frutos vermelhos. No paladar \u00e9 elegante, bem estruturado e com uma excelente intensidade arom\u00e1tica. A frescura est\u00e1 em perfeita harmonia com os deliciosos sabores a fruta, que se prolongam no persistente e sedutor fim de boca.<\/p>","protected":false},"featured_media":1773,"template":"","meta":{"_exactmetrics_skip_tracking":false,"_exactmetrics_sitenote_active":false,"_exactmetrics_sitenote_note":"","_exactmetrics_sitenote_category":0,"_uf_show_specific_survey":0,"_uf_disable_surveys":false,"iawp_total_views":16},"product_brand":[],"product_cat":[159,167],"product_tag":[],"class_list":{"0":"post-12745","1":"product","2":"type-product","3":"status-publish","4":"has-post-thumbnail","6":"product_cat-portos","7":"product_cat-colheita","9":"first","10":"instock","11":"shipping-taxable","12":"purchasable","13":"product-type-simple"},"_links":{"self":[{"href":"https:\/\/garrafeiragrandeescolha.pt\/de\/wp-json\/wp\/v2\/product\/12745","targetHints":{"allow":["GET"]}}],"collection":[{"href":"https:\/\/garrafeiragrandeescolha.pt\/de\/wp-json\/wp\/v2\/product"}],"about":[{"href":"https:\/\/garrafeiragrandeescolha.pt\/de\/wp-json\/wp\/v2\/types\/product"}],"wp:featuredmedia":[{"embeddable":true,"href":"https:\/\/garrafeiragrandeescolha.pt\/de\/wp-json\/wp\/v2\/media\/1773"}],"wp:attachment":[{"href":"https:\/\/garrafeiragrandeescolha.pt\/de\/wp-json\/wp\/v2\/media?parent=12745"}],"wp:term":[{"taxonomy":"product_brand","embeddable":true,"href":"https:\/\/garrafeiragrandeescolha.pt\/de\/wp-json\/wp\/v2\/product_brand?post=12745"},{"taxonomy":"product_cat","embeddable":true,"href":"https:\/\/garrafeiragrandeescolha.pt\/de\/wp-json\/wp\/v2\/product_cat?post=12745"},{"taxonomy":"product_tag","embeddable":true,"href":"https:\/\/garrafeiragrandeescolha.pt\/de\/wp-json\/wp\/v2\/product_tag?post=12745"}],"curies":[{"name":"wp","href":"https:\/\/api.w.org\/{rel}","templated":true}]}}