{"id":12786,"date":"2020-03-28T16:43:07","date_gmt":"2020-03-28T16:43:07","guid":{"rendered":"http:\/\/garrafeiragrandeescolha.pt\/?post_type=product&#038;p=12786"},"modified":"2024-11-02T17:00:06","modified_gmt":"2024-11-02T17:00:06","slug":"porto-messias-colheita-2008-75cl","status":"publish","type":"product","link":"https:\/\/garrafeiragrandeescolha.pt\/de\/produkt\/porto-messias-colheita-2008-75cl\/","title":{"rendered":"Porto Messias Ernte 2008 75cl"},"content":{"rendered":"<p><img fetchpriority=\"high\" decoding=\"async\" class=\"size-medium wp-image-15339 aligncenter\" src=\"http:\/\/garrafeiragrandeescolha.pt\/wp-content\/uploads\/2022\/02\/messias-logo-300x170.jpg\" alt=\"\" width=\"300\" height=\"170\" srcset=\"https:\/\/garrafeiragrandeescolha.pt\/wp-content\/uploads\/2022\/02\/messias-logo-300x170.jpg 300w, https:\/\/garrafeiragrandeescolha.pt\/wp-content\/uploads\/2022\/02\/messias-logo.jpg 550w\" sizes=\"(max-width: 300px) 100vw, 300px\" \/><\/p>\n<p>Das Unternehmen wurde 1926 von Messias Baptista gegr\u00fcndet, der die Leitung des Unternehmens bis 1973 innehatte. Die Verwaltung von MESSIAS wird auch heute noch von den Nachkommen der Familie Messias sichergestellt.<\/p>\n<p>Seit seiner Gr\u00fcndung produziert und verkauft MESSIAS Weine aus den wichtigsten abgegrenzten Regionen: Bairrada, Douro, D\u00e3o, Vinho Verde und Portwein. Das Unternehmen ist auch f\u00fcr die hohe Qualit\u00e4t seiner nat\u00fcrlichen Schaumweine und Br\u00e4nde bekannt.<\/p>\n<p>Der Hauptsitz von MESSIAS befindet sich in Mealhada, einer kleinen Stadt in der Region Bairrada, wo das Unternehmen \u00fcber mehr als 6.000 Quadratmeter Betriebsfl\u00e4che und etwa 160 Hektar Weinberge verf\u00fcgt.<\/p>\n<p>In Ferradosa, Douro-Tal, verf\u00fcgt MESSIAS \u00fcber 200 Hektar, davon 130 Hektar Weinberge, f\u00fcr die Produktion von Portwein und Quinta do Cach\u00e3o Douro-Wein. Auf \u00fcber 5.000 Quadratmetern befinden sich hier Anlagen zur Herstellung, Lagerung und Reifung von Weinen.<\/p>\n<p>Der Portwein wird in Vila Nova de Gaia abgef\u00fcllt, auf einer Fl\u00e4che von etwa 10.000 Quadratmetern, wo sich eine Filiale und ein Logistikbereich befinden.<\/p>\n<p>MESSIAS ist eine der wenigen Gruppen, die \u00fcber ein komplettes Sortiment an Weinprodukten aus den besten portugiesischen Regionen und eigenen Quintas verf\u00fcgt.<\/p>","protected":false},"excerpt":{"rendered":"<p>Trauben: Touriga Nacional, Touriga Franca, Tinta Roriz, Tinta Barroca, Tinto C\u00e3o<\/p>\n<p>Vinho tinto com laivos acastanhados. O aroma \u00e9 rico em fruta madura, com um toque de especiarias e notas de baunilha. Na boca \u00e9 fresco, equilibrado, com uma boa presen\u00e7a de taninos sedosos. Final longo e refrescante.<\/p>","protected":false},"featured_media":1854,"template":"","meta":{"_exactmetrics_skip_tracking":false,"_exactmetrics_sitenote_active":false,"_exactmetrics_sitenote_note":"","_exactmetrics_sitenote_category":0,"_uf_show_specific_survey":0,"_uf_disable_surveys":false,"iawp_total_views":2},"product_brand":[],"product_cat":[159,167],"product_tag":[],"class_list":{"0":"post-12786","1":"product","2":"type-product","3":"status-publish","4":"has-post-thumbnail","6":"product_cat-portos","7":"product_cat-colheita","9":"first","10":"instock","11":"shipping-taxable","12":"purchasable","13":"product-type-simple"},"_links":{"self":[{"href":"https:\/\/garrafeiragrandeescolha.pt\/de\/wp-json\/wp\/v2\/product\/12786","targetHints":{"allow":["GET"]}}],"collection":[{"href":"https:\/\/garrafeiragrandeescolha.pt\/de\/wp-json\/wp\/v2\/product"}],"about":[{"href":"https:\/\/garrafeiragrandeescolha.pt\/de\/wp-json\/wp\/v2\/types\/product"}],"wp:featuredmedia":[{"embeddable":true,"href":"https:\/\/garrafeiragrandeescolha.pt\/de\/wp-json\/wp\/v2\/media\/1854"}],"wp:attachment":[{"href":"https:\/\/garrafeiragrandeescolha.pt\/de\/wp-json\/wp\/v2\/media?parent=12786"}],"wp:term":[{"taxonomy":"product_brand","embeddable":true,"href":"https:\/\/garrafeiragrandeescolha.pt\/de\/wp-json\/wp\/v2\/product_brand?post=12786"},{"taxonomy":"product_cat","embeddable":true,"href":"https:\/\/garrafeiragrandeescolha.pt\/de\/wp-json\/wp\/v2\/product_cat?post=12786"},{"taxonomy":"product_tag","embeddable":true,"href":"https:\/\/garrafeiragrandeescolha.pt\/de\/wp-json\/wp\/v2\/product_tag?post=12786"}],"curies":[{"name":"wp","href":"https:\/\/api.w.org\/{rel}","templated":true}]}}