{"id":12797,"date":"2020-03-28T17:11:59","date_gmt":"2020-03-28T17:11:59","guid":{"rendered":"http:\/\/garrafeiragrandeescolha.pt\/?post_type=product&#038;p=12797"},"modified":"2022-02-05T10:19:19","modified_gmt":"2022-02-05T10:19:19","slug":"porto-noval-tawny-75cl","status":"publish","type":"product","link":"https:\/\/garrafeiragrandeescolha.pt\/de\/produkt\/porto-noval-tawny-75cl\/","title":{"rendered":"Porto Noval Tawny 75cl"},"content":{"rendered":"<p><img decoding=\"async\" class=\"size-medium wp-image-15374 aligncenter\" src=\"http:\/\/garrafeiragrandeescolha.pt\/wp-content\/uploads\/2022\/02\/noval-logo-300x105.jpg\" alt=\"\" width=\"300\" height=\"105\" srcset=\"https:\/\/garrafeiragrandeescolha.pt\/wp-content\/uploads\/2022\/02\/noval-logo-300x105.jpg 300w, https:\/\/garrafeiragrandeescolha.pt\/wp-content\/uploads\/2022\/02\/noval-logo-768x268.jpg 768w, https:\/\/garrafeiragrandeescolha.pt\/wp-content\/uploads\/2022\/02\/noval-logo-600x209.jpg 600w, https:\/\/garrafeiragrandeescolha.pt\/wp-content\/uploads\/2022\/02\/noval-logo.jpg 800w\" sizes=\"(max-width: 300px) 100vw, 300px\" \/><\/p>\n<p class=\"wysiwyg-text-align-justify\">Quinta do Noval profitiert von einer privilegierten Lage im Herzen des Douro.<br \/>\nDer 145 Hektar gro\u00dfe Weinberg, der vollst\u00e4ndig als Buchstabe A klassifiziert ist, ist mit den edelsten Rebsorten des Douro bepflanzt: Touriga Nacional, Touriga Franca, Tinta Roriz, Tinto C\u00e3o und Sous\u00e3o.<br \/>\nDie Weinbergparzellen weisen eine reiche geografische Vielfalt auf.<br \/>\n. H\u00f6he: von 100 m bis 500 m<br \/>\n. Exposition: zu allen Himmelsrichtungen<br \/>\n. Boden: Schiefer mit Tonfragmenten, variable Mischung<br \/>\nDiese Eigenschaften verleihen den Weinen je nach Herkunftsort unterschiedliche Nuancen. Der Zauber der Weine der Quinta do Noval entsteht aus der Verschmelzung dieser Nuancen.<\/p>\n<p class=\"wysiwyg-text-align-justify\">Derzeit werden die Weinberge mit einer einzigen Rebsorte neu bepflanzt, die an jede einzelne Parzelle angepasst ist und dabei drei Hauptfaktoren ber\u00fccksichtigt: H\u00f6henlage, Ausrichtung und Art der Weinbergbepflanzung.<br \/>\nDie pr\u00e4chtigen alten Schiefersteinterrassen sind nach wie vor das Wahrzeichen der Quinta do Noval.<br \/>\nQuinta do Noval ist der einzige historische Exporteur von Portwein, der nach seiner Quinta benannt ist und bei der Deklaration Vintage Portwein aus einer einzigen Parzelle produziert.<\/p>","protected":false},"excerpt":{"rendered":"<p>Cor vermelho atijolado. Aroma intenso, jovem com alguma complexidade. Na boca \u00e9 doce, de estrutura m\u00e9dia, equilibrado e com um final agrad\u00e1vel e persistente. Deve ser bebido ligeiramente fresco como aperitivo ou a temperatura ambiente para acompanhar uma sobremesa.<\/p>","protected":false},"featured_media":1878,"template":"","meta":{"_exactmetrics_skip_tracking":false,"_exactmetrics_sitenote_active":false,"_exactmetrics_sitenote_note":"","_exactmetrics_sitenote_category":0,"_uf_show_specific_survey":0,"_uf_disable_surveys":false,"iawp_total_views":0},"product_brand":[],"product_cat":[159,173],"product_tag":[],"class_list":{"0":"post-12797","1":"product","2":"type-product","3":"status-publish","4":"has-post-thumbnail","6":"product_cat-portos","7":"product_cat-tawny-ruby","9":"first","10":"instock","11":"shipping-taxable","12":"purchasable","13":"product-type-simple"},"_links":{"self":[{"href":"https:\/\/garrafeiragrandeescolha.pt\/de\/wp-json\/wp\/v2\/product\/12797","targetHints":{"allow":["GET"]}}],"collection":[{"href":"https:\/\/garrafeiragrandeescolha.pt\/de\/wp-json\/wp\/v2\/product"}],"about":[{"href":"https:\/\/garrafeiragrandeescolha.pt\/de\/wp-json\/wp\/v2\/types\/product"}],"wp:featuredmedia":[{"embeddable":true,"href":"https:\/\/garrafeiragrandeescolha.pt\/de\/wp-json\/wp\/v2\/media\/1878"}],"wp:attachment":[{"href":"https:\/\/garrafeiragrandeescolha.pt\/de\/wp-json\/wp\/v2\/media?parent=12797"}],"wp:term":[{"taxonomy":"product_brand","embeddable":true,"href":"https:\/\/garrafeiragrandeescolha.pt\/de\/wp-json\/wp\/v2\/product_brand?post=12797"},{"taxonomy":"product_cat","embeddable":true,"href":"https:\/\/garrafeiragrandeescolha.pt\/de\/wp-json\/wp\/v2\/product_cat?post=12797"},{"taxonomy":"product_tag","embeddable":true,"href":"https:\/\/garrafeiragrandeescolha.pt\/de\/wp-json\/wp\/v2\/product_tag?post=12797"}],"curies":[{"name":"wp","href":"https:\/\/api.w.org\/{rel}","templated":true}]}}