{"id":12823,"date":"2020-03-28T21:33:44","date_gmt":"2020-03-28T21:33:44","guid":{"rendered":"http:\/\/garrafeiragrandeescolha.pt\/?post_type=product&#038;p=12823"},"modified":"2023-11-25T09:53:54","modified_gmt":"2023-11-25T09:53:54","slug":"porto-quinta-do-infantado-jahrgang-1981-75cl","status":"publish","type":"product","link":"https:\/\/garrafeiragrandeescolha.pt\/de\/produkt\/porto-quinta-do-infantado-jahrgang-1981-75cl\/","title":{"rendered":"Porto Quinta do Infantado Vintage 1981 75cl"},"content":{"rendered":"<p><img decoding=\"async\" class=\"size-full wp-image-15975 aligncenter\" src=\"http:\/\/garrafeiragrandeescolha.pt\/wp-content\/uploads\/2020\/03\/qta-infantado-logo.png\" alt=\"\" width=\"161\" height=\"84\" srcset=\"https:\/\/garrafeiragrandeescolha.pt\/wp-content\/uploads\/2020\/03\/qta-infantado-logo.png 161w, https:\/\/garrafeiragrandeescolha.pt\/wp-content\/uploads\/2020\/03\/qta-infantado-logo-18x9.png 18w\" sizes=\"(max-width: 161px) 100vw, 161px\" \/><\/p>\n<p><span>Die Geschichte der Quinta do Infantado ist lang, seit ihrer Gr\u00fcndung im Jahr 1816. Sie wurde von Infante D. Pedro, dem sp\u00e4teren K\u00f6nig D. Pedro IV. von Portugal und D. Pedro I. von Brasilien gegr\u00fcndet und befindet sich seit langem im Besitz der Familie Roseira als ein Jahrhundert. Es liegt etwa 4 km von Pinh\u00e3o entfernt im einzigartigen Terroir von Vale de Gontelho, einer Mikroregion, die seit langem f\u00fcr die Qualit\u00e4t ihrer Weine bekannt ist.<\/span><br \/>\n<span>Seit sechs Generationen lebt die \u201eRoseira\u201c von Covas do Douro mit Leidenschaft und Begeisterung ein Leben voller Weinberge und Weine.<\/span><br \/>\n<span>Die ersten beiden Generationen bewirtschafteten ausschlie\u00dflich Weinberge. Mit dem Kauf von Quinta do Infantado begann Jo\u00e3o Lopes Roseira mit der Produktion von Lik\u00f6rwein.<\/span><br \/>\n<span>Im Jahr 1979 begannen seine S\u00f6hne Lu\u00eds und Ant\u00f3nio, basierend auf den Konzepten von Terroir und Vigneron, mit der Abf\u00fcllung ihrer Portweine und verwirklichten damit den Traum der Familie. Mit dieser Innovation wurde Quinta do Infantado zum Betrieb, der Portwein anbaut und in Flaschen abf\u00fcllt, und brach damit das Monopol von\u00a0<\/span><em><span>H\u00e4ndler<\/span><\/em><span>\u00a0von Vila Nova de Gaia.<\/span><br \/>\n<span>Nach dem Tod von Lu\u00eds und Ant\u00f3nio streben ihre Erben weiterhin nach h\u00f6chster Qualit\u00e4t und verfolgen den Weg der Innovation in der Tradition.<\/span><\/p>","protected":false},"excerpt":{"rendered":"<p>Halbtrockene, ausgewogene und elegante Vintage Ports wie dieser Quinta do Infantado Porto Vintage 1981 passen hervorragend zu Tisch zu einer gro\u00dfen Auswahl an K\u00e4sesorten: den klassischen Blauschimmelk\u00e4sen (Stilton, Roquefort, Gorgonzola oder Cabrales) und dem portugiesischen Serra. Azeit\u00e3o, Ilhas (S\u00e3o Jorge und S\u00e3o Miguel mit 7 oder mehr Monaten Reifung), Amarelo da Beira Baixa, Serpa, Nisa \u2026 In Desserts bietet Schokolade viele hervorragende Zubereitungsm\u00f6glichkeiten mit Quinta do Infantado Vintage Port.<\/p>","protected":false},"featured_media":1948,"template":"","meta":{"_exactmetrics_skip_tracking":false,"_exactmetrics_sitenote_active":false,"_exactmetrics_sitenote_note":"","_exactmetrics_sitenote_category":0,"_uf_show_specific_survey":0,"_uf_disable_surveys":false,"iawp_total_views":117},"product_brand":[],"product_cat":[159,162,168],"product_tag":[],"class_list":{"0":"post-12823","1":"product","2":"type-product","3":"status-publish","4":"has-post-thumbnail","6":"product_cat-portos","7":"product_cat-raridades","8":"product_cat-vintage","10":"first","11":"instock","12":"shipping-taxable","13":"purchasable","14":"product-type-simple"},"_links":{"self":[{"href":"https:\/\/garrafeiragrandeescolha.pt\/de\/wp-json\/wp\/v2\/product\/12823","targetHints":{"allow":["GET"]}}],"collection":[{"href":"https:\/\/garrafeiragrandeescolha.pt\/de\/wp-json\/wp\/v2\/product"}],"about":[{"href":"https:\/\/garrafeiragrandeescolha.pt\/de\/wp-json\/wp\/v2\/types\/product"}],"wp:featuredmedia":[{"embeddable":true,"href":"https:\/\/garrafeiragrandeescolha.pt\/de\/wp-json\/wp\/v2\/media\/1948"}],"wp:attachment":[{"href":"https:\/\/garrafeiragrandeescolha.pt\/de\/wp-json\/wp\/v2\/media?parent=12823"}],"wp:term":[{"taxonomy":"product_brand","embeddable":true,"href":"https:\/\/garrafeiragrandeescolha.pt\/de\/wp-json\/wp\/v2\/product_brand?post=12823"},{"taxonomy":"product_cat","embeddable":true,"href":"https:\/\/garrafeiragrandeescolha.pt\/de\/wp-json\/wp\/v2\/product_cat?post=12823"},{"taxonomy":"product_tag","embeddable":true,"href":"https:\/\/garrafeiragrandeescolha.pt\/de\/wp-json\/wp\/v2\/product_tag?post=12823"}],"curies":[{"name":"wp","href":"https:\/\/api.w.org\/{rel}","templated":true}]}}