{"id":12853,"date":"2020-03-28T22:44:59","date_gmt":"2020-03-28T22:44:59","guid":{"rendered":"http:\/\/garrafeiragrandeescolha.pt\/?post_type=product&#038;p=12853"},"modified":"2022-11-21T11:15:44","modified_gmt":"2022-11-21T11:15:44","slug":"porto-taylors-tawny-10-anos-75cl","status":"publish","type":"product","link":"https:\/\/garrafeiragrandeescolha.pt\/de\/produkt\/porto-taylors-tawny-10-anos-75cl\/","title":{"rendered":"Porto Taylor&#8217;s Tawny 10 anos 75cl"},"content":{"rendered":"<p><img fetchpriority=\"high\" decoding=\"async\" class=\"size-medium wp-image-15467 aligncenter\" src=\"http:\/\/garrafeiragrandeescolha.pt\/wp-content\/uploads\/2022\/02\/Taylors-Colour-Logo-300x251.jpg\" alt=\"\" width=\"300\" height=\"251\" srcset=\"https:\/\/garrafeiragrandeescolha.pt\/wp-content\/uploads\/2022\/02\/Taylors-Colour-Logo-300x251.jpg 300w, https:\/\/garrafeiragrandeescolha.pt\/wp-content\/uploads\/2022\/02\/Taylors-Colour-Logo-1024x856.jpg 1024w, https:\/\/garrafeiragrandeescolha.pt\/wp-content\/uploads\/2022\/02\/Taylors-Colour-Logo-768x642.jpg 768w, https:\/\/garrafeiragrandeescolha.pt\/wp-content\/uploads\/2022\/02\/Taylors-Colour-Logo-600x501.jpg 600w, https:\/\/garrafeiragrandeescolha.pt\/wp-content\/uploads\/2022\/02\/Taylors-Colour-Logo.jpg 1156w\" sizes=\"(max-width: 300px) 100vw, 300px\" \/><\/p>\n<p>Para muitos, a Taylor\u2019s \u00e9 a mais ilustre casa produtora de vinhos do Porto e beber os seus vinhos constitui a mais sublime das experi\u00eancias.<\/p>\n<p>&nbsp;<\/p>\n<div id=\"collapseText\" class=\"rest-text\">\n<p>Criada h\u00e1 mais de tr\u00eas s\u00e9culos, em 1692, a Taylor\u2019s \u00e9 uma das mais antigas casas de com\u00e9rcio do vinho do Porto que se dedica exclusivamente \u00e0 produ\u00e7\u00e3o de vinho do Porto e, especialmente, aos seus melhores estilos.<\/p>\n<p>Acima de tudo, a Taylor\u2019s \u00e9 uma empresa independente na qual alguns membros da fam\u00edlia desempenham pap\u00e9is de lideran\u00e7a em todas as \u00e1reas de actividade. A longa e ininterrupta tradi\u00e7\u00e3o familiar da empresa permitiu dar continuidade e clareza de miss\u00e3o, ambos atributos essenciais de qualquer grande casa de vinho do Porto. Permitiu ainda aprimorar as habilidades e conhecimentos necess\u00e1rios para produzir os melhores Portos, sendo estes constantemente refinados \u00e0 luz da experi\u00eancia que \u00e9 passada de gera\u00e7\u00e3o em gera\u00e7\u00e3o.<\/p>\n<p>A Taylor\u2019s tamb\u00e9m \u00e9 respeitada como um produtor de vinhos do Porto envelhecidos em madeira e det\u00e9m uma das maiores reservas de vinhos raros envelhecidos em casco, da qual se destacam os distintos vinhos do Porto Tawny de idade. A casa tamb\u00e9m \u00e9 conhecida como a criadora do LBV ( Late Bottled Vintage ), um estilo no qual a empresa foi pioneira e do qual continua a ser o principal produtor.<\/p>\n<p>As sucessivas gera\u00e7\u00f5es, com a sua experi\u00eancia, t\u00eam-se empenhado em apurar os conhecimentos e a capacidade de produzir vinhos do Porto cada vez melhores.<\/p>\n<p>Sediada no Porto e na regi\u00e3o do Douro, a empresa est\u00e1 envolvida em todas as fases da produ\u00e7\u00e3o dos seus vinhos do Porto, desde o plantio da vinha e cultivo das uvas \u00e0 elabora\u00e7\u00e3o, envelhecimento e engarrafamento dos lotes de vinhos. O compromisso da fam\u00edlia para o futuro do vinho do Porto \u00e9 demonstrado na sua dedica\u00e7\u00e3o com vista a atingir os mais altos padr\u00f5es na produ\u00e7\u00e3o de vinho do Porto, no seu investimento sustentado em todas as \u00e1reas de opera\u00e7\u00e3o da empresa e, por fim, na sua determina\u00e7\u00e3o em preservar o ambiente \u00fanico da regi\u00e3o do Douro atrav\u00e9s da promo\u00e7\u00e3o de uma viticultura sustent\u00e1vel e respons\u00e1vel.<\/p>\n<\/div>","protected":false},"excerpt":{"rendered":"<p>Profunda cor de tijolo com aur\u00e9ola \u00e2mbar. Nariz rico e elegante, combinando aromas de frutos silvestres maduros com delicados frutos secos e subtis e complexas notas de chocolate, caramelo amanteigado e madeira fina de carvalho. Macio e sedoso no paladar, cheio de sabores maduros a lembrar compota e figos que persistem no longo final.<\/p>","protected":false},"featured_media":16824,"template":"","meta":{"_exactmetrics_skip_tracking":false,"_exactmetrics_sitenote_active":false,"_exactmetrics_sitenote_note":"","_exactmetrics_sitenote_category":0,"_uf_show_specific_survey":0,"_uf_disable_surveys":false,"iawp_total_views":17},"product_brand":[],"product_cat":[175,159],"product_tag":[],"class_list":{"0":"post-12853","1":"product","2":"type-product","3":"status-publish","4":"has-post-thumbnail","6":"product_cat-porto-10-20-30-40-50-80","7":"product_cat-portos","9":"first","10":"instock","11":"shipping-taxable","12":"purchasable","13":"product-type-simple"},"_links":{"self":[{"href":"https:\/\/garrafeiragrandeescolha.pt\/de\/wp-json\/wp\/v2\/product\/12853","targetHints":{"allow":["GET"]}}],"collection":[{"href":"https:\/\/garrafeiragrandeescolha.pt\/de\/wp-json\/wp\/v2\/product"}],"about":[{"href":"https:\/\/garrafeiragrandeescolha.pt\/de\/wp-json\/wp\/v2\/types\/product"}],"wp:featuredmedia":[{"embeddable":true,"href":"https:\/\/garrafeiragrandeescolha.pt\/de\/wp-json\/wp\/v2\/media\/16824"}],"wp:attachment":[{"href":"https:\/\/garrafeiragrandeescolha.pt\/de\/wp-json\/wp\/v2\/media?parent=12853"}],"wp:term":[{"taxonomy":"product_brand","embeddable":true,"href":"https:\/\/garrafeiragrandeescolha.pt\/de\/wp-json\/wp\/v2\/product_brand?post=12853"},{"taxonomy":"product_cat","embeddable":true,"href":"https:\/\/garrafeiragrandeescolha.pt\/de\/wp-json\/wp\/v2\/product_cat?post=12853"},{"taxonomy":"product_tag","embeddable":true,"href":"https:\/\/garrafeiragrandeescolha.pt\/de\/wp-json\/wp\/v2\/product_tag?post=12853"}],"curies":[{"name":"wp","href":"https:\/\/api.w.org\/{rel}","templated":true}]}}