{"id":13002,"date":"2020-03-31T19:59:12","date_gmt":"2020-03-31T19:59:12","guid":{"rendered":"http:\/\/garrafeiragrandeescolha.pt\/?post_type=product&#038;p=13002"},"modified":"2025-10-14T11:50:43","modified_gmt":"2025-10-14T11:50:43","slug":"vieira-de-sousa-grande-reserva-tinto","status":"publish","type":"product","link":"https:\/\/garrafeiragrandeescolha.pt\/de\/produkt\/vieira-de-sousa-grande-reserva-tinto\/","title":{"rendered":"Vieira de Sousa Grande Reserva Tinto 2018 75cl"},"content":{"rendered":"<p style=\"text-align: center;\"><img decoding=\"async\" class=\"alignnone size-medium wp-image-15426\" src=\"http:\/\/garrafeiragrandeescolha.pt\/wp-content\/uploads\/2022\/02\/vieira-de-sousa-logo-300x121.jpg\" alt=\"\" width=\"300\" height=\"121\" srcset=\"https:\/\/garrafeiragrandeescolha.pt\/wp-content\/uploads\/2022\/02\/vieira-de-sousa-logo-300x121.jpg 300w, https:\/\/garrafeiragrandeescolha.pt\/wp-content\/uploads\/2022\/02\/vieira-de-sousa-logo.jpg 360w\" sizes=\"(max-width: 300px) 100vw, 300px\" \/><\/p>\n<p>Wir sind ein Familienunternehmen, das seit f\u00fcnf Generationen Portwein produziert. Im 19. Jahrhundert wurde die Marke von unserem Ururgro\u00dfvater Jos\u00e9 Silv\u00e9rio Vieira De Sousa gegr\u00fcndet.<\/p>\n<p>Jahre nach der Gr\u00fcndung der Marke erlebte das Unternehmen aufgrund der Verw\u00fcstung der Weinberge durch die Reblaus eine Phase finanzieller Instabilit\u00e4t, die auf jahrelange Produktionsausf\u00e4lle zur\u00fcckzuf\u00fchren war. In diesem Moment stand Jos\u00e9 Ermelindo, unser Urgro\u00dfvater, vor der schwierigen Entscheidung, die Marke zu verkaufen, um alle Weinberge der Familie neu zu bepflanzen und sich wieder auf die Produktion, Reifung und den Verkauf von Portwein zu konzentrieren das Fass.<\/p>\n<p>Im Jahr 2008, als eine neue Generation das Unternehmen leitete, beschloss Lu\u00edsa mit Hilfe ihres Vaters Ant\u00f3nio, erneut in die Abf\u00fcllung von Portwein zu investieren. \u201eVieira de Sousa\u201c erwarb neue Lagerhallen und Ausr\u00fcstung und brachte die Familie zur\u00fcck in das Portwein-Abf\u00fcllgesch\u00e4ft und sp\u00e4ter in Douro Wines.<\/p>\n<p>Alle unsere Weine werden aus Trauben von vier Familienbetrieben hergestellt, die fast 60 Hektar im Douro-Tal bedecken: Quinta da \u00c0gua Alta, Quinta do Fojo Velho, Quinta da Fonte und Quinta do Ronc\u00e3o Pequeno. Die Farmen liegen am Fluss Douro, was es dem Unternehmen erm\u00f6glicht, von Jahr zu Jahr unterschiedliche Weine unter Beibehaltung der Qualit\u00e4t zu produzieren.<\/p>","protected":false},"excerpt":{"rendered":"<p>Este vinho do Douro e\u0301 produzido com uvas provenientes de duas Quintas bastante especiais: a nossa vinha de Touriga Franca da Quinta da A\u0301gua Alta e de uma vinha velha da Quinta do Fojo Velho. Estas vinhas esta\u0303o localizadas em locais bastante diferentes, mas que se complementam, criando assim um equili\u0301brio duradouro neste vinho. A estrutura e complexidade proveniente da vinha velha combina na perfeic\u0327a\u0303o com o aveludado da Touriga Franca.<\/p>\n<p>A casta principal deste vinho e\u0301 a Touriga Francesa (50%), proveniente da Quinta da A\u0301gua Alta, sendo que a restante parte do blend e\u0301 uma mistura de va\u0301rias castas tais como Tinta Roriz, Touriga Nacional, Tinta Barroca e outras, que prove\u0302m da vinha velha da Quinta do Fojo. Esta mistura de castas e\u0301 o chamado fieldblend, uma vez que o lote e\u0301 feito na vinha e na\u0303o na adega.<\/p>\n<p>O Vieira de Sousa DOC Grande Reserva e\u0301 um vinho bastante suave e elegante, apresentando aromas ricos a fruta fresca e notas de especiaria. Na estrutura de boca e\u0301 um vinho equilibrado e fresco.<\/p>","protected":false},"featured_media":9611,"template":"","meta":{"_exactmetrics_skip_tracking":false,"_exactmetrics_sitenote_active":false,"_exactmetrics_sitenote_note":"","_exactmetrics_sitenote_category":0,"_uf_show_specific_survey":0,"_uf_disable_surveys":false,"iawp_total_views":38},"product_brand":[],"product_cat":[215,184,157],"product_tag":[],"class_list":{"0":"post-13002","1":"product","2":"type-product","3":"status-publish","4":"has-post-thumbnail","6":"product_cat-douro","7":"product_cat-tinto","8":"product_cat-vinhos","10":"first","11":"instock","12":"shipping-taxable","13":"purchasable","14":"product-type-simple"},"_links":{"self":[{"href":"https:\/\/garrafeiragrandeescolha.pt\/de\/wp-json\/wp\/v2\/product\/13002","targetHints":{"allow":["GET"]}}],"collection":[{"href":"https:\/\/garrafeiragrandeescolha.pt\/de\/wp-json\/wp\/v2\/product"}],"about":[{"href":"https:\/\/garrafeiragrandeescolha.pt\/de\/wp-json\/wp\/v2\/types\/product"}],"wp:featuredmedia":[{"embeddable":true,"href":"https:\/\/garrafeiragrandeescolha.pt\/de\/wp-json\/wp\/v2\/media\/9611"}],"wp:attachment":[{"href":"https:\/\/garrafeiragrandeescolha.pt\/de\/wp-json\/wp\/v2\/media?parent=13002"}],"wp:term":[{"taxonomy":"product_brand","embeddable":true,"href":"https:\/\/garrafeiragrandeescolha.pt\/de\/wp-json\/wp\/v2\/product_brand?post=13002"},{"taxonomy":"product_cat","embeddable":true,"href":"https:\/\/garrafeiragrandeescolha.pt\/de\/wp-json\/wp\/v2\/product_cat?post=13002"},{"taxonomy":"product_tag","embeddable":true,"href":"https:\/\/garrafeiragrandeescolha.pt\/de\/wp-json\/wp\/v2\/product_tag?post=13002"}],"curies":[{"name":"wp","href":"https:\/\/api.w.org\/{rel}","templated":true}]}}