{"id":13049,"date":"2020-04-02T19:58:23","date_gmt":"2020-04-02T19:58:23","guid":{"rendered":"http:\/\/garrafeiragrandeescolha.pt\/?post_type=product&#038;p=13049"},"modified":"2026-02-21T10:34:05","modified_gmt":"2026-02-21T10:34:05","slug":"quinta-do-cidro-sauvignon-blanc-75cl","status":"publish","type":"product","link":"https:\/\/garrafeiragrandeescolha.pt\/de\/produkt\/quinta-do-cidro-sauvignon-blanc-75cl\/","title":{"rendered":"Quinta do Cidr\u00f4 Sauvignon Blanc 75cl"},"content":{"rendered":"<p><img decoding=\"async\" class=\"size-medium wp-image-16024 aligncenter\" src=\"http:\/\/garrafeiragrandeescolha.pt\/wp-content\/uploads\/2022\/05\/real-companhia-velha-logo-300x120.jpg\" alt=\"\" width=\"300\" height=\"120\" srcset=\"https:\/\/garrafeiragrandeescolha.pt\/wp-content\/uploads\/2022\/05\/real-companhia-velha-logo-300x120.jpg 300w, https:\/\/garrafeiragrandeescolha.pt\/wp-content\/uploads\/2022\/05\/real-companhia-velha-logo-1024x410.jpg 1024w, https:\/\/garrafeiragrandeescolha.pt\/wp-content\/uploads\/2022\/05\/real-companhia-velha-logo-768x307.jpg 768w, https:\/\/garrafeiragrandeescolha.pt\/wp-content\/uploads\/2022\/05\/real-companhia-velha-logo-18x7.jpg 18w, https:\/\/garrafeiragrandeescolha.pt\/wp-content\/uploads\/2022\/05\/real-companhia-velha-logo-600x240.jpg 600w, https:\/\/garrafeiragrandeescolha.pt\/wp-content\/uploads\/2022\/05\/real-companhia-velha-logo.jpg 1250w\" sizes=\"(max-width: 300px) 100vw, 300px\" \/><\/p>\n<div id=\"fws_6275432146300\" class=\"wpb_row vc_row-fluid vc_row standard_section\" data-midnight=\"\" data-column-margin=\"default\" data-bg-mobile-hidden=\"\">\n<div class=\"col span_12 left\">\n<div class=\"vc_col-sm-10 wpb_column column_container vc_column_container col no-extra-padding instance-3 no-left-margin\" data-t-w-inherits=\"default\" data-shadow=\"none\" data-border-radius=\"none\" data-border-animation=\"\" data-border-animation-delay=\"\" data-border-width=\"none\" data-border-style=\"solid\" data-border-color=\"\" data-bg-cover=\"\" data-padding-pos=\"all\" data-has-bg-color=\"false\" data-bg-color=\"\" data-bg-opacity=\"1\" data-hover-bg=\"\" data-hover-bg-opacity=\"1\" data-animation=\"\" data-delay=\"0\">\n<div class=\"vc_column-inner\">\n<div class=\"wpb_wrapper\">\n<p class=\"vc_custom_heading\">Real Companhia Velha wurde am 10. September 1756 durch die k\u00f6nigliche Charta von K\u00f6nig D. Jos\u00e9 I. unter der Schirmherrschaft seines Premierministers Sebasti\u00e3o Jos\u00e9 de Carvalho e Melo, Graf von Oeiras und Marqu\u00eas de Pombal, gegr\u00fcndet und ist ihm seitdem treu geblieben seine alten Traditionen und bietet die besten Portweine.<\/p>\n<p class=\"vc_custom_heading\">Das Unternehmen besitzt einige der besten Quintas im Douro, gelegen in den besten Gegenden der Region. Wei\u00dfe Portweine stammen aus Quinta do Casal da Granja, wo das k\u00fchle Klima perfekt f\u00fcr die Produktion wei\u00dfer Trauben ist. Red Ports werden auf Parzellen in Quinta das Carvalhas, Aciprestes und S\u00edbio hergestellt. Die alten Weinberge der Quinta das Carvalhas sind der Ursprung unserer Premium-Portweine wie Vintages und Colheitas.<\/p>\n<\/div>\n<\/div>\n<\/div>\n<\/div>\n<\/div>","protected":false},"excerpt":{"rendered":"<p>A Real Companhia Velha foi fundada a 10 de Setembro de 1756 por Carta R\u00e9gia do Rei D. Jos\u00e9 I, sob os ausp\u00edcios do seu Primeiro-Ministro, Sebasti\u00e3o Jos\u00e9 de Carvalho e Melo, Conde de Oeiras e Marqu\u00eas de Pombal e desde ent\u00e3o tem sido fiel \u00e0s suas antigas tradi\u00e7\u00f5es, oferecendo os melhores Vinhos do Porto. [&hellip;]<\/p>","protected":false},"featured_media":9632,"template":"","meta":{"_exactmetrics_skip_tracking":false,"_exactmetrics_sitenote_active":false,"_exactmetrics_sitenote_note":"","_exactmetrics_sitenote_category":0,"_uf_show_specific_survey":0,"_uf_disable_surveys":false,"iawp_total_views":1},"product_brand":[],"product_cat":[185,188,157],"product_tag":[],"class_list":{"0":"post-13049","1":"product","2":"type-product","3":"status-publish","4":"has-post-thumbnail","6":"product_cat-branco","7":"product_cat-douro-branco","8":"product_cat-vinhos","10":"first","11":"instock","12":"shipping-taxable","13":"purchasable","14":"product-type-simple"},"_links":{"self":[{"href":"https:\/\/garrafeiragrandeescolha.pt\/de\/wp-json\/wp\/v2\/product\/13049","targetHints":{"allow":["GET"]}}],"collection":[{"href":"https:\/\/garrafeiragrandeescolha.pt\/de\/wp-json\/wp\/v2\/product"}],"about":[{"href":"https:\/\/garrafeiragrandeescolha.pt\/de\/wp-json\/wp\/v2\/types\/product"}],"wp:featuredmedia":[{"embeddable":true,"href":"https:\/\/garrafeiragrandeescolha.pt\/de\/wp-json\/wp\/v2\/media\/9632"}],"wp:attachment":[{"href":"https:\/\/garrafeiragrandeescolha.pt\/de\/wp-json\/wp\/v2\/media?parent=13049"}],"wp:term":[{"taxonomy":"product_brand","embeddable":true,"href":"https:\/\/garrafeiragrandeescolha.pt\/de\/wp-json\/wp\/v2\/product_brand?post=13049"},{"taxonomy":"product_cat","embeddable":true,"href":"https:\/\/garrafeiragrandeescolha.pt\/de\/wp-json\/wp\/v2\/product_cat?post=13049"},{"taxonomy":"product_tag","embeddable":true,"href":"https:\/\/garrafeiragrandeescolha.pt\/de\/wp-json\/wp\/v2\/product_tag?post=13049"}],"curies":[{"name":"wp","href":"https:\/\/api.w.org\/{rel}","templated":true}]}}