{"id":13266,"date":"2020-04-09T21:50:02","date_gmt":"2020-04-09T21:50:02","guid":{"rendered":"http:\/\/garrafeiragrandeescolha.pt\/?post_type=product&#038;p=13266"},"modified":"2026-02-07T12:39:27","modified_gmt":"2026-02-07T12:39:27","slug":"serras-de-grandola-sonderedition-rot-2016-75cl","status":"publish","type":"product","link":"https:\/\/garrafeiragrandeescolha.pt\/de\/produkt\/serras-de-grandola-sonderedition-rot-2016-75cl\/","title":{"rendered":"Serras de Gr\u00e2ndola Special Edition Red 2016 75cl"},"content":{"rendered":"<p><img decoding=\"async\" class=\"size-medium wp-image-21127 aligncenter\" src=\"https:\/\/garrafeiragrandeescolha.pt\/wp-content\/uploads\/2020\/04\/logo_new-300x84.png\" alt=\"\" width=\"300\" height=\"84\" srcset=\"https:\/\/garrafeiragrandeescolha.pt\/wp-content\/uploads\/2020\/04\/logo_new-300x84.png 300w, https:\/\/garrafeiragrandeescolha.pt\/wp-content\/uploads\/2020\/04\/logo_new-18x5.png 18w, https:\/\/garrafeiragrandeescolha.pt\/wp-content\/uploads\/2020\/04\/logo_new.png 551w\" sizes=\"(max-width: 300px) 100vw, 300px\" \/><\/p>\n<p>Das Anwesen, auf dem die Weine von Serras de Gr\u00e2ndola hergestellt werden, verf\u00fcgt \u00fcber einen 50 Jahre alten Weinberg, der 1961 gepflanzt wurde, und einen neuen Weinberg aus dem Jahr 2008.<\/p>\n<p>Die Weinberge liegen etwa 10 km vom Meer entfernt, zwischen den Str\u00e4nden Aberta Nova und Gal\u00e9, und unterliegen dem Einfluss der Atlantikbrisen. Dar\u00fcber hinaus liegen sie auf einer H\u00f6he von 150 m am Westhang der Serra de Gr\u00e2ndola, was f\u00fcr die f\u00fcr eine ausreichende Reifung notwendige n\u00e4chtliche K\u00fchle sorgt. Die gro\u00dfe Mineralit\u00e4t der B\u00f6den mit einem \u00fcberwiegenden Anteil an Eisen und Schiefer erg\u00e4nzt die Besonderheit des Standorts.<\/p>\n<p>Die Weine werden im hauseigenen Keller in Zusammenarbeit mit der ganzen Familie hergestellt.<\/p>\n<p>Die B\u00f6den sind arm an organischer Substanz und weisen einen hohen Eisengehalt auf.<\/p>\n<p>Berliner Weintroph\u00e4e 2018 \u2013 Goldmedaille Serras de Gr\u00e2ndola rot<\/p>\n<p>Sonderausgabe 2015 \u2013 Serras de Gr\u00e2ndola rot Sonderausgabe 2015<br \/>\nMundus Vini Fr\u00fchlingsverkostung 2018 \u2013 Silbermedaille Serras de Gr\u00e2ndola rot Sonderausgabe 2015.<\/p>","protected":false},"excerpt":{"rendered":"<p>Trauben: Baga, Camarate, Castel\u00e3o, Bastardo (Vinha Cinquenten\u00e1ria)<\/p>\n<p>De cor rubi carregada e viva, apresenta-se elegante, distinto, com notas de frutos silvestres maduros, especiarias, bel\u00edssima tosta em equil\u00edbrio com o bouquet arom\u00e1tico que destaca os aromas de tabaco e couro. Nobre e bem estruturado, tudo muito bem interligado, a fruta, a madeira, os taninos sedosos e a frescura cativante, deixa um final persistente e sedutor.<\/p>","protected":false},"featured_media":9731,"template":"","meta":{"_exactmetrics_skip_tracking":false,"_exactmetrics_sitenote_active":false,"_exactmetrics_sitenote_note":"","_exactmetrics_sitenote_category":0,"_uf_show_specific_survey":0,"_uf_disable_surveys":false,"iawp_total_views":36},"product_brand":[],"product_cat":[214,184,157],"product_tag":[],"class_list":{"0":"post-13266","1":"product","2":"type-product","3":"status-publish","4":"has-post-thumbnail","6":"product_cat-setubal","7":"product_cat-tinto","8":"product_cat-vinhos","10":"first","11":"instock","12":"shipping-taxable","13":"purchasable","14":"product-type-simple"},"_links":{"self":[{"href":"https:\/\/garrafeiragrandeescolha.pt\/de\/wp-json\/wp\/v2\/product\/13266","targetHints":{"allow":["GET"]}}],"collection":[{"href":"https:\/\/garrafeiragrandeescolha.pt\/de\/wp-json\/wp\/v2\/product"}],"about":[{"href":"https:\/\/garrafeiragrandeescolha.pt\/de\/wp-json\/wp\/v2\/types\/product"}],"wp:featuredmedia":[{"embeddable":true,"href":"https:\/\/garrafeiragrandeescolha.pt\/de\/wp-json\/wp\/v2\/media\/9731"}],"wp:attachment":[{"href":"https:\/\/garrafeiragrandeescolha.pt\/de\/wp-json\/wp\/v2\/media?parent=13266"}],"wp:term":[{"taxonomy":"product_brand","embeddable":true,"href":"https:\/\/garrafeiragrandeescolha.pt\/de\/wp-json\/wp\/v2\/product_brand?post=13266"},{"taxonomy":"product_cat","embeddable":true,"href":"https:\/\/garrafeiragrandeescolha.pt\/de\/wp-json\/wp\/v2\/product_cat?post=13266"},{"taxonomy":"product_tag","embeddable":true,"href":"https:\/\/garrafeiragrandeescolha.pt\/de\/wp-json\/wp\/v2\/product_tag?post=13266"}],"curies":[{"name":"wp","href":"https:\/\/api.w.org\/{rel}","templated":true}]}}