{"id":13284,"date":"2020-04-11T12:16:32","date_gmt":"2020-04-11T12:16:32","guid":{"rendered":"http:\/\/garrafeiragrandeescolha.pt\/?post_type=product&#038;p=13284"},"modified":"2024-08-07T11:49:25","modified_gmt":"2024-08-07T11:49:25","slug":"maria-izabel-branco-75cl","status":"publish","type":"product","link":"https:\/\/garrafeiragrandeescolha.pt\/de\/produkt\/maria-izabel-branco-75cl\/","title":{"rendered":"Maria Izabel Branco 2021 75cl"},"content":{"rendered":"<p><img decoding=\"async\" class=\"size-medium wp-image-15061 aligncenter\" src=\"http:\/\/garrafeiragrandeescolha.pt\/wp-content\/uploads\/2022\/02\/quinta-maria-izabel-logo-300x110.jpg\" alt=\"\" width=\"300\" height=\"110\" srcset=\"https:\/\/garrafeiragrandeescolha.pt\/wp-content\/uploads\/2022\/02\/quinta-maria-izabel-logo-300x110.jpg 300w, https:\/\/garrafeiragrandeescolha.pt\/wp-content\/uploads\/2022\/02\/quinta-maria-izabel-logo-768x282.jpg 768w, https:\/\/garrafeiragrandeescolha.pt\/wp-content\/uploads\/2022\/02\/quinta-maria-izabel-logo-600x221.jpg 600w, https:\/\/garrafeiragrandeescolha.pt\/wp-content\/uploads\/2022\/02\/quinta-maria-izabel-logo.jpg 870w\" sizes=\"(max-width: 300px) 100vw, 300px\" \/><\/p>\n<p>Geburtsort dessen, was wir sind und tun: Der Fluss hat die Berge und die Menschen geschaffen, die diesen Ursprung atmen.<\/p>\n<div class=\"large-12 columns mt-px20\">\n<p>Der Douro, so weit das Auge reicht: Das ist die Landschaft, das ist die Kulisse f\u00fcr unsere Weine. Quinta Maria Izabel erstreckt sich \u00fcber 130 Hektar in einer der privilegiertesten Gegenden der Region Duriense. Aus einem Ansto\u00df wurde ein tolles Projekt. Eine Idee, die in portugiesischen L\u00e4ndern schlie\u00dflich mehr als ein brasilianischer Traum ist. Willkommen zu einer Idee, die in ein gro\u00dfartiges Projekt verwandelt wurde.<\/p>\n<p>Der Douro ist das gro\u00dfe Werk des Menschen in der Natur: Jahrtausende des Eingriffs und jahrhundertelange Bauarbeiten haben den portugiesischen Douro geformt und aufgebaut. Ein Verh\u00e4ltnis von St\u00e4rke und Charakter manifestiert sich in der Pracht der Weinberge und dem Wein, den sie produzieren. Die Weinberge, die die Kurven des Flusses kr\u00fcmmen, wachsen und formen seit 80 Jahren ihre Genialit\u00e4t. Die Pers\u00f6nlichkeiten, aus denen sich dieses Orchester zusammensetzt, variieren bei den wei\u00dfen Rebsorten zwischen Viosinho, Rabigato, C\u00f3dega do Larinho und Gew\u00fcrztraminer, alle vier Jahre alt, und der Dame dieser Terrassen, Vinhas Velhas, die 80 Jahre alt ist. Bei den roten Sorten ist das lusitanische Blut der Gewinner, mit Namen wie Touriga Nacional, Touriga Franca und Barroca, Tinta Roriz, Tinta Amarela, Tinta Francisca Tinto C\u00e3o und Sous\u00e3o und als Kr\u00f6nung Mistura Tinto.<\/p>\n<\/div>","protected":false},"excerpt":{"rendered":"<p>Castas: Cerceal, Viosinho, Rabigato, C\u00f3dego do Larinho, Arinto, Folgas\u00e3o, Verdelho e Vinhas Velhas<\/p>\n<p>De cor amarelo descorado, apresenta um aroma fresco denotando complexidade. Tem um bom car\u00e1cter mineral, que lhe confere frescura, juntamente com notas de fruto de pomar, citrinos leve aroma a fumo e especiarias. Franco na boca apresenta-se mineral, envolvente com acidez temperada pela leve untuosidade concedida pela parcial malol\u00e1ctica realizada em barrica.<\/p>","protected":false},"featured_media":3070,"template":"","meta":{"_exactmetrics_skip_tracking":false,"_exactmetrics_sitenote_active":false,"_exactmetrics_sitenote_note":"","_exactmetrics_sitenote_category":0,"_uf_show_specific_survey":0,"_uf_disable_surveys":false,"iawp_total_views":14},"product_brand":[],"product_cat":[157,185,188],"product_tag":[],"class_list":{"0":"post-13284","1":"product","2":"type-product","3":"status-publish","4":"has-post-thumbnail","6":"product_cat-vinhos","7":"product_cat-branco","8":"product_cat-douro-branco","10":"first","11":"instock","12":"shipping-taxable","13":"purchasable","14":"product-type-simple"},"_links":{"self":[{"href":"https:\/\/garrafeiragrandeescolha.pt\/de\/wp-json\/wp\/v2\/product\/13284","targetHints":{"allow":["GET"]}}],"collection":[{"href":"https:\/\/garrafeiragrandeescolha.pt\/de\/wp-json\/wp\/v2\/product"}],"about":[{"href":"https:\/\/garrafeiragrandeescolha.pt\/de\/wp-json\/wp\/v2\/types\/product"}],"wp:featuredmedia":[{"embeddable":true,"href":"https:\/\/garrafeiragrandeescolha.pt\/de\/wp-json\/wp\/v2\/media\/3070"}],"wp:attachment":[{"href":"https:\/\/garrafeiragrandeescolha.pt\/de\/wp-json\/wp\/v2\/media?parent=13284"}],"wp:term":[{"taxonomy":"product_brand","embeddable":true,"href":"https:\/\/garrafeiragrandeescolha.pt\/de\/wp-json\/wp\/v2\/product_brand?post=13284"},{"taxonomy":"product_cat","embeddable":true,"href":"https:\/\/garrafeiragrandeescolha.pt\/de\/wp-json\/wp\/v2\/product_cat?post=13284"},{"taxonomy":"product_tag","embeddable":true,"href":"https:\/\/garrafeiragrandeescolha.pt\/de\/wp-json\/wp\/v2\/product_tag?post=13284"}],"curies":[{"name":"wp","href":"https:\/\/api.w.org\/{rel}","templated":true}]}}