{"id":13326,"date":"2020-04-13T11:29:23","date_gmt":"2020-04-13T11:29:23","guid":{"rendered":"http:\/\/garrafeiragrandeescolha.pt\/?post_type=product&#038;p=13326"},"modified":"2023-11-06T16:49:51","modified_gmt":"2023-11-06T16:49:51","slug":"porto-pacheca-tawny-20-anos-50cl","status":"publish","type":"product","link":"https:\/\/garrafeiragrandeescolha.pt\/de\/produkt\/porto-pacheca-tawny-20-anos-50cl\/","title":{"rendered":"Porto Pacheca Tawny 20 Anos 75cl"},"content":{"rendered":"<p><img decoding=\"async\" class=\"size-full wp-image-15359 aligncenter\" src=\"http:\/\/garrafeiragrandeescolha.pt\/wp-content\/uploads\/2022\/02\/pacheca-logo.jpg\" alt=\"\" width=\"295\" height=\"134\" \/><\/p>\n<p>Quinta da Pacheca, einer der bekanntesten Bauernh\u00f6fe in der Douro-Region, war auch einer der ersten Betriebe, der Wein unter seiner eigenen Marke abf\u00fcllte. Zum ersten Mal wird es in einem Dokument vom April 1738 erw\u00e4hnt, in dem es als \u201ePacheca\u201c bezeichnet wird, da es Eigentum von D. Mariana Pacheco Pereira ist. Aber erst 1903, als D. Jos\u00e9 Freire de Serpa Pimentel beschloss, sein Interesse an der \u00d6nologie zu entwickeln, kaufte er die Farm und begann, sich ernsthaft dem riskanten Gesch\u00e4ft der Weinherstellung zu widmen. Heute, ein Jahrhundert und viele Erfolge sp\u00e4ter, eine neue Generation der Familie Serpa Pimentel.<\/p>","protected":false},"excerpt":{"rendered":"<p><strong>CASTAS: <\/strong>Castas tradicionais de uvas tintas da regi\u00e3o do Douro origin\u00e1rias de Vinhas Velhas.<\/p>\n<p>Apresenta uma cor \u00e2mbar brilhante com um nariz elegante e notas evidentes de figos secos, nozes e caramelo.\u00a0Na boca \u00e9 extremamente macio, com uma acidez que lhe confere frescura, destacando-se mais uma vez as notas de frutos secos e caramelo.<\/p>\n<p>Deve ser consumido ligeiramente fresco no final da refei\u00e7\u00e3o, acompanhando sobremesas de pralin\u00e9 de caramelo, frutos secos ou ovos doces.\u00a0Deve ser servido entre 16 e 18\u00baC.<\/p>","protected":false},"featured_media":10330,"template":"","meta":{"_exactmetrics_skip_tracking":false,"_exactmetrics_sitenote_active":false,"_exactmetrics_sitenote_note":"","_exactmetrics_sitenote_category":0,"_uf_show_specific_survey":0,"_uf_disable_surveys":false,"iawp_total_views":14},"product_brand":[],"product_cat":[159,175],"product_tag":[],"class_list":{"0":"post-13326","1":"product","2":"type-product","3":"status-publish","4":"has-post-thumbnail","6":"product_cat-portos","7":"product_cat-porto-10-20-30-40-50-80","9":"first","10":"instock","11":"shipping-taxable","12":"purchasable","13":"product-type-simple"},"_links":{"self":[{"href":"https:\/\/garrafeiragrandeescolha.pt\/de\/wp-json\/wp\/v2\/product\/13326","targetHints":{"allow":["GET"]}}],"collection":[{"href":"https:\/\/garrafeiragrandeescolha.pt\/de\/wp-json\/wp\/v2\/product"}],"about":[{"href":"https:\/\/garrafeiragrandeescolha.pt\/de\/wp-json\/wp\/v2\/types\/product"}],"wp:featuredmedia":[{"embeddable":true,"href":"https:\/\/garrafeiragrandeescolha.pt\/de\/wp-json\/wp\/v2\/media\/10330"}],"wp:attachment":[{"href":"https:\/\/garrafeiragrandeescolha.pt\/de\/wp-json\/wp\/v2\/media?parent=13326"}],"wp:term":[{"taxonomy":"product_brand","embeddable":true,"href":"https:\/\/garrafeiragrandeescolha.pt\/de\/wp-json\/wp\/v2\/product_brand?post=13326"},{"taxonomy":"product_cat","embeddable":true,"href":"https:\/\/garrafeiragrandeescolha.pt\/de\/wp-json\/wp\/v2\/product_cat?post=13326"},{"taxonomy":"product_tag","embeddable":true,"href":"https:\/\/garrafeiragrandeescolha.pt\/de\/wp-json\/wp\/v2\/product_tag?post=13326"}],"curies":[{"name":"wp","href":"https:\/\/api.w.org\/{rel}","templated":true}]}}