{"id":13368,"date":"2020-04-13T19:40:41","date_gmt":"2020-04-13T19:40:41","guid":{"rendered":"http:\/\/garrafeiragrandeescolha.pt\/?post_type=product&#038;p=13368"},"modified":"2024-01-26T18:12:27","modified_gmt":"2024-01-26T18:12:27","slug":"vinha-do-jeremias-tinto-75cl","status":"publish","type":"product","link":"https:\/\/garrafeiragrandeescolha.pt\/de\/produkt\/vinha-do-jeremias-tinto-75cl\/","title":{"rendered":"Vinha do Jeremias Syrah Tinto 2020 75cl"},"content":{"rendered":"<p><img fetchpriority=\"high\" decoding=\"async\" class=\"size-medium wp-image-15294 aligncenter\" src=\"http:\/\/garrafeiragrandeescolha.pt\/wp-content\/uploads\/2022\/02\/joao-portugal-ramos-logo-300x300.png\" alt=\"\" width=\"300\" height=\"300\" srcset=\"https:\/\/garrafeiragrandeescolha.pt\/wp-content\/uploads\/2022\/02\/joao-portugal-ramos-logo-300x300.png 300w, https:\/\/garrafeiragrandeescolha.pt\/wp-content\/uploads\/2022\/02\/joao-portugal-ramos-logo-150x150.png 150w, https:\/\/garrafeiragrandeescolha.pt\/wp-content\/uploads\/2022\/02\/joao-portugal-ramos-logo-768x768.png 768w, https:\/\/garrafeiragrandeescolha.pt\/wp-content\/uploads\/2022\/02\/joao-portugal-ramos-logo-600x600.png 600w, https:\/\/garrafeiragrandeescolha.pt\/wp-content\/uploads\/2022\/02\/joao-portugal-ramos-logo-100x100.png 100w, https:\/\/garrafeiragrandeescolha.pt\/wp-content\/uploads\/2022\/02\/joao-portugal-ramos-logo.png 800w\" sizes=\"(max-width: 300px) 100vw, 300px\" \/><\/p>\n<p>Os vinhos do Grupo Jo\u00e3o Portugal Ramos est\u00e3o presentes por todo o mundo, sendo l\u00edderes de vendas de vinhos portugueses em alguns pa\u00edses.<br \/>\nHoje, o en\u00f3logo tem a seu lado dois dos seus cinco filhos, Jo\u00e3o Maria no departamento de enologia e Filipa no departamento de marketing, dando continuidade ao neg\u00f3cio de fam\u00edlia.<\/p>","protected":false},"excerpt":{"rendered":"<p>Castas: Syrah<\/p>\n<div class=\"cars-holder\"><span id=\"cph1_24_info_vinho_188_rptr_cars_lbl_car_tit_4\" class=\"titulo\">Praktikum: <\/span>12 meses em meias pipas novas de carvalho americano e franc\u00eas.<\/div>\n<p>Uma grande concentra\u00e7\u00e3o arom\u00e1tica destacando-se notas minerais, especiarias e ainda algumas sugest\u00f5es a chocolate amargo e fruta madura. \u00c9 um tinto potente, elegante e macio, com taninos compactos e grande persist\u00eancia final.<\/p>","protected":false},"featured_media":3306,"template":"","meta":{"_exactmetrics_skip_tracking":false,"_exactmetrics_sitenote_active":false,"_exactmetrics_sitenote_note":"","_exactmetrics_sitenote_category":0,"_uf_show_specific_survey":0,"_uf_disable_surveys":false,"iawp_total_views":42},"product_brand":[],"product_cat":[157,184,207],"product_tag":[],"class_list":{"0":"post-13368","1":"product","2":"type-product","3":"status-publish","4":"has-post-thumbnail","6":"product_cat-vinhos","7":"product_cat-tinto","8":"product_cat-alentejo","10":"first","11":"instock","12":"shipping-taxable","13":"purchasable","14":"product-type-simple"},"_links":{"self":[{"href":"https:\/\/garrafeiragrandeescolha.pt\/de\/wp-json\/wp\/v2\/product\/13368","targetHints":{"allow":["GET"]}}],"collection":[{"href":"https:\/\/garrafeiragrandeescolha.pt\/de\/wp-json\/wp\/v2\/product"}],"about":[{"href":"https:\/\/garrafeiragrandeescolha.pt\/de\/wp-json\/wp\/v2\/types\/product"}],"wp:featuredmedia":[{"embeddable":true,"href":"https:\/\/garrafeiragrandeescolha.pt\/de\/wp-json\/wp\/v2\/media\/3306"}],"wp:attachment":[{"href":"https:\/\/garrafeiragrandeescolha.pt\/de\/wp-json\/wp\/v2\/media?parent=13368"}],"wp:term":[{"taxonomy":"product_brand","embeddable":true,"href":"https:\/\/garrafeiragrandeescolha.pt\/de\/wp-json\/wp\/v2\/product_brand?post=13368"},{"taxonomy":"product_cat","embeddable":true,"href":"https:\/\/garrafeiragrandeescolha.pt\/de\/wp-json\/wp\/v2\/product_cat?post=13368"},{"taxonomy":"product_tag","embeddable":true,"href":"https:\/\/garrafeiragrandeescolha.pt\/de\/wp-json\/wp\/v2\/product_tag?post=13368"}],"curies":[{"name":"wp","href":"https:\/\/api.w.org\/{rel}","templated":true}]}}