{"id":13522,"date":"2020-04-21T10:08:24","date_gmt":"2020-04-21T10:08:24","guid":{"rendered":"http:\/\/garrafeiragrandeescolha.pt\/?post_type=product&#038;p=13522"},"modified":"2023-07-11T09:12:55","modified_gmt":"2023-07-11T09:12:55","slug":"herdade-dos-veros-selection-tinto-2018-75cl","status":"publish","type":"product","link":"https:\/\/garrafeiragrandeescolha.pt\/de\/produkt\/herdade-dos-veros-selection-tinto-2018-75cl\/","title":{"rendered":"Herdade dos Veros Family Selection Red 2020 75cl"},"content":{"rendered":"<p><img fetchpriority=\"high\" decoding=\"async\" class=\"size-medium wp-image-16784 aligncenter\" src=\"http:\/\/garrafeiragrandeescolha.pt\/wp-content\/uploads\/2022\/11\/morais-rocha-logo-300x200.jpg\" alt=\"\" width=\"300\" height=\"200\" srcset=\"https:\/\/garrafeiragrandeescolha.pt\/wp-content\/uploads\/2022\/11\/morais-rocha-logo-300x200.jpg 300w, https:\/\/garrafeiragrandeescolha.pt\/wp-content\/uploads\/2022\/11\/morais-rocha-logo-18x12.jpg 18w, https:\/\/garrafeiragrandeescolha.pt\/wp-content\/uploads\/2022\/11\/morais-rocha-logo.jpg 450w\" sizes=\"(max-width: 300px) 100vw, 300px\" \/><\/p>\n<p>A Morais Rocha Wines nasce da vontade, h\u00e1 muito esbo\u00e7ada, em produzir vinhos de excel\u00eancia que exprimissem todo o car\u00e1cter singular da regi\u00e3o da Vidigueira.<\/p>\n<p>O cuidado com os produtos n\u00e3o termina com a venda. A exig\u00eancia da casa Morais Rocha leva a que os seus produtos aquando exportados sejam devidamente acondicionados em contentores de modo a garantir que n\u00e3o hajam altera\u00e7\u00f5es nos mesmos, quer por diferen\u00e7as t\u00e9rmicas, quer por outros agentes agressivos externos.<\/p>","protected":false},"excerpt":{"rendered":"<p>Castas: Alicante Bouschet, Aragonez e Cabernet Sauvignon<\/p>\n<p>Est\u00e1gio: 6 meses em barricas de Carvalho Franc\u00eas e Americano.<\/p>\n<p>Cor vermelha com alguma profundidade; aroma intenso, rico numa combina\u00e7\u00e3o bem integrada de frutos silvestres, frescura bals\u00e2mica e presen\u00e7a de madeira; vinho encorpado com taninos muito bem estruturados e ligados com fruta madura acabando num final firme, rico e de grande volume.<\/p>","protected":false},"featured_media":3864,"template":"","meta":{"_exactmetrics_skip_tracking":false,"_exactmetrics_sitenote_active":false,"_exactmetrics_sitenote_note":"","_exactmetrics_sitenote_category":0,"_uf_show_specific_survey":0,"_uf_disable_surveys":false,"iawp_total_views":67},"product_brand":[],"product_cat":[207,186,184,157],"product_tag":[],"class_list":{"0":"post-13522","1":"product","2":"type-product","3":"status-publish","4":"has-post-thumbnail","6":"product_cat-alentejo","7":"product_cat-rose","8":"product_cat-tinto","9":"product_cat-vinhos","11":"first","12":"instock","13":"shipping-taxable","14":"purchasable","15":"product-type-simple"},"_links":{"self":[{"href":"https:\/\/garrafeiragrandeescolha.pt\/de\/wp-json\/wp\/v2\/product\/13522","targetHints":{"allow":["GET"]}}],"collection":[{"href":"https:\/\/garrafeiragrandeescolha.pt\/de\/wp-json\/wp\/v2\/product"}],"about":[{"href":"https:\/\/garrafeiragrandeescolha.pt\/de\/wp-json\/wp\/v2\/types\/product"}],"wp:featuredmedia":[{"embeddable":true,"href":"https:\/\/garrafeiragrandeescolha.pt\/de\/wp-json\/wp\/v2\/media\/3864"}],"wp:attachment":[{"href":"https:\/\/garrafeiragrandeescolha.pt\/de\/wp-json\/wp\/v2\/media?parent=13522"}],"wp:term":[{"taxonomy":"product_brand","embeddable":true,"href":"https:\/\/garrafeiragrandeescolha.pt\/de\/wp-json\/wp\/v2\/product_brand?post=13522"},{"taxonomy":"product_cat","embeddable":true,"href":"https:\/\/garrafeiragrandeescolha.pt\/de\/wp-json\/wp\/v2\/product_cat?post=13522"},{"taxonomy":"product_tag","embeddable":true,"href":"https:\/\/garrafeiragrandeescolha.pt\/de\/wp-json\/wp\/v2\/product_tag?post=13522"}],"curies":[{"name":"wp","href":"https:\/\/api.w.org\/{rel}","templated":true}]}}