{"id":13559,"date":"2020-04-22T11:31:45","date_gmt":"2020-04-22T11:31:45","guid":{"rendered":"http:\/\/garrafeiragrandeescolha.pt\/?post_type=product&#038;p=13559"},"modified":"2026-01-09T17:27:42","modified_gmt":"2026-01-09T17:27:42","slug":"gin-bombay-star-of-bombay-70cl","status":"publish","type":"product","link":"https:\/\/garrafeiragrandeescolha.pt\/de\/produkt\/gin-bombay-star-of-bombay-70cl\/","title":{"rendered":"Gin Star of Bombay 70cl"},"content":{"rendered":"<p><img fetchpriority=\"high\" decoding=\"async\" class=\"size-medium wp-image-17510 aligncenter\" src=\"http:\/\/garrafeiragrandeescolha.pt\/wp-content\/uploads\/2023\/04\/Bombay-Sapphire-Logo-300x169.png\" alt=\"\" width=\"300\" height=\"169\" srcset=\"https:\/\/garrafeiragrandeescolha.pt\/wp-content\/uploads\/2023\/04\/Bombay-Sapphire-Logo-300x169.png 300w, https:\/\/garrafeiragrandeescolha.pt\/wp-content\/uploads\/2023\/04\/Bombay-Sapphire-Logo-1024x576.png 1024w, https:\/\/garrafeiragrandeescolha.pt\/wp-content\/uploads\/2023\/04\/Bombay-Sapphire-Logo-768x432.png 768w, https:\/\/garrafeiragrandeescolha.pt\/wp-content\/uploads\/2023\/04\/Bombay-Sapphire-Logo-1536x864.png 1536w, https:\/\/garrafeiragrandeescolha.pt\/wp-content\/uploads\/2023\/04\/Bombay-Sapphire-Logo-2048x1152.png 2048w, https:\/\/garrafeiragrandeescolha.pt\/wp-content\/uploads\/2023\/04\/Bombay-Sapphire-Logo-18x10.png 18w, https:\/\/garrafeiragrandeescolha.pt\/wp-content\/uploads\/2023\/04\/Bombay-Sapphire-Logo-600x338.png 600w\" sizes=\"(max-width: 300px) 100vw, 300px\" \/><\/p>\n<p>Bombay Sapphire\u00a0\u00e9 uma marca de\u00a0gin\u00a0lan\u00e7ada pela primeira vez em 1986 pelo comerciante de vinhos ingl\u00eas IDV a\u00a0Diageo, mesma empresa dona de bebidas como a\u00a0C\u00eeroc Vodka.<\/p>\n<p>Em 1997, a\u00a0Diageo\u00a0vendeu a marca para a\u00a0Bacardi. Seu nome se origina da popularidade do gin na\u00a0\u00cdndia\u00a0durante o\u00a0Raj brit\u00e2nico\u00a0e &#8220;Sapphire&#8221; refere-se \u00e0 estrela azul-violeta de Bombaim que foi extra\u00edda do\u00a0Sri Lanka\u00a0e agora est\u00e1 em exibi\u00e7\u00e3o no\u00a0Smithsonian Institution.\u00a0O Bombay Sapphire \u00e9 comercializado em um frasco cor de safira com a face plana e uma imagem da\u00a0Rainha Vit\u00f3ria\u00a0no r\u00f3tulo.<\/p>\n<p>O sabor da bebida vem de uma receita de dez ingredientes:\u00a0am\u00eandoa, casca de\u00a0lim\u00e3o\u00a0, alca\u00e7uz,\u00a0bagas de zimbro, raiz de\u00a0l\u00edrio,\u00a0ang\u00e9lica,\u00a0coentro,\u00a0c\u00e1ssia,\u00a0cubebe\u00a0e\u00a0gr\u00e3os do para\u00edso. O \u00e1lcool trazido de outro fornecedor \u00e9 evaporado tr\u00eas vezes em um\u00a0destilador, e os vapores do \u00e1lcool passam por uma malha \/ cesta contendo os dez bot\u00e2nicos, para ganhar sabor e aroma.<\/p>\n<p>Isso d\u00e1 ao gin um sabor mais leve e floral em compara\u00e7\u00e3o com os gins que s\u00e3o criados com um\u00a0alambique de cobre.\u00a0\u00c1gua do Lago Vyrnwy \u00e9 adicionada para reduzir a for\u00e7a do Bombay Sapphire para 40,0% (Reino Unido, Pa\u00edses N\u00f3rdicos, v\u00e1rios mercados da Europa continental, Canad\u00e1 e Austr\u00e1lia).<\/p>","protected":false},"excerpt":{"rendered":"<p><img decoding=\"async\" class=\"alignnone size-full wp-image-3908\" src=\"https:\/\/garrafeiragrandeescolha.pt\/wp-content\/uploads\/2020\/03\/inglaterra.jpg\" alt=\"\" width=\"75\" height=\"40\" \/>Herkunft England<\/p>\n<p>Star of Bombay \u00e9 uma variante super premium de Bombay Sapphire.\u00a0As notas cl\u00e1ssicas de zimbro, ang\u00e9lica e coentro foram intensificadas, com a adi\u00e7\u00e3o de sementes de bergamota e ambreta, oferecendo exotismo extra.\u00a0Um gin rico e intenso.<\/p>","protected":false},"featured_media":4004,"template":"","meta":{"_exactmetrics_skip_tracking":false,"_exactmetrics_sitenote_active":false,"_exactmetrics_sitenote_note":"","_exactmetrics_sitenote_category":0,"_uf_show_specific_survey":0,"_uf_disable_surveys":false,"iawp_total_views":105},"product_brand":[],"product_cat":[158,183,162],"product_tag":[],"class_list":{"0":"post-13559","1":"product","2":"type-product","3":"status-publish","4":"has-post-thumbnail","6":"product_cat-espirituosos","7":"product_cat-gin","8":"product_cat-raridades","10":"first","11":"instock","12":"shipping-taxable","13":"purchasable","14":"product-type-simple"},"_links":{"self":[{"href":"https:\/\/garrafeiragrandeescolha.pt\/de\/wp-json\/wp\/v2\/product\/13559","targetHints":{"allow":["GET"]}}],"collection":[{"href":"https:\/\/garrafeiragrandeescolha.pt\/de\/wp-json\/wp\/v2\/product"}],"about":[{"href":"https:\/\/garrafeiragrandeescolha.pt\/de\/wp-json\/wp\/v2\/types\/product"}],"wp:featuredmedia":[{"embeddable":true,"href":"https:\/\/garrafeiragrandeescolha.pt\/de\/wp-json\/wp\/v2\/media\/4004"}],"wp:attachment":[{"href":"https:\/\/garrafeiragrandeescolha.pt\/de\/wp-json\/wp\/v2\/media?parent=13559"}],"wp:term":[{"taxonomy":"product_brand","embeddable":true,"href":"https:\/\/garrafeiragrandeescolha.pt\/de\/wp-json\/wp\/v2\/product_brand?post=13559"},{"taxonomy":"product_cat","embeddable":true,"href":"https:\/\/garrafeiragrandeescolha.pt\/de\/wp-json\/wp\/v2\/product_cat?post=13559"},{"taxonomy":"product_tag","embeddable":true,"href":"https:\/\/garrafeiragrandeescolha.pt\/de\/wp-json\/wp\/v2\/product_tag?post=13559"}],"curies":[{"name":"wp","href":"https:\/\/api.w.org\/{rel}","templated":true}]}}