{"id":13602,"date":"2020-04-22T21:53:57","date_gmt":"2020-04-22T21:53:57","guid":{"rendered":"http:\/\/garrafeiragrandeescolha.pt\/?post_type=product&#038;p=13602"},"modified":"2025-10-15T16:14:35","modified_gmt":"2025-10-15T16:14:35","slug":"untrennbarer-gin-50cl","status":"publish","type":"product","link":"https:\/\/garrafeiragrandeescolha.pt\/de\/produkt\/untrennbarer-gin-50cl\/","title":{"rendered":"Gin Unzertrennlich 50cl"},"content":{"rendered":"<div class=\"title-big\">\n<h3 style=\"text-align: center;\"><span style=\"color: #ff0000;\">INSEPARABLE\u00a0<\/span>STORY<\/h3>\n<\/div>\n<p>\u00c9 com os nossos amigos que verdadeiramente percebemos que cada personalidade, cada amizade, acrescenta todos os dias algo de novo \u00e0s nossas vidas. Com eles por perto, \u00e9 mais f\u00e1cil inspirarmo-nos e olhar para o mundo de um modo diferente e melhor.<\/p>\n<p>A amizade, na sua ess\u00eancia, ajuda a fazer de n\u00f3s quem somos e, percebendo que esta nos oferece algo de \u00fanico, acrescentamos esta singularidade a INseparable, tornando-o t\u00e3o especial quanto os nossos amigos. Assim, ao celebrar com amigos, estar\u00e1 igualmente a honrar o verdadeiro esp\u00edrito do nosso Gin.<\/p>\n<p>\u00d6\u00a0<strong>INseparable<\/strong>\u00a0\u00e9 um gin artesanal, tradicionalmente destilado em alambiques de cobre, em pequenos lotes de n\u00e3o mais de 490 garrafas.<\/p>\n<p>Resultado de uma cuidada dupla infus\u00e3o, fruto de uma combina\u00e7\u00e3o de 36 bot\u00e2nicos selecionados com rigor, obtemos uma mistura equilibrada de m\u00e9todo e arte, \u00e0 qual chamamos de destila\u00e7\u00e3o perfeita. Mas a verdadeira alma de INseparable encontra-se no seu ingrediente mais importante, a amizade.<\/p>\n<p>Nascido da paix\u00e3o de 8 amigos, onde cada um acrescentou um toque do seu car\u00e1cter,<strong>\u00a0INseparable<\/strong>\u00a0simboliza genuinamente o conv\u00edvio e a amizade.<\/p>\n<p>8 amigos<\/p>\n<p>8 personalidades<\/p>\n<p>8 cocktails exclusivos<\/p>\n<p>8 perfect serves<\/p>","protected":false},"excerpt":{"rendered":"<p><strong>INseparable<\/strong>\u00a0\u00e9 um gin \u00fanico que nos leva at\u00e9 aos limites de sabor e complexidade um gin pode oferecer.<br \/>\nOs 36 bot\u00e2nicos convivem em harmonia, refor\u00e7ando caracter\u00edsticas uns dos outros, em vez de superar sua individualidade.<br \/>\nA combina\u00e7\u00e3o resultante de frutas, especiarias, sabores ex\u00f3ticos e flores silvestres cria um esp\u00edrito requintado, que se revela sempre que o tomamos.<br \/>\nO Zimbro est\u00e1 presente, mas n\u00e3o \u00e9 t\u00e3o dominante como em gins tradicionais, estando contrabalan\u00e7ado por todos os outros bot\u00e2nicos.<br \/>\nInseparable \u00e9 verdadeiramente um gin complexo e vers\u00e1til que complementa perfeitamente todos os seus cocktails cl\u00e1ssicos ou gin t\u00f3nico.<br \/>\nNo entanto, para realmente apreciar o espectro completo de sabores, recomendamos que voc\u00ea o experimente simples ou com um ou dois cubos de gelo.<\/p>","protected":false},"featured_media":4116,"template":"","meta":{"_exactmetrics_skip_tracking":false,"_exactmetrics_sitenote_active":false,"_exactmetrics_sitenote_note":"","_exactmetrics_sitenote_category":0,"_uf_show_specific_survey":0,"_uf_disable_surveys":false,"iawp_total_views":38},"product_brand":[],"product_cat":[158,183],"product_tag":[],"class_list":{"0":"post-13602","1":"product","2":"type-product","3":"status-publish","4":"has-post-thumbnail","6":"product_cat-espirituosos","7":"product_cat-gin","9":"first","10":"instock","11":"shipping-taxable","12":"purchasable","13":"product-type-simple"},"_links":{"self":[{"href":"https:\/\/garrafeiragrandeescolha.pt\/de\/wp-json\/wp\/v2\/product\/13602","targetHints":{"allow":["GET"]}}],"collection":[{"href":"https:\/\/garrafeiragrandeescolha.pt\/de\/wp-json\/wp\/v2\/product"}],"about":[{"href":"https:\/\/garrafeiragrandeescolha.pt\/de\/wp-json\/wp\/v2\/types\/product"}],"wp:featuredmedia":[{"embeddable":true,"href":"https:\/\/garrafeiragrandeescolha.pt\/de\/wp-json\/wp\/v2\/media\/4116"}],"wp:attachment":[{"href":"https:\/\/garrafeiragrandeescolha.pt\/de\/wp-json\/wp\/v2\/media?parent=13602"}],"wp:term":[{"taxonomy":"product_brand","embeddable":true,"href":"https:\/\/garrafeiragrandeescolha.pt\/de\/wp-json\/wp\/v2\/product_brand?post=13602"},{"taxonomy":"product_cat","embeddable":true,"href":"https:\/\/garrafeiragrandeescolha.pt\/de\/wp-json\/wp\/v2\/product_cat?post=13602"},{"taxonomy":"product_tag","embeddable":true,"href":"https:\/\/garrafeiragrandeescolha.pt\/de\/wp-json\/wp\/v2\/product_tag?post=13602"}],"curies":[{"name":"wp","href":"https:\/\/api.w.org\/{rel}","templated":true}]}}