{"id":13763,"date":"2020-04-29T14:53:36","date_gmt":"2020-04-29T14:53:36","guid":{"rendered":"http:\/\/garrafeiragrandeescolha.pt\/?post_type=product&#038;p=13763"},"modified":"2022-11-28T17:23:59","modified_gmt":"2022-11-28T17:23:59","slug":"lacrau-garrafeira-tinto-2013-75cl","status":"publish","type":"product","link":"https:\/\/garrafeiragrandeescolha.pt\/de\/produkt\/lacrau-garrafeira-tinto-2013-75cl\/","title":{"rendered":"Lacrau Garrafeira Tinto 75cl"},"content":{"rendered":"<p>Adega Quinta da Fa\u00edsca liegt in der abgegrenzten Region Douro, in der Unterregion Cima Corgo, genauer gesagt auf der Favaios-Hochebene.<\/p>\n<p>Das Weingut befindet sich in Quinta da Fa\u00edsca und verf\u00fcgt \u00fcber insgesamt 17 Hektar Weinberge, auf denen wei\u00dfe Rebsorten \u2013 unter anderem Moscatel Galego Branco, Gouveio, Viosinho, Verdelho, Rabigato, C\u00f3dega \u2013 und rote Rebsorten \u2013 Touriga Nacional und Touriga Franca \u2013 vorherrschen , Tinta Amarela, Pinot Noir usw.<\/p>\n<p>Der Bau des Weinguts Quinta da Fa\u00edsca in der Gemeinde Favaios geht auf das Jahr 1946 zur\u00fcck. Das Weingut beherbergte drei Weinpressen und eine Steinpresse (im Obergeschoss) sowie eine Vertikalpresse. Im Untergeschoss befanden sich 14 Holzf\u00e4sser zur Reifung von Portwein und Muskatwein.<br \/>\nMit dem Ziel, ein Weingut zu schaffen, das die Weinbereitung kleiner Parzellen mit unterschiedlichen Weinbereitungsstilen erm\u00f6glicht, wurden einige \u00c4nderungen vorgenommen. Die gesamte Traubenannahme wurde au\u00dferhalb des Weinguts verlegt, wobei die Pressen und die Vertikalpresse erhalten blieben. Im Untergeschoss wurden 7 F\u00e4sser mit unterschiedlichem Fassungsverm\u00f6gen umgebaut, 1 Vertikalpresse, 3 G\u00e4rbottiche und 6 Lagerbottiche installiert.<br \/>\nAuf dem Platz der verbliebenen alten F\u00e4sser ruhen nun Eichenf\u00e4sser.<br \/>\nVon der Sortierung bis zum Pressen der Trauben kommt keine Pumpe zum Einsatz. Das architektonische Element dieses Weinguts \u2013 die Konstruktion auf zwei Etagen \u2013, das so charakteristisch f\u00fcr Weing\u00fcter in Douriense ist, erm\u00f6glicht die Bewegung des Weins mithilfe der Schwerkraft.<\/p>","protected":false},"excerpt":{"rendered":"<p>Aroma complexo e elegante. Caracter\u00edsticas de evolu\u00e7\u00e3o. Taninos sedosos que conferem\u00a0 longevidade ao vinho.<br \/>\nBodengeologie: Schieferbeschaffenheit, Ton-Lehm-Struktur.<br \/>\nIdade das Vinhas: Superior a 50 anos. Uma vinha velha plantada a uma cota dos 400 metros orientada a Norte \/ Nascente.<br \/>\nCastas Predominantes: Mistura de mais de 12 castas.<br \/>\nVinifica\u00e7\u00e3o: Colheita manual. Escolha manual de cachos. Desengace parcial seguido de fermenta\u00e7\u00e3o. Macera\u00e7\u00e3o p\u00f3s fermentativa.<br \/>\nEst\u00e1gio: Estagiou durante 36 meses em cascos de 225 litros usados em contacto com a borra fina.<\/p>","protected":false},"featured_media":4539,"template":"","meta":{"_exactmetrics_skip_tracking":false,"_exactmetrics_sitenote_active":false,"_exactmetrics_sitenote_note":"","_exactmetrics_sitenote_category":0,"_uf_show_specific_survey":0,"_uf_disable_surveys":false,"iawp_total_views":4},"product_brand":[],"product_cat":[215,184,157],"product_tag":[],"class_list":{"0":"post-13763","1":"product","2":"type-product","3":"status-publish","4":"has-post-thumbnail","6":"product_cat-douro","7":"product_cat-tinto","8":"product_cat-vinhos","10":"first","11":"outofstock","12":"shipping-taxable","13":"purchasable","14":"product-type-simple"},"_links":{"self":[{"href":"https:\/\/garrafeiragrandeescolha.pt\/de\/wp-json\/wp\/v2\/product\/13763","targetHints":{"allow":["GET"]}}],"collection":[{"href":"https:\/\/garrafeiragrandeescolha.pt\/de\/wp-json\/wp\/v2\/product"}],"about":[{"href":"https:\/\/garrafeiragrandeescolha.pt\/de\/wp-json\/wp\/v2\/types\/product"}],"wp:featuredmedia":[{"embeddable":true,"href":"https:\/\/garrafeiragrandeescolha.pt\/de\/wp-json\/wp\/v2\/media\/4539"}],"wp:attachment":[{"href":"https:\/\/garrafeiragrandeescolha.pt\/de\/wp-json\/wp\/v2\/media?parent=13763"}],"wp:term":[{"taxonomy":"product_brand","embeddable":true,"href":"https:\/\/garrafeiragrandeescolha.pt\/de\/wp-json\/wp\/v2\/product_brand?post=13763"},{"taxonomy":"product_cat","embeddable":true,"href":"https:\/\/garrafeiragrandeescolha.pt\/de\/wp-json\/wp\/v2\/product_cat?post=13763"},{"taxonomy":"product_tag","embeddable":true,"href":"https:\/\/garrafeiragrandeescolha.pt\/de\/wp-json\/wp\/v2\/product_tag?post=13763"}],"curies":[{"name":"wp","href":"https:\/\/api.w.org\/{rel}","templated":true}]}}