{"id":13847,"date":"2020-05-11T19:37:38","date_gmt":"2020-05-11T19:37:38","guid":{"rendered":"http:\/\/garrafeiragrandeescolha.pt\/?post_type=product&#038;p=13847"},"modified":"2025-10-14T09:24:46","modified_gmt":"2025-10-14T09:24:46","slug":"herdade-do-sobroso-grande-reserva-tinto-75cl","status":"publish","type":"product","link":"https:\/\/garrafeiragrandeescolha.pt\/de\/produkt\/herdade-do-sobroso-grande-reserva-tinto-75cl\/","title":{"rendered":"Herdade do Sobroso Grande Reserva Tinto 2021 75cl"},"content":{"rendered":"<p><img fetchpriority=\"high\" decoding=\"async\" class=\"size-medium wp-image-15461 aligncenter\" src=\"http:\/\/garrafeiragrandeescolha.pt\/wp-content\/uploads\/2022\/02\/sobroso-logo-300x212.jpg\" alt=\"\" width=\"300\" height=\"212\" srcset=\"https:\/\/garrafeiragrandeescolha.pt\/wp-content\/uploads\/2022\/02\/sobroso-logo-300x212.jpg 300w, https:\/\/garrafeiragrandeescolha.pt\/wp-content\/uploads\/2022\/02\/sobroso-logo-1024x724.jpg 1024w, https:\/\/garrafeiragrandeescolha.pt\/wp-content\/uploads\/2022\/02\/sobroso-logo-768x543.jpg 768w, https:\/\/garrafeiragrandeescolha.pt\/wp-content\/uploads\/2022\/02\/sobroso-logo-1536x1086.jpg 1536w, https:\/\/garrafeiragrandeescolha.pt\/wp-content\/uploads\/2022\/02\/sobroso-logo-600x424.jpg 600w, https:\/\/garrafeiragrandeescolha.pt\/wp-content\/uploads\/2022\/02\/sobroso-logo.jpg 1754w\" sizes=\"(max-width: 300px) 100vw, 300px\" \/><\/p>\n<p>Im Jahr 1519 verlieh K\u00f6nig Manuel I. Vasco da Gama den Titel eines Grafen von Vidigueira. Es wird in der Ruhe dieses wundersch\u00f6nen Alentejo-Dorfes sein. Zwischen Feldern, Korkeichen, Olivenb\u00e4umen und Weinbergen lebte der Mann, der den Seeweg nach Indien entdeckte, einige Jahre lang gl\u00fccklich mit seiner Familie.<\/p>\n<p>Herdade do Sobroso ist Teil dieser einzigartigen Landschaft voller historischer und kultureller Erinnerungen, die heute stark durch die N\u00e4he des gr\u00f6\u00dften k\u00fcnstlichen Sees Europas, des Alqueva-Staudamms, gepr\u00e4gt ist<\/p>\n<p>Das Restaurant im Herdade do Sobroso Country House liegt in einer Region, die f\u00fcr ihre reiche Gastronomie und ihre kl\u00f6sterlichen S\u00fc\u00dfigkeiten bekannt ist, und \u00fcberl\u00e4sst den Ruhm nicht in den H\u00e4nden anderer. Hier ist die Speisekarte reich an lokalen Produkten und abwechslungsreich. Es wird schwierig sein, sich zwischen den tausend Gerichten zu entscheiden, die mehrere Jahre in Folge bei prestigetr\u00e4chtigen Gastronomiewettbewerben Preise gewonnen haben.<\/p>","protected":false},"excerpt":{"rendered":"<p>Castas: Alicante Boushet, Cabernet Sauvignon<\/p>\n<p>Seleccionadas cuidadosamente as melhores uvas que ap\u00f3s esmagamento suave fermentaram em lagares de inox a temperatura controlada. Estagiou 18 meses pipos de carvalho franc\u00eas.<\/p>\n<p>Concentrado na cor. Na boca revela-se fresco com taninos firmes mas suaves, com final prolongado e elegante.<\/p>\n<p>&nbsp;<\/p>","protected":false},"featured_media":4858,"template":"","meta":{"_exactmetrics_skip_tracking":false,"_exactmetrics_sitenote_active":false,"_exactmetrics_sitenote_note":"","_exactmetrics_sitenote_category":0,"_uf_show_specific_survey":0,"_uf_disable_surveys":false,"iawp_total_views":29},"product_brand":[],"product_cat":[157,184,207],"product_tag":[],"class_list":{"0":"post-13847","1":"product","2":"type-product","3":"status-publish","4":"has-post-thumbnail","6":"product_cat-vinhos","7":"product_cat-tinto","8":"product_cat-alentejo","10":"first","11":"instock","12":"shipping-taxable","13":"purchasable","14":"product-type-simple"},"_links":{"self":[{"href":"https:\/\/garrafeiragrandeescolha.pt\/de\/wp-json\/wp\/v2\/product\/13847","targetHints":{"allow":["GET"]}}],"collection":[{"href":"https:\/\/garrafeiragrandeescolha.pt\/de\/wp-json\/wp\/v2\/product"}],"about":[{"href":"https:\/\/garrafeiragrandeescolha.pt\/de\/wp-json\/wp\/v2\/types\/product"}],"wp:featuredmedia":[{"embeddable":true,"href":"https:\/\/garrafeiragrandeescolha.pt\/de\/wp-json\/wp\/v2\/media\/4858"}],"wp:attachment":[{"href":"https:\/\/garrafeiragrandeescolha.pt\/de\/wp-json\/wp\/v2\/media?parent=13847"}],"wp:term":[{"taxonomy":"product_brand","embeddable":true,"href":"https:\/\/garrafeiragrandeescolha.pt\/de\/wp-json\/wp\/v2\/product_brand?post=13847"},{"taxonomy":"product_cat","embeddable":true,"href":"https:\/\/garrafeiragrandeescolha.pt\/de\/wp-json\/wp\/v2\/product_cat?post=13847"},{"taxonomy":"product_tag","embeddable":true,"href":"https:\/\/garrafeiragrandeescolha.pt\/de\/wp-json\/wp\/v2\/product_tag?post=13847"}],"curies":[{"name":"wp","href":"https:\/\/api.w.org\/{rel}","templated":true}]}}