{"id":13883,"date":"2020-05-15T10:31:06","date_gmt":"2020-05-15T10:31:06","guid":{"rendered":"http:\/\/garrafeiragrandeescolha.pt\/?post_type=product&#038;p=13883"},"modified":"2026-01-10T10:32:49","modified_gmt":"2026-01-10T10:32:49","slug":"calheiros-cruz-weis-75cl","status":"publish","type":"product","link":"https:\/\/garrafeiragrandeescolha.pt\/de\/produkt\/calheiros-cruz-weis-75cl\/","title":{"rendered":"Calheiros Cruz Branco 2023 75cl"},"content":{"rendered":"<p>Im Jahr 1982 nahm Jos\u00e9 Carlos Calheiros Cruz, der aus einer Familie von Douro-Winzern stammte, die Familientradition wieder auf und baute ein modernes Weinherstellungszentrum in R\u00e9gua in der abgegrenzten Region Douro. Im Jahr 1985 wagte er sich an die Herstellung von Flaschenwein mit dem Ziel, seine Spuren auf dem Weinmarkt zu hinterlassen und den Douro in die Welt hinauszutragen.<\/p>\n<p>Im Jahr 2001 begann seine Arbeit mit der Unterst\u00fctzung des renommierten Winzers Anselmo Mendes, internationale Anerkennung zu finden, und Adega Calheiros Cruz wurde von der amerikanischen Zeitschrift \u201eWine &amp; Spirits\u201c als \u201eWeingut des Jahres\u201c ausgezeichnet.<\/p>\n<p>Mit dem Tod ihres Mannes Jos\u00e9 Carlos \u00fcbernahm Madalena Calheiros Cruz im Jahr 2002 die Leitung des Unternehmens, f\u00fchrte die Leidenschaft ihres Mannes fort und arbeitete weiterhin mit denselben Werten und Zielen.<\/p>","protected":false},"excerpt":{"rendered":"<p>Trauben: Viosinho, Rabigato und Gouveio<\/p>\n<p>Am Gaumen intensiv und ausgewogen, gute Geschmacksharmonie, langer Abgang.<br \/>\nSehr ausdrucksstarkes, fruchtiges und frisches Aroma.<br \/>\nHelle Citrinfarbe.<\/p>","protected":false},"featured_media":20158,"template":"","meta":{"_exactmetrics_skip_tracking":false,"_exactmetrics_sitenote_active":false,"_exactmetrics_sitenote_note":"","_exactmetrics_sitenote_category":0,"_uf_show_specific_survey":0,"_uf_disable_surveys":false,"iawp_total_views":741},"product_brand":[],"product_cat":[185,188,157],"product_tag":[],"class_list":{"0":"post-13883","1":"product","2":"type-product","3":"status-publish","4":"has-post-thumbnail","6":"product_cat-branco","7":"product_cat-douro-branco","8":"product_cat-vinhos","10":"first","11":"instock","12":"shipping-taxable","13":"purchasable","14":"product-type-simple"},"_links":{"self":[{"href":"https:\/\/garrafeiragrandeescolha.pt\/de\/wp-json\/wp\/v2\/product\/13883","targetHints":{"allow":["GET"]}}],"collection":[{"href":"https:\/\/garrafeiragrandeescolha.pt\/de\/wp-json\/wp\/v2\/product"}],"about":[{"href":"https:\/\/garrafeiragrandeescolha.pt\/de\/wp-json\/wp\/v2\/types\/product"}],"wp:featuredmedia":[{"embeddable":true,"href":"https:\/\/garrafeiragrandeescolha.pt\/de\/wp-json\/wp\/v2\/media\/20158"}],"wp:attachment":[{"href":"https:\/\/garrafeiragrandeescolha.pt\/de\/wp-json\/wp\/v2\/media?parent=13883"}],"wp:term":[{"taxonomy":"product_brand","embeddable":true,"href":"https:\/\/garrafeiragrandeescolha.pt\/de\/wp-json\/wp\/v2\/product_brand?post=13883"},{"taxonomy":"product_cat","embeddable":true,"href":"https:\/\/garrafeiragrandeescolha.pt\/de\/wp-json\/wp\/v2\/product_cat?post=13883"},{"taxonomy":"product_tag","embeddable":true,"href":"https:\/\/garrafeiragrandeescolha.pt\/de\/wp-json\/wp\/v2\/product_tag?post=13883"}],"curies":[{"name":"wp","href":"https:\/\/api.w.org\/{rel}","templated":true}]}}