{"id":13962,"date":"2020-05-25T19:13:00","date_gmt":"2020-05-25T19:13:00","guid":{"rendered":"http:\/\/garrafeiragrandeescolha.pt\/?post_type=product&#038;p=13962"},"modified":"2022-11-08T12:32:07","modified_gmt":"2022-11-08T12:32:07","slug":"dona-maria-tinto-2016-75cl","status":"publish","type":"product","link":"https:\/\/garrafeiragrandeescolha.pt\/de\/produkt\/dona-maria-tinto-2016-75cl\/","title":{"rendered":"Dona Maria Tinto 75cl"},"content":{"rendered":"<p>No in\u00edcio deste novo projecto, a antiga adega da Quinta \u00e9 totalmente restaurada e ampliada equipada com os mais modernos equipamentos, mas ao mesmo tempo mantendo os famosos lagares em m\u00e1rmore, onde, ainda hoje \u00e9 feita a vinifica\u00e7\u00e3o de grande parte dos vinhos, usando a tradicional \u201cPisa da Uva\u201d.<\/p>\n<p>Na cave da adega encontram-se barricas de Carvalho Franc\u00eas e Americano, numa propor\u00e7\u00e3o de 95% para 5%, onde o vinho \u00e9 estagiado at\u00e9 estarem aptos para serem engarrafados.<\/p>\n<p><img fetchpriority=\"high\" decoding=\"async\" class=\"alignnone wp-image-5221\" src=\"https:\/\/garrafeiragrandeescolha.pt\/wp-content\/uploads\/2020\/05\/dona-maria-image-300x131.jpg\" alt=\"\" width=\"531\" height=\"232\" \/><\/p>","protected":false},"excerpt":{"rendered":"<p>Castas:\u00a0Aragon\u00eaz, Cabernet Sauvignon, Alicante Bouschet, Syrah<\/p>\n<p>Est\u00e1gio de 6 meses em barricas de carvalho franc\u00eas de 60% e 40% em barricas de carvalho americano.<\/p>\n<p>Bagas vermelhas complexas, torradas, com sugest\u00f5es de ameixas maduras. Sabor rico a baga vermelha com grande persist\u00eancia, equilibrado, arredondado e com uma boa estrutura que permitir\u00e1 envelhecer bem.<\/p>","protected":false},"featured_media":5225,"template":"","meta":{"_exactmetrics_skip_tracking":false,"_exactmetrics_sitenote_active":false,"_exactmetrics_sitenote_note":"","_exactmetrics_sitenote_category":0,"_uf_show_specific_survey":0,"_uf_disable_surveys":false,"iawp_total_views":5},"product_brand":[],"product_cat":[157,184,207],"product_tag":[],"class_list":{"0":"post-13962","1":"product","2":"type-product","3":"status-publish","4":"has-post-thumbnail","6":"product_cat-vinhos","7":"product_cat-tinto","8":"product_cat-alentejo","10":"first","11":"instock","12":"shipping-taxable","13":"purchasable","14":"product-type-simple"},"_links":{"self":[{"href":"https:\/\/garrafeiragrandeescolha.pt\/de\/wp-json\/wp\/v2\/product\/13962","targetHints":{"allow":["GET"]}}],"collection":[{"href":"https:\/\/garrafeiragrandeescolha.pt\/de\/wp-json\/wp\/v2\/product"}],"about":[{"href":"https:\/\/garrafeiragrandeescolha.pt\/de\/wp-json\/wp\/v2\/types\/product"}],"wp:featuredmedia":[{"embeddable":true,"href":"https:\/\/garrafeiragrandeescolha.pt\/de\/wp-json\/wp\/v2\/media\/5225"}],"wp:attachment":[{"href":"https:\/\/garrafeiragrandeescolha.pt\/de\/wp-json\/wp\/v2\/media?parent=13962"}],"wp:term":[{"taxonomy":"product_brand","embeddable":true,"href":"https:\/\/garrafeiragrandeescolha.pt\/de\/wp-json\/wp\/v2\/product_brand?post=13962"},{"taxonomy":"product_cat","embeddable":true,"href":"https:\/\/garrafeiragrandeescolha.pt\/de\/wp-json\/wp\/v2\/product_cat?post=13962"},{"taxonomy":"product_tag","embeddable":true,"href":"https:\/\/garrafeiragrandeescolha.pt\/de\/wp-json\/wp\/v2\/product_tag?post=13962"}],"curies":[{"name":"wp","href":"https:\/\/api.w.org\/{rel}","templated":true}]}}