{"id":14007,"date":"2020-06-03T17:23:35","date_gmt":"2020-06-03T17:23:35","guid":{"rendered":"http:\/\/garrafeiragrandeescolha.pt\/?post_type=product&#038;p=14007"},"modified":"2024-11-07T12:04:29","modified_gmt":"2024-11-07T12:04:29","slug":"vale-da-calada-tinto-2017-75cl","status":"publish","type":"product","link":"https:\/\/garrafeiragrandeescolha.pt\/de\/produkt\/vale-da-calada-tinto-2017-75cl\/","title":{"rendered":"Vale da Calada Tinto 2020 75cl"},"content":{"rendered":"<p><img fetchpriority=\"high\" decoding=\"async\" class=\"size-medium wp-image-16136 aligncenter\" src=\"http:\/\/garrafeiragrandeescolha.pt\/wp-content\/uploads\/2022\/06\/herdade-da-calada-logo-271x300.png\" alt=\"\" width=\"271\" height=\"300\" srcset=\"https:\/\/garrafeiragrandeescolha.pt\/wp-content\/uploads\/2022\/06\/herdade-da-calada-logo-271x300.png 271w, https:\/\/garrafeiragrandeescolha.pt\/wp-content\/uploads\/2022\/06\/herdade-da-calada-logo-11x12.png 11w, https:\/\/garrafeiragrandeescolha.pt\/wp-content\/uploads\/2022\/06\/herdade-da-calada-logo.png 427w\" sizes=\"(max-width: 271px) 100vw, 271px\" \/><\/p>\n<p class=\"shortcode1-2\">Herdade da Calada wurde 1854 von den Nachkommen des Herzogs von Lencastre gegr\u00fcndet und ist von Korkeichen und Eukalyptusb\u00e4umen aus Australien umgeben. Es liegt versteckt zwischen den sanften H\u00fcgeln des Alentejo. Im Laufe der Jahre wurden mehrere Eingriffe und Verbesserungen vorgenommen, aber die Sch\u00f6nheit und Eleganz des urspr\u00fcnglichen Designs des Hauptgeb\u00e4udes ist erhalten geblieben. Heute ist es eines der modernsten und innovativsten Weing\u00fcter Portugals mit einer Weintourismusabteilung , 35 Hektar Weinberge, 110 Hektar Olivenhaine, 60 Hektar Getreide, 215 Hektar Korkeichenw\u00e4lder und eine herrliche Unterkunft.<\/p>","protected":false},"excerpt":{"rendered":"<p>Castas: Aragonez, Trincadeira, Syrah<\/p>\n<p>Notas de cerejas pretas. Taninos bem equilibrados e suculentos, com sabor suave no palato.<\/p>","protected":false},"featured_media":5515,"template":"","meta":{"_exactmetrics_skip_tracking":false,"_exactmetrics_sitenote_active":false,"_exactmetrics_sitenote_note":"","_exactmetrics_sitenote_category":0,"_uf_show_specific_survey":0,"_uf_disable_surveys":false,"iawp_total_views":11},"product_brand":[],"product_cat":[157,184,207],"product_tag":[],"class_list":{"0":"post-14007","1":"product","2":"type-product","3":"status-publish","4":"has-post-thumbnail","6":"product_cat-vinhos","7":"product_cat-tinto","8":"product_cat-alentejo","10":"first","11":"instock","12":"shipping-taxable","13":"purchasable","14":"product-type-simple"},"_links":{"self":[{"href":"https:\/\/garrafeiragrandeescolha.pt\/de\/wp-json\/wp\/v2\/product\/14007","targetHints":{"allow":["GET"]}}],"collection":[{"href":"https:\/\/garrafeiragrandeescolha.pt\/de\/wp-json\/wp\/v2\/product"}],"about":[{"href":"https:\/\/garrafeiragrandeescolha.pt\/de\/wp-json\/wp\/v2\/types\/product"}],"wp:featuredmedia":[{"embeddable":true,"href":"https:\/\/garrafeiragrandeescolha.pt\/de\/wp-json\/wp\/v2\/media\/5515"}],"wp:attachment":[{"href":"https:\/\/garrafeiragrandeescolha.pt\/de\/wp-json\/wp\/v2\/media?parent=14007"}],"wp:term":[{"taxonomy":"product_brand","embeddable":true,"href":"https:\/\/garrafeiragrandeescolha.pt\/de\/wp-json\/wp\/v2\/product_brand?post=14007"},{"taxonomy":"product_cat","embeddable":true,"href":"https:\/\/garrafeiragrandeescolha.pt\/de\/wp-json\/wp\/v2\/product_cat?post=14007"},{"taxonomy":"product_tag","embeddable":true,"href":"https:\/\/garrafeiragrandeescolha.pt\/de\/wp-json\/wp\/v2\/product_tag?post=14007"}],"curies":[{"name":"wp","href":"https:\/\/api.w.org\/{rel}","templated":true}]}}