{"id":14097,"date":"2020-06-19T15:33:13","date_gmt":"2020-06-19T15:33:13","guid":{"rendered":"http:\/\/garrafeiragrandeescolha.pt\/?post_type=product&#038;p=14097"},"modified":"2024-04-18T15:15:08","modified_gmt":"2024-04-18T15:15:08","slug":"adega-do-passo-tinto-2015-75cl-copia","status":"publish","type":"product","link":"https:\/\/garrafeiragrandeescolha.pt\/de\/produkt\/adega-do-passo-tinto-2015-75cl-copia\/","title":{"rendered":"Adega do Passo Branco 75cl"},"content":{"rendered":"<p><img fetchpriority=\"high\" decoding=\"async\" class=\"size-medium wp-image-16646 aligncenter\" src=\"http:\/\/garrafeiragrandeescolha.pt\/wp-content\/uploads\/2020\/06\/sovibor-logo-300x217.jpg\" alt=\"\" width=\"300\" height=\"217\" srcset=\"https:\/\/garrafeiragrandeescolha.pt\/wp-content\/uploads\/2020\/06\/sovibor-logo-300x217.jpg 300w, https:\/\/garrafeiragrandeescolha.pt\/wp-content\/uploads\/2020\/06\/sovibor-logo-768x555.jpg 768w, https:\/\/garrafeiragrandeescolha.pt\/wp-content\/uploads\/2020\/06\/sovibor-logo-18x12.jpg 18w, https:\/\/garrafeiragrandeescolha.pt\/wp-content\/uploads\/2020\/06\/sovibor-logo-600x433.jpg 600w, https:\/\/garrafeiragrandeescolha.pt\/wp-content\/uploads\/2020\/06\/sovibor-logo.jpg 1011w\" sizes=\"(max-width: 300px) 100vw, 300px\" \/><\/p>\n<p class=\"p1\"><span class=\"s1\">Es handelt sich um ein historisches Unternehmen in der Region Alentejo, das 1968 gegr\u00fcndet wurde und das sich mit dem k\u00fcrzlich erfolgten Amtsantritt einer neuen Verwaltung unter der Leitung von Fernando Tavares nun auf die Qualit\u00e4t und Neupositionierung aller Weine auf einem h\u00f6heren Qualit\u00e4ts- und Preisniveau konzentriert.<\/span><\/p>\n<p class=\"p1\"><span class=\"s1\">Im Herzen von Borba profitiert SOVIBOR von einzigartigen Einrichtungen, in denen mehr als zwei Jahrhunderte Geschichte mit neuen Qualit\u00e4tsstandards, neuen Weinen und Marken, einem neuen Managementteam, erneuerten Bildern und einer neuen Strategie verschmelzen.<\/span><\/p>\n<p class=\"p3\"><span class=\"s1\">Familienunternehmen mit renommierter Erfahrung in der Herstellung von Alentejo-Weinen, insbesondere DOC-Borba-Weinen<b>.<\/b><\/span><\/p>\n<p class=\"p3\"><span class=\"s1\">Tradition, Qualit\u00e4t und Moderne sind Werte, die wir bewahren wollen, um weiterhin Geschichte zu schreiben.<\/span><\/p>","protected":false},"excerpt":{"rendered":"<p>Castas: Arinto, Verdelho e Ant\u00e3o Vaz.<\/p>\n<p>Elaborado com as castas tradicionais da Regi\u00e3o, com vinifica\u00e7\u00e3o cuidada, resultou um vinho de cor citrina, aromas de frutos de caro\u00e7o e boca<br \/>\nequilibrada e fresca, com acidez intensa.<\/p>\n<p>Gastronomia: Companhia ideal para mariscos e pratos de peixe ou carnes brancas. Liga bem com Caldeiradas.<\/p>","protected":false},"featured_media":5979,"template":"","meta":{"_exactmetrics_skip_tracking":false,"_exactmetrics_sitenote_active":false,"_exactmetrics_sitenote_note":"","_exactmetrics_sitenote_category":0,"_uf_show_specific_survey":0,"_uf_disable_surveys":false,"iawp_total_views":22},"product_brand":[],"product_cat":[189,185,157],"product_tag":[],"class_list":{"0":"post-14097","1":"product","2":"type-product","3":"status-publish","4":"has-post-thumbnail","6":"product_cat-alentejo-branco","7":"product_cat-branco","8":"product_cat-vinhos","10":"first","11":"instock","12":"shipping-taxable","13":"purchasable","14":"product-type-simple"},"_links":{"self":[{"href":"https:\/\/garrafeiragrandeescolha.pt\/de\/wp-json\/wp\/v2\/product\/14097","targetHints":{"allow":["GET"]}}],"collection":[{"href":"https:\/\/garrafeiragrandeescolha.pt\/de\/wp-json\/wp\/v2\/product"}],"about":[{"href":"https:\/\/garrafeiragrandeescolha.pt\/de\/wp-json\/wp\/v2\/types\/product"}],"wp:featuredmedia":[{"embeddable":true,"href":"https:\/\/garrafeiragrandeescolha.pt\/de\/wp-json\/wp\/v2\/media\/5979"}],"wp:attachment":[{"href":"https:\/\/garrafeiragrandeescolha.pt\/de\/wp-json\/wp\/v2\/media?parent=14097"}],"wp:term":[{"taxonomy":"product_brand","embeddable":true,"href":"https:\/\/garrafeiragrandeescolha.pt\/de\/wp-json\/wp\/v2\/product_brand?post=14097"},{"taxonomy":"product_cat","embeddable":true,"href":"https:\/\/garrafeiragrandeescolha.pt\/de\/wp-json\/wp\/v2\/product_cat?post=14097"},{"taxonomy":"product_tag","embeddable":true,"href":"https:\/\/garrafeiragrandeescolha.pt\/de\/wp-json\/wp\/v2\/product_tag?post=14097"}],"curies":[{"name":"wp","href":"https:\/\/api.w.org\/{rel}","templated":true}]}}