{"id":14237,"date":"2020-08-24T15:54:02","date_gmt":"2020-08-24T15:54:02","guid":{"rendered":"http:\/\/garrafeiragrandeescolha.pt\/?post_type=product&#038;p=14237"},"modified":"2024-05-31T16:57:30","modified_gmt":"2024-05-31T16:57:30","slug":"2-stuck-weis-75-cl","status":"publish","type":"product","link":"https:\/\/garrafeiragrandeescolha.pt\/de\/produkt\/2-stuck-weis-75-cl\/","title":{"rendered":"2PR Branco 2023 75cl"},"content":{"rendered":"<p>Konzept: Duplo PR (oder 2PR) ist ein \u00f6nologisches Beratungsunternehmen, das technische Dienstleistungen haupts\u00e4chlich in der abgegrenzten Region Douro entwickelt.<br \/>\nEin in den letzten 16 Jahren erneuertes Team, das mehrere Quinta-Produzenten begleitet und auch eigene Projekte leitet. In diesem Zusammenhang werden die Weine 2PR und ITER mit Leidenschaft, aber ohne Kompromisse entworfen.<br \/>\n\u201eAls Winzer und vor allem Liebhaber der Region ist es unsere Mission, Weine zu kreieren, die den Charakter der einheimischen Weinberge und Rebsorten des Douro respektieren und stets auf der Suche nach Harmonie zwischen Komplexit\u00e4t und Eleganz sind\u201c, sagt Ant\u00f3nio Rosas.<br \/>\nFilipa Pizarro wiederum erkl\u00e4rt: \u201eDie Weine sind das Ergebnis ihrer eigenen Identit\u00e4t, die wir teilen m\u00f6chten, denn in dieser Mischung aus Geschmacksrichtungen und Aromen gibt es immer eine Geschichte zu erz\u00e4hlen, eine Leidenschaft zu leben und einen Traum zu erf\u00fcllen!\u201c \u201d<\/p>","protected":false},"excerpt":{"rendered":"<p>Einzelner neuer Weinberg, der in der H\u00f6he gepflanzt wurde. Geringe Produktion und nur mit den autochthonen Rebsorten, die im Douro f\u00fcr die Herstellung von Wei\u00dfweinen sehr empfohlen werden: Viosinho; Gouveio und Rabigato. S\u00fcdlage.<\/p>\n<p>Zitrusgelbe Farbe. Extrem duftend, mit einem Aroma von wei\u00dfen Fr\u00fcchten und leichten Orangenbl\u00fcten. Im Mund ist er umh\u00fcllend mit guter Frische am Gaumen und endet mit Mineralit\u00e4t. Serviervorschlag zwischen 10 \u00b0C und 12 \u00b0C.<\/p>","protected":false},"featured_media":6830,"template":"","meta":{"_exactmetrics_skip_tracking":false,"_exactmetrics_sitenote_active":false,"_exactmetrics_sitenote_note":"","_exactmetrics_sitenote_category":0,"_uf_show_specific_survey":0,"_uf_disable_surveys":false,"iawp_total_views":55},"product_brand":[],"product_cat":[157,185,188],"product_tag":[],"class_list":{"0":"post-14237","1":"product","2":"type-product","3":"status-publish","4":"has-post-thumbnail","6":"product_cat-vinhos","7":"product_cat-branco","8":"product_cat-douro-branco","10":"first","11":"instock","12":"shipping-taxable","13":"purchasable","14":"product-type-simple"},"_links":{"self":[{"href":"https:\/\/garrafeiragrandeescolha.pt\/de\/wp-json\/wp\/v2\/product\/14237","targetHints":{"allow":["GET"]}}],"collection":[{"href":"https:\/\/garrafeiragrandeescolha.pt\/de\/wp-json\/wp\/v2\/product"}],"about":[{"href":"https:\/\/garrafeiragrandeescolha.pt\/de\/wp-json\/wp\/v2\/types\/product"}],"wp:featuredmedia":[{"embeddable":true,"href":"https:\/\/garrafeiragrandeescolha.pt\/de\/wp-json\/wp\/v2\/media\/6830"}],"wp:attachment":[{"href":"https:\/\/garrafeiragrandeescolha.pt\/de\/wp-json\/wp\/v2\/media?parent=14237"}],"wp:term":[{"taxonomy":"product_brand","embeddable":true,"href":"https:\/\/garrafeiragrandeescolha.pt\/de\/wp-json\/wp\/v2\/product_brand?post=14237"},{"taxonomy":"product_cat","embeddable":true,"href":"https:\/\/garrafeiragrandeescolha.pt\/de\/wp-json\/wp\/v2\/product_cat?post=14237"},{"taxonomy":"product_tag","embeddable":true,"href":"https:\/\/garrafeiragrandeescolha.pt\/de\/wp-json\/wp\/v2\/product_tag?post=14237"}],"curies":[{"name":"wp","href":"https:\/\/api.w.org\/{rel}","templated":true}]}}