{"id":14319,"date":"2020-10-10T10:22:26","date_gmt":"2020-10-10T10:22:26","guid":{"rendered":"http:\/\/garrafeiragrandeescolha.pt\/?post_type=product&#038;p=14319"},"modified":"2024-10-22T11:09:06","modified_gmt":"2024-10-22T11:09:06","slug":"champagner-gosset-blanc-des-blancs-brut-75cl","status":"publish","type":"product","link":"https:\/\/garrafeiragrandeescolha.pt\/de\/produkt\/champagner-gosset-blanc-des-blancs-brut-75cl\/","title":{"rendered":"Champagner Gosset Grand Blanc Des Blancs Brut 75cl"},"content":{"rendered":"<p><img decoding=\"async\" class=\"size-full wp-image-15267 aligncenter\" src=\"http:\/\/garrafeiragrandeescolha.pt\/wp-content\/uploads\/2022\/02\/gosset-logo.png\" alt=\"\" width=\"201\" height=\"188\" \/><\/p>\n<p>Die Geschichte der Familie GOSSET beginnt vor mehr als vier Jahrhunderten mit dem ersten offiziellen Vorfahren der Linie, Jean GOSSET (1484-1556), \u201eSeigneur d&#039;A\u00ff et de Mareuil\u201c.<br \/>\nSechzehn Generationen in direkter Linie werden ihm in der Champagne als Stadtr\u00e4te, B\u00fcrgermeister, Anw\u00e4lte, aber insbesondere in der Weinbaukultur und im Weinhandel der Champagne folgen.<br \/>\nUnabh\u00e4ngig von der Epoche hatten diese M\u00e4nner und Frauen ausschlie\u00dflich den Ehrgeiz, ihr Terroir zu verfeinern. Der Zusammenschluss mit der Familie Cointreau am Ende des 20. Jahrhunderts und die Geburt der Cuv\u00e9es-Jahrg\u00e4nge von CELEBRIS werden GOSSET Champagne an die Spitze renommierter H\u00e4user in Frankreich und im Ausland bringen.<br \/>\nEine Leidenschaft, die von gestern bis heute das Image und den Ruf des \u00e4ltesten Weinhauses der Region pr\u00e4gte, dessen Name heute als Garant f\u00fcr Exzellenz f\u00fcr alle Liebhaber gro\u00dfer Weine gilt. Champagner.<\/p>\n<p>Um 1760 verwendete Jean GOSSET zum ersten Mal das, was zum Wahrzeichen der Maison GOSSET werden sollte: die antike Flasche.<br \/>\nDiese schlanke Flasche mit abgerundeten Seiten und \u00e4u\u00dferster Eleganz ist ein exklusives Modell, das in der Sammlung alter Flaschen der Familie auftauchte. Seinen Spitznamen verdankt es der \u201ealten Glas\u201c-Farbe, die der Glaspaste zugeschrieben wird, die in seiner Zusammensetzung enthalten ist.<\/p>","protected":false},"excerpt":{"rendered":"<p>100% Chardonnay, der Grand Blanc de Blancs, ist das kostbare Konzentrat des Terroirs von rund f\u00fcnfzehn D\u00f6rfern der C\u00f4te des Blancs (Avize, Chouilly, Cramant, Le Mesnil-sur-Oger, Oger, Cuis), aber auch der C\u00f4te des Negros mit Wei\u00dfen (Villers-Marmery, Tours-sur-Marne, Tr\u00e9pail). So viele Ausdrucksformen, Komplexit\u00e4ten und Aromen des Champagners, die es uns erm\u00f6glichten, so viele reiche und erfolgreiche Arbeitswege zu erkunden und diese au\u00dfergew\u00f6hnliche Cuv\u00e9e fertigzustellen.<\/p>\n<p>Die d\u00fcnne, vorhandene Blase bewegt sich leicht zur Oberfl\u00e4che. Das Kleid hat einen sehr hellen Goldton.<\/p>\n<p>Die gleichzeitig mineralische und blumige Nase offenbart Aromen von Blumen und wei\u00dfen Fr\u00fcchten, Aprikose, Mirabelle und, in sehr leichten Noten, Noten von w\u00fcrziger Zitrone, Zitrusfr\u00fcchten, Quittenpaste und Honig. weich.<\/p>\n<p>Im Mund vermischen sich wei\u00dfe Bl\u00fcten mit leicht ger\u00f6steten D\u00fcften. Seidiger Touch und harmonischer Geschmack f\u00fcr diesen lebendigen und strukturierten Champagner.<\/p>\n<p>Diese Cuv\u00e9e voller Raffinesse und Eleganz ist der ideale Begleiter f\u00fcr einen Aperitif. Seine Frische erm\u00f6glicht es auch, ihn zu zahlreichen Jakobsmuscheln, einer Krabbenremoulade, Goug\u00e8res, einem Fischtatar, Austern, einem Risotto mit Parmesansp\u00e4nen, wei\u00dfem Fleisch, jungem und fruchtigem Comt\u00e9, Parmesan ... zu servieren.<\/p>","protected":false},"featured_media":7352,"template":"","meta":{"_exactmetrics_skip_tracking":false,"_exactmetrics_sitenote_active":false,"_exactmetrics_sitenote_note":"","_exactmetrics_sitenote_category":0,"_uf_show_specific_survey":0,"_uf_disable_surveys":false,"iawp_total_views":11},"product_brand":[],"product_cat":[160,178],"product_tag":[],"class_list":{"0":"post-14319","1":"product","2":"type-product","3":"status-publish","4":"has-post-thumbnail","6":"product_cat-espumantes","7":"product_cat-champagne","9":"first","10":"instock","11":"shipping-taxable","12":"purchasable","13":"product-type-simple"},"_links":{"self":[{"href":"https:\/\/garrafeiragrandeescolha.pt\/de\/wp-json\/wp\/v2\/product\/14319","targetHints":{"allow":["GET"]}}],"collection":[{"href":"https:\/\/garrafeiragrandeescolha.pt\/de\/wp-json\/wp\/v2\/product"}],"about":[{"href":"https:\/\/garrafeiragrandeescolha.pt\/de\/wp-json\/wp\/v2\/types\/product"}],"wp:featuredmedia":[{"embeddable":true,"href":"https:\/\/garrafeiragrandeescolha.pt\/de\/wp-json\/wp\/v2\/media\/7352"}],"wp:attachment":[{"href":"https:\/\/garrafeiragrandeescolha.pt\/de\/wp-json\/wp\/v2\/media?parent=14319"}],"wp:term":[{"taxonomy":"product_brand","embeddable":true,"href":"https:\/\/garrafeiragrandeescolha.pt\/de\/wp-json\/wp\/v2\/product_brand?post=14319"},{"taxonomy":"product_cat","embeddable":true,"href":"https:\/\/garrafeiragrandeescolha.pt\/de\/wp-json\/wp\/v2\/product_cat?post=14319"},{"taxonomy":"product_tag","embeddable":true,"href":"https:\/\/garrafeiragrandeescolha.pt\/de\/wp-json\/wp\/v2\/product_tag?post=14319"}],"curies":[{"name":"wp","href":"https:\/\/api.w.org\/{rel}","templated":true}]}}