{"id":14393,"date":"2020-12-24T14:36:09","date_gmt":"2020-12-24T14:36:09","guid":{"rendered":"http:\/\/garrafeiragrandeescolha.pt\/?post_type=product&#038;p=14393"},"modified":"2022-10-20T17:01:36","modified_gmt":"2022-10-20T17:01:36","slug":"gin-martin-millers-summerful-70cl","status":"publish","type":"product","link":"https:\/\/garrafeiragrandeescolha.pt\/de\/produkt\/gin-martin-millers-summerful-70cl\/","title":{"rendered":"Gin Martin Miller&#039;s Summerful 70cl"},"content":{"rendered":"<p><img fetchpriority=\"high\" decoding=\"async\" class=\"size-full wp-image-15067 aligncenter\" src=\"http:\/\/garrafeiragrandeescolha.pt\/wp-content\/uploads\/2022\/02\/logo-martin-millers.jpg\" alt=\"\" width=\"300\" height=\"193\" \/><\/p>\n<p>Martin war ein begeisterter Reisender und war in der Toskana, wo er das Essen liebte, aber nicht immer den Wacholder. Er reiste auch nach Indien und liebte das Essen. Sehen Sie hier ein Thema? Obwohl er sich auf den Gew\u00fcrzm\u00e4rkten vergn\u00fcgte, war er von dem dort gefundenen Wacholder nicht immer beeindruckt.<\/p>\n<p>Andererseits erinnerte er sich gelegentlich etwas traurig an eine Party in Mazedonien, wo sie lange N\u00e4chte im Casino verbrachten,<\/p>\n<p>\u201eGutes Essen\u201c, sagte er, \u201eaber sehr schlechte Chancen.\u201c<\/p>\n<p>Aber er weigerte sich immer noch, auf den Wacholder zu setzen, den er dort fand. Das war nun ein Problem.<\/p>\n<p>Seiner Meinung nach war Wacholder eine schwierige und t\u00fcckische Kulturpflanze, deren Qualit\u00e4t von Jahr zu Jahr enorm schwankte. Wacholder w\u00e4chst langsam und wenn die B\u00fcsche ein bestimmtes Alter erreichen, produzieren sie keine verwertbaren Fr\u00fcchte mehr. F\u00fcr ihn war es ein gro\u00dfer Fehler, sich auf eine einzige Quelle zu verlassen. Stattdessen w\u00e4hlte er die Ernte der Ernte aus, egal aus welcher Quelle, und w\u00e4hlte immer die fettesten Fr\u00fcchte, die reich an \u00d6len und aromatischer Sch\u00f6nheit waren. Diese und nur diese w\u00fcrden in Ihren Gin kommen.<\/p>\n<p>80 Proof \u2013 Silber \u2013 IWSC<br \/>\nWestbourne Strength \u2013 Bronze \u2013 IWSC<br \/>\nWestbourne Strength G&amp;T \u2013 Bronze \u2013 IWSC<br \/>\n9 Monde \u2013 Silber \u2013 IWSC<br \/>\n80 Proof \u2013 Platin\/ 96 Punkte \u2013 Beverage Tasting Institute of Chicago<br \/>\nWestbourne \u2013 Platin\/ 97 Punkte \u2013 Beverage Tasting Institute of Chicago<br \/>\n9 Monde \u2013 Gold\/ 93 Punkte \u2013 Beverage Tasting Institute of Chicago<br \/>\nWestbourne Strength \u2013 Bester isl\u00e4ndischer zeitgen\u00f6ssischer Gin \u2013 World Gin Awards<br \/>\n9 Monde \u2013 Bester isl\u00e4ndisch gereifter Gin \u2013 World Gin Awards<br \/>\n80 Proof \u2013 Silbermedaille \u2013 International Spirits Challenge<br \/>\nWestbourne Strength \u2013 Bronzemedaille \u2013 International Spirits Challenge<br \/>\n9 Monde \u2013 Bronzemedaille \u2013 International Spirits Challenge<br \/>\n80 Proof \u2013 Bronze \u2013 San Francisco World Spirits Competition<br \/>\nWestbourne Strength \u2013 Silbermedaille \u2013 San Francisco World Spirits Competition<br \/>\n9 Monde \u2013 Silbermedaille \u2013 San Francisco World Spirits Competition<\/p>","protected":false},"excerpt":{"rendered":"<p><img decoding=\"async\" class=\"alignnone size-full wp-image-3908\" src=\"https:\/\/garrafeiragrandeescolha.pt\/wp-content\/uploads\/2020\/03\/inglaterra.jpg\" alt=\"\" width=\"75\" height=\"40\" \/> <img decoding=\"async\" class=\"alignnone size-full wp-image-3909\" src=\"https:\/\/garrafeiragrandeescolha.pt\/wp-content\/uploads\/2020\/03\/islandia.jpg\" alt=\"\" width=\"75\" height=\"40\" \/> England und Island<\/p>\n<p>Der am meisten ausgezeichnete Super-Premium-Gin Martin Miller&#039;s Gin hat seine erste saisonale Variante auf den Markt gebracht, Martin Miller Summerful Gin. Die limitierte Edition wird nur w\u00e4hrend der Fr\u00fchlings- und Sommersaison erh\u00e4ltlich sein.<\/p>\n<p>Inspiriert von allem, was mit dem Sommer zu tun hat, ist das Hauptmerkmal von Martin Millers Summerful Gin seine Frische. Der Gin basiert auf der ikonischen getrennten Destillation der beiden Pflanzenfamilien in Martin Millers Original Gin und schafft eine unverwechselbare Balance zwischen Zitrusfr\u00fcchten und Wacholder. Anschlie\u00dfend wird als Hommage an das doppelte Erbe der Marke eine dritte Destillation pflanzlicher Stoffe aus England und Islands Fr\u00fchlings- und Sommersaison \u2013 Rosmarin und arktischer Thymian \u2013 hinzugef\u00fcgt. Daher wird dieser destillierte englische Gin mit reinstem isl\u00e4ndischen Quellwasser gemischt, um ein seidiges, weiches Mundgef\u00fchl zu erzielen, das bei Verbrauchern und Handel so beliebt ist.<\/p>\n<p>Arktischer Thymian bringt ein blumiges Geschmacksbouquet und ausgepr\u00e4gte erdige Noten mit einem Hauch von Zitrusfr\u00fcchten und Minze mit sich, die sich wunderbar mit den frischen Aromen von Zitrone und Kiefer im Rosmarin verbinden.<\/p>\n<p>DIE ESSENZ DES SOMMERS UND MARTIN MILLER GIN<\/p>\n<p>Seit seine Gr\u00fcnder isl\u00e4ndisches Quellwasser vermischten, um einen Gin von h\u00f6chster Qualit\u00e4t zu kreieren, stehen Transformation, Experimente und das Streben nach Exzellenz im Mittelpunkt von Martin Miller Gin. Zwanzig Jahre sp\u00e4ter ist Martin Millers Summerful Gin ein Beispiel daf\u00fcr, wie die Marke in einer sich st\u00e4ndig ver\u00e4ndernden Gin-Branche weiterhin Innovationen hervorbringt und dabei diesen Werten treu bleibt.<\/p>\n<p>Diese saisonale Variante in limitierter Auflage wurde mit einer Mischung kreiert, die auf dem Original Gin der Marke basiert. Als Super-Premium-Gin-Marke hat Martin Miller&#039;s Gin immer nach M\u00f6glichkeiten gesucht, sein Angebot zu ver\u00e4ndern und gleichzeitig seiner Philosophie treu zu bleiben. Der Summerful Gin von Martin Miller erf\u00fcllt die Erwartungen der Marke an h\u00f6chste Qualit\u00e4t, jedoch mit einem v\u00f6llig neuen Profil voller allem, was den Sommer ausmacht.<\/p>","protected":false},"featured_media":7842,"template":"","meta":{"_exactmetrics_skip_tracking":false,"_exactmetrics_sitenote_active":false,"_exactmetrics_sitenote_note":"","_exactmetrics_sitenote_category":0,"_uf_show_specific_survey":0,"_uf_disable_surveys":false,"iawp_total_views":24},"product_brand":[],"product_cat":[158,183],"product_tag":[],"class_list":{"0":"post-14393","1":"product","2":"type-product","3":"status-publish","4":"has-post-thumbnail","6":"product_cat-espirituosos","7":"product_cat-gin","9":"first","10":"instock","11":"shipping-taxable","12":"purchasable","13":"product-type-simple"},"_links":{"self":[{"href":"https:\/\/garrafeiragrandeescolha.pt\/de\/wp-json\/wp\/v2\/product\/14393","targetHints":{"allow":["GET"]}}],"collection":[{"href":"https:\/\/garrafeiragrandeescolha.pt\/de\/wp-json\/wp\/v2\/product"}],"about":[{"href":"https:\/\/garrafeiragrandeescolha.pt\/de\/wp-json\/wp\/v2\/types\/product"}],"wp:featuredmedia":[{"embeddable":true,"href":"https:\/\/garrafeiragrandeescolha.pt\/de\/wp-json\/wp\/v2\/media\/7842"}],"wp:attachment":[{"href":"https:\/\/garrafeiragrandeescolha.pt\/de\/wp-json\/wp\/v2\/media?parent=14393"}],"wp:term":[{"taxonomy":"product_brand","embeddable":true,"href":"https:\/\/garrafeiragrandeescolha.pt\/de\/wp-json\/wp\/v2\/product_brand?post=14393"},{"taxonomy":"product_cat","embeddable":true,"href":"https:\/\/garrafeiragrandeescolha.pt\/de\/wp-json\/wp\/v2\/product_cat?post=14393"},{"taxonomy":"product_tag","embeddable":true,"href":"https:\/\/garrafeiragrandeescolha.pt\/de\/wp-json\/wp\/v2\/product_tag?post=14393"}],"curies":[{"name":"wp","href":"https:\/\/api.w.org\/{rel}","templated":true}]}}