{"id":14400,"date":"2021-01-19T22:48:14","date_gmt":"2021-01-19T22:48:14","guid":{"rendered":"http:\/\/garrafeiragrandeescolha.pt\/?post_type=product&#038;p=14400"},"modified":"2026-03-04T15:11:43","modified_gmt":"2026-03-04T15:11:43","slug":"roquette-cazes-tinto-75cl","status":"publish","type":"product","link":"https:\/\/garrafeiragrandeescolha.pt\/de\/produkt\/roquette-cazes-tinto-75cl\/","title":{"rendered":"Roquette &amp; Cazes Tinto 2022 75cl"},"content":{"rendered":"<p><img decoding=\"async\" class=\"size-medium wp-image-15051 aligncenter\" src=\"http:\/\/garrafeiragrandeescolha.pt\/wp-content\/uploads\/2022\/02\/roquette-e-cazes-logo-300x123.jpg\" alt=\"\" width=\"300\" height=\"123\" srcset=\"https:\/\/garrafeiragrandeescolha.pt\/wp-content\/uploads\/2022\/02\/roquette-e-cazes-logo-300x123.jpg 300w, https:\/\/garrafeiragrandeescolha.pt\/wp-content\/uploads\/2022\/02\/roquette-e-cazes-logo-768x315.jpg 768w, https:\/\/garrafeiragrandeescolha.pt\/wp-content\/uploads\/2022\/02\/roquette-e-cazes-logo-600x246.jpg 600w, https:\/\/garrafeiragrandeescolha.pt\/wp-content\/uploads\/2022\/02\/roquette-e-cazes-logo.jpg 1018w\" sizes=\"(max-width: 300px) 100vw, 300px\" \/><\/p>\n<p>DUAS FAM\u00cdLIAS \u2013 UM PROJETO DE GRANDES VINHOS<\/p>\n<p>O projeto\u00a0<em>Roquette &amp;\u00a0Cazes\u00a0<\/em>\u00e9 acima de tudo um encontro de dois amigos:\u00a0<em>Jorge Roquette<\/em>\u00a0da\u00a0<em>Quinta do Crasto<\/em>\u00a0Es ist\u00a0<em>Jean-Michel Cazes<\/em>\u00a0do\u00a0<em>Ch\u00e2teau Lynch-Bages<\/em>.<\/p>\n<p>Em 2002, as duas fam\u00edlias decidiram criar uma empresa para produzir grandes vinhos que fossem marcados pelas caracter\u00edsticas naturais do Douro e pela experi\u00eancia dos Cazes que fazem vinhos em\u00a0<em>Bordeaux<\/em>\u00a0h\u00e1 cerca de um s\u00e9culo.<\/p>\n<p>Uma aventura vitivin\u00edcola<br \/>\n<em>\u201cFazer um grande vinho com as castas do Douro, um vinho que mostre estrutura e complexidade, que possua o poder e o sol de Portugal conjugados com a eleg\u00e2ncia de Bordeaux\u201d,<\/em>\u00a0afirmou\u00a0<em>Jean-Michel Cazes<\/em>\u00a0no \u00e2mbito desta aventura.<\/p>\n<p>&nbsp;<\/p>","protected":false},"excerpt":{"rendered":"<p>Castas: Touriga Nacional (60%), Touriga Franca (25%) e Tinta Roriz (15%)<\/p>\n<p>Envelhecimento: O vinho Roquette &amp; Cazes 2022 estagiou em barricas de carvalho franc\u00eas, onde permaneceu cerca de 18 meses.<\/p>\n<p>NOTAS DE PROVA<br \/>\nCor:\u00a0rubi carregada.<br \/>\nNariz:\u00a0excelente complexidade arom\u00e1tica, com notas de frutos vermelhos muito limpos, elegantes especiarias e suaves notas bals\u00e2micas.<br \/>\nBoca:\u00a0inicia de forma muito elegante, evoluindo para um vinho de excelente volume e estrutura composta por taninos de textura aveludada. Um vinho muito envolvente, que termina muito fresco e persistente.<\/p>\n<p>SUGEST\u00d5ES DE SERVI\u00c7O<br \/>\nServir a uma temperatura de 16-18 \u00baC com pratos de carne e ca\u00e7a, seja na grelha ou no forno, e com cozinha regional italiana.<\/p>","protected":false},"featured_media":7905,"template":"","meta":{"_exactmetrics_skip_tracking":false,"_exactmetrics_sitenote_active":false,"_exactmetrics_sitenote_note":"","_exactmetrics_sitenote_category":0,"_uf_show_specific_survey":0,"_uf_disable_surveys":false,"iawp_total_views":37},"product_brand":[],"product_cat":[157,184,215],"product_tag":[],"class_list":{"0":"post-14400","1":"product","2":"type-product","3":"status-publish","4":"has-post-thumbnail","6":"product_cat-vinhos","7":"product_cat-tinto","8":"product_cat-douro","10":"first","11":"instock","12":"shipping-taxable","13":"purchasable","14":"product-type-simple"},"_links":{"self":[{"href":"https:\/\/garrafeiragrandeescolha.pt\/de\/wp-json\/wp\/v2\/product\/14400","targetHints":{"allow":["GET"]}}],"collection":[{"href":"https:\/\/garrafeiragrandeescolha.pt\/de\/wp-json\/wp\/v2\/product"}],"about":[{"href":"https:\/\/garrafeiragrandeescolha.pt\/de\/wp-json\/wp\/v2\/types\/product"}],"wp:featuredmedia":[{"embeddable":true,"href":"https:\/\/garrafeiragrandeescolha.pt\/de\/wp-json\/wp\/v2\/media\/7905"}],"wp:attachment":[{"href":"https:\/\/garrafeiragrandeescolha.pt\/de\/wp-json\/wp\/v2\/media?parent=14400"}],"wp:term":[{"taxonomy":"product_brand","embeddable":true,"href":"https:\/\/garrafeiragrandeescolha.pt\/de\/wp-json\/wp\/v2\/product_brand?post=14400"},{"taxonomy":"product_cat","embeddable":true,"href":"https:\/\/garrafeiragrandeescolha.pt\/de\/wp-json\/wp\/v2\/product_cat?post=14400"},{"taxonomy":"product_tag","embeddable":true,"href":"https:\/\/garrafeiragrandeescolha.pt\/de\/wp-json\/wp\/v2\/product_tag?post=14400"}],"curies":[{"name":"wp","href":"https:\/\/api.w.org\/{rel}","templated":true}]}}