{"id":14404,"date":"2021-01-20T18:56:49","date_gmt":"2021-01-20T18:56:49","guid":{"rendered":"http:\/\/garrafeiragrandeescolha.pt\/?post_type=product&#038;p=14404"},"modified":"2022-02-04T20:05:16","modified_gmt":"2022-02-04T20:05:16","slug":"monte-do-joao-martins-syrah-reserva-tinto-2015-75cl","status":"publish","type":"product","link":"https:\/\/garrafeiragrandeescolha.pt\/de\/produkt\/monte-do-joao-martins-syrah-reserva-tinto-2015-75cl\/","title":{"rendered":"Monte do Jo\u00e3o Martins Syrah Reserva Tinto 2015 75cl"},"content":{"rendered":"<p><img decoding=\"async\" class=\"size-full wp-image-15322 aligncenter\" src=\"http:\/\/garrafeiragrandeescolha.pt\/wp-content\/uploads\/2022\/02\/logo_monte-joao-martins.png\" alt=\"\" width=\"184\" height=\"95\" \/><\/p>\n<p>O Monte do Jo\u00e3o Martins situa-se no Norte Alentejano, freguesia de Carreiras, entre Portalegre e Castelo de Vide e junto ao maci\u00e7o da Serra de S\u00e3o Mamede, ponto mais alto de Portugal a sul do rio Tejo.<br \/>\nTrata-se de uma zona privilegiada pela riqueza do seu vasto patrim\u00f3nio natural, paisag\u00edstico, arquitet\u00f3nico, cultural, religioso e gastron\u00f3mico o que a torna numa regi\u00e3o de grande apet\u00eancia tur\u00edstica.<br \/>\nO Monte do Jo\u00e3o Martins, inserido numa regi\u00e3o do nosso pa\u00eds t\u00e3o rica culturalmente, guarda, entre os seus muros de pedra, segredos milenares. Escondidos entre o montado de sobreiros e forma\u00e7\u00f5es rochosas, podemos observar alguns vest\u00edgios megal\u00edticos. Podemos encontrar algumas m\u00f3s neol\u00edticas, onde se mo\u00edam os cereais para fazer farinha h\u00e1 milhares de anos;<br \/>\nPodemos visitar uma anta , v\u00e1rios chaford\u00f5es\u2026<br \/>\nA par desse passado long\u00ednquo, falar do Monte do Jo\u00e3o Martins no presente, implica falar dos testemunhos da presen\u00e7a do homem nos nossos dias.<\/p>\n<p>Com uma pequena \u00e1rea de vinha com castas tintas Touriga Nacional, Alicante Bouschet, Syrah e Aragonez e brancas, Alvarinho, Arinto e Viognier, fazem-se na adega que foi constru\u00edda no Monte, os melhores vinhos de quinta brancos e tintos que t\u00eam merecido o reconhecimento dos consumidores bem como das revistas da especialidade, o que dignifica a melhor regi\u00e3o demarcada do Alentejo e uma das melhores do Pa\u00eds<\/p>","protected":false},"excerpt":{"rendered":"<p>Est\u00e1gio: 10 a 12 meses em barricas novas de Carvalho Franc\u00eas e 12 meses em garrafa.<\/p>\n<p>A tipicidade do clima, solos gran\u00edticos e altitude propiciam uma matura\u00e7\u00e3o das uvas equilibrada. Este \u00e9 um vinho de aromas a frutos silvestres e<br \/>\nespeciarias. Na boca tem frutos pretos em harmonia com notas de baunilha e tostados. \u00c9 equilibrado, perfil persistente e complexo. Um vinho com distin\u00e7\u00e3o.<\/p>","protected":false},"featured_media":7919,"template":"","meta":{"_exactmetrics_skip_tracking":false,"_exactmetrics_sitenote_active":false,"_exactmetrics_sitenote_note":"","_exactmetrics_sitenote_category":0,"_uf_show_specific_survey":0,"_uf_disable_surveys":false,"iawp_total_views":33},"product_brand":[],"product_cat":[157,184,207],"product_tag":[],"class_list":{"0":"post-14404","1":"product","2":"type-product","3":"status-publish","4":"has-post-thumbnail","6":"product_cat-vinhos","7":"product_cat-tinto","8":"product_cat-alentejo","10":"first","11":"instock","12":"shipping-taxable","13":"purchasable","14":"product-type-simple"},"_links":{"self":[{"href":"https:\/\/garrafeiragrandeescolha.pt\/de\/wp-json\/wp\/v2\/product\/14404","targetHints":{"allow":["GET"]}}],"collection":[{"href":"https:\/\/garrafeiragrandeescolha.pt\/de\/wp-json\/wp\/v2\/product"}],"about":[{"href":"https:\/\/garrafeiragrandeescolha.pt\/de\/wp-json\/wp\/v2\/types\/product"}],"wp:featuredmedia":[{"embeddable":true,"href":"https:\/\/garrafeiragrandeescolha.pt\/de\/wp-json\/wp\/v2\/media\/7919"}],"wp:attachment":[{"href":"https:\/\/garrafeiragrandeescolha.pt\/de\/wp-json\/wp\/v2\/media?parent=14404"}],"wp:term":[{"taxonomy":"product_brand","embeddable":true,"href":"https:\/\/garrafeiragrandeescolha.pt\/de\/wp-json\/wp\/v2\/product_brand?post=14404"},{"taxonomy":"product_cat","embeddable":true,"href":"https:\/\/garrafeiragrandeescolha.pt\/de\/wp-json\/wp\/v2\/product_cat?post=14404"},{"taxonomy":"product_tag","embeddable":true,"href":"https:\/\/garrafeiragrandeescolha.pt\/de\/wp-json\/wp\/v2\/product_tag?post=14404"}],"curies":[{"name":"wp","href":"https:\/\/api.w.org\/{rel}","templated":true}]}}