{"id":14415,"date":"2021-02-02T16:53:55","date_gmt":"2021-02-02T16:53:55","guid":{"rendered":"http:\/\/garrafeiragrandeescolha.pt\/?post_type=product&#038;p=14415"},"modified":"2022-11-24T10:42:27","modified_gmt":"2022-11-24T10:42:27","slug":"conde-de-anadia-tinto-75cl","status":"publish","type":"product","link":"https:\/\/garrafeiragrandeescolha.pt\/de\/produkt\/conde-de-anadia-tinto-75cl\/","title":{"rendered":"Conde de Anadia Tinto 2015 75cl"},"content":{"rendered":"<p><img decoding=\"async\" class=\"size-full wp-image-15291 aligncenter\" src=\"http:\/\/garrafeiragrandeescolha.pt\/wp-content\/uploads\/2022\/02\/logo-conde-anadia.png\" alt=\"\" width=\"250\" height=\"117\" \/><\/p>\n<p>Os vinhos Conde de Anadia nascem no Pal\u00e1cio dos Condes Anadia em Mangualde-Viseu.<br \/>\nA produ\u00e7\u00e3o de vinho na propriedade remonta ao s\u00e9culo XVIII. Dentro dos muros do Pal\u00e1cio encontramos os 10 hectares de vinha, plantados a 500 metros de altitude em solos gran\u00edticos, emoldurados a poente pela majestosa Serra da Estrela e ladeados pela Mata da propriedade. Pertencente \u00e0 regi\u00e3o demarcada do D\u00e3o (sub-regi\u00e3o Terras de Azurara) nas vinhas do Pal\u00e1cio encontramos as castas t\u00edpicas da regi\u00e3o do D\u00e3o: Touriga Nacional, Alfrocheiro, Jaen e Encruzado<\/p>","protected":false},"excerpt":{"rendered":"<p>CASTAS: Touriga Nacional, Alfroucheiro e Jaen<\/p>\n<p>Apresenta uma cor vermelha rubi. Aroma de fruta vermelha do bosque e leves notas bals\u00e2micas. Na boca o vinho \u00e9 suave e elegante com boa frescura e estrutura, que lhe confere equil\u00edbrio e pendor gastron\u00f3mico.<\/p>\n<p>Recomendado para acompanhar boa gastronomia em especial pratos de ca\u00e7a e assados de carne. Servir<br \/>\n\u00e0 temperatura de 16-18\u00baC<\/p>","protected":false},"featured_media":7995,"template":"","meta":{"_exactmetrics_skip_tracking":false,"_exactmetrics_sitenote_active":false,"_exactmetrics_sitenote_note":"","_exactmetrics_sitenote_category":0,"_uf_show_specific_survey":0,"_uf_disable_surveys":false,"iawp_total_views":41},"product_brand":[],"product_cat":[187,184,157],"product_tag":[],"class_list":{"0":"post-14415","1":"product","2":"type-product","3":"status-publish","4":"has-post-thumbnail","6":"product_cat-dao-tinto","7":"product_cat-tinto","8":"product_cat-vinhos","10":"first","11":"instock","12":"shipping-taxable","13":"purchasable","14":"product-type-simple"},"_links":{"self":[{"href":"https:\/\/garrafeiragrandeescolha.pt\/de\/wp-json\/wp\/v2\/product\/14415","targetHints":{"allow":["GET"]}}],"collection":[{"href":"https:\/\/garrafeiragrandeescolha.pt\/de\/wp-json\/wp\/v2\/product"}],"about":[{"href":"https:\/\/garrafeiragrandeescolha.pt\/de\/wp-json\/wp\/v2\/types\/product"}],"wp:featuredmedia":[{"embeddable":true,"href":"https:\/\/garrafeiragrandeescolha.pt\/de\/wp-json\/wp\/v2\/media\/7995"}],"wp:attachment":[{"href":"https:\/\/garrafeiragrandeescolha.pt\/de\/wp-json\/wp\/v2\/media?parent=14415"}],"wp:term":[{"taxonomy":"product_brand","embeddable":true,"href":"https:\/\/garrafeiragrandeescolha.pt\/de\/wp-json\/wp\/v2\/product_brand?post=14415"},{"taxonomy":"product_cat","embeddable":true,"href":"https:\/\/garrafeiragrandeescolha.pt\/de\/wp-json\/wp\/v2\/product_cat?post=14415"},{"taxonomy":"product_tag","embeddable":true,"href":"https:\/\/garrafeiragrandeescolha.pt\/de\/wp-json\/wp\/v2\/product_tag?post=14415"}],"curies":[{"name":"wp","href":"https:\/\/api.w.org\/{rel}","templated":true}]}}