{"id":14422,"date":"2021-02-02T19:08:20","date_gmt":"2021-02-02T19:08:20","guid":{"rendered":"http:\/\/garrafeiragrandeescolha.pt\/?post_type=product&#038;p=14422"},"modified":"2025-02-20T13:08:07","modified_gmt":"2025-02-20T13:08:07","slug":"aguardente-vinica-velha-rumar-70cl","status":"publish","type":"product","link":"https:\/\/garrafeiragrandeescolha.pt\/de\/produkt\/aguardente-vinica-velha-rumar-70cl\/","title":{"rendered":"Aguardente V\u00ednica Velha Rumar 70cl"},"content":{"rendered":"<p><img decoding=\"async\" class=\"size-full wp-image-15452 aligncenter\" src=\"http:\/\/garrafeiragrandeescolha.pt\/wp-content\/uploads\/2022\/02\/rumar-logo.png\" alt=\"\" width=\"175\" height=\"40\" \/><\/p>\n<p>&nbsp;<\/p>\n<h1>RUMAR \u00e9 o motivo perfeito para BRINDAR<\/h1>","protected":false},"excerpt":{"rendered":"<p>2 Destila\u00e7\u00f5es: Dupla destila\u00e7\u00e3o.<\/p>\n<p>2 Anos: Envelhecemos nem muito nem pouco tempo mas sim pelo tempo ideal para preservar os aromas frutados.<\/p>\n<p>2 Cascos: Carvalho Americano e Franc\u00eas \u2013 Aqui fazemos tudo a dobrar.<\/p>\n<p>Lotes: Fazemos pequenos lotes para partilharmos aguardentes de elevada qualidade.<\/p>\n<p>Notas de Prova: Fruta madura, frutos secos e especiarias \u2013 Aveludada at\u00e9 \u00e0 \u00faltima gota.<\/p>","protected":false},"featured_media":8024,"template":"","meta":{"_exactmetrics_skip_tracking":false,"_exactmetrics_sitenote_active":false,"_exactmetrics_sitenote_note":"","_exactmetrics_sitenote_category":0,"_uf_show_specific_survey":0,"_uf_disable_surveys":false,"iawp_total_views":8},"product_brand":[],"product_cat":[180,158],"product_tag":[],"class_list":{"0":"post-14422","1":"product","2":"type-product","3":"status-publish","4":"has-post-thumbnail","6":"product_cat-aguardente","7":"product_cat-espirituosos","9":"first","10":"instock","11":"featured","12":"shipping-taxable","13":"purchasable","14":"product-type-simple"},"_links":{"self":[{"href":"https:\/\/garrafeiragrandeescolha.pt\/de\/wp-json\/wp\/v2\/product\/14422","targetHints":{"allow":["GET"]}}],"collection":[{"href":"https:\/\/garrafeiragrandeescolha.pt\/de\/wp-json\/wp\/v2\/product"}],"about":[{"href":"https:\/\/garrafeiragrandeescolha.pt\/de\/wp-json\/wp\/v2\/types\/product"}],"wp:featuredmedia":[{"embeddable":true,"href":"https:\/\/garrafeiragrandeescolha.pt\/de\/wp-json\/wp\/v2\/media\/8024"}],"wp:attachment":[{"href":"https:\/\/garrafeiragrandeescolha.pt\/de\/wp-json\/wp\/v2\/media?parent=14422"}],"wp:term":[{"taxonomy":"product_brand","embeddable":true,"href":"https:\/\/garrafeiragrandeescolha.pt\/de\/wp-json\/wp\/v2\/product_brand?post=14422"},{"taxonomy":"product_cat","embeddable":true,"href":"https:\/\/garrafeiragrandeescolha.pt\/de\/wp-json\/wp\/v2\/product_cat?post=14422"},{"taxonomy":"product_tag","embeddable":true,"href":"https:\/\/garrafeiragrandeescolha.pt\/de\/wp-json\/wp\/v2\/product_tag?post=14422"}],"curies":[{"name":"wp","href":"https:\/\/api.w.org\/{rel}","templated":true}]}}