{"id":14487,"date":"2021-03-12T11:17:39","date_gmt":"2021-03-12T11:17:39","guid":{"rendered":"http:\/\/garrafeiragrandeescolha.pt\/?post_type=product&#038;p=14487"},"modified":"2024-04-30T11:49:09","modified_gmt":"2024-04-30T11:49:09","slug":"suse-weise-camarate-quinta-75cl","status":"publish","type":"product","link":"https:\/\/garrafeiragrandeescolha.pt\/de\/produkt\/suse-weise-camarate-quinta-75cl\/","title":{"rendered":"Quinta de Camarate Sweet White 75cl"},"content":{"rendered":"<p><img fetchpriority=\"high\" decoding=\"async\" class=\"size-medium wp-image-15293 aligncenter\" src=\"http:\/\/garrafeiragrandeescolha.pt\/wp-content\/uploads\/2022\/02\/JMF-180-anos-LOGO-300x184.jpg\" alt=\"\" width=\"300\" height=\"184\" srcset=\"https:\/\/garrafeiragrandeescolha.pt\/wp-content\/uploads\/2022\/02\/JMF-180-anos-LOGO-300x184.jpg 300w, https:\/\/garrafeiragrandeescolha.pt\/wp-content\/uploads\/2022\/02\/JMF-180-anos-LOGO.jpg 364w\" sizes=\"(max-width: 300px) 100vw, 300px\" \/><\/p>\n<p>Das Haus Jos\u00e9 Maria da Fonseca ist nach seinem Gr\u00fcnder benannt, der 1804 im Dorf Vilar Seco in der Gemeinde Nelas im Herzen der Region D\u00e3o geboren wurde. Das 1834 in Vila Nogueira de Azeit\u00e3o gegr\u00fcndete Unternehmen ist der \u00e4lteste Hersteller von Tafelweinen und Moscatel de Set\u00fabal und befindet sich bis heute im Besitz seiner Nachkommen.<\/p>\n<p>Jos\u00e9 Maria da Fonseca war ein Mann mit gro\u00dfer Vision und ein Pionier der portugiesischen Weinherstellung. Der Ersatz der Handarbeit durch den Pflug und die Vergr\u00f6\u00dferung des Abstands zwischen den Rebst\u00f6cken f\u00fcr eine bessere Sonneneinstrahlung waren zwei seinerzeit weithin gelobte Innovationen. Er ist auch f\u00fcr die Einf\u00fchrung neuer Sorten in der Region verantwortlich, wie zum Beispiel Castel\u00e3o Franc\u00eas, die er aus Estremadura mitgebracht hat, sowie f\u00fcr wesentliche Verbesserungen bei Moscatel de Set\u00fabal.<\/p>\n<p>Im Jahr 1857 verleiht D. Pedro V. Jos\u00e9 Maria da Fonseca den Orden vom Turm und das Schwert der Tapferkeit, Loyalit\u00e4t und Verdienste. Zum Zeitpunkt seines Todes im Jahr 1887 verf\u00fcgte das Unternehmen \u00fcber prestigetr\u00e4chtige, national und international anerkannte Marken und seine Produkte wurden in alle Kontinente exportiert.<\/p>\n<p>Ant\u00f3nio Porto Soares Franco, Vertreter der f\u00fcnften Generation der Familie und in Montpellier diplomierter Winzer, ist f\u00fcr die Entstehung zweier Ros\u00e9weine verantwortlich, die zwei gro\u00dfe Marken von Jos\u00e9 Maria da Fonseca repr\u00e4sentieren: Fa\u00edsca und Lancers. Letzteres wurde 1944 in den Vereinigten Staaten eingef\u00fchrt und ist nach wie vor der herausragende Marktf\u00fchrer f\u00fcr portugiesische Weine, die in diesem Land importiert und konsumiert werden.<\/p>\n<p>Die Einf\u00fchrung des ersten \u00e4u\u00dferst erfolgreichen Wei\u00dfweins auf dem nationalen Markt erfolgte 1945 mit dem Branco Seco Especial (BSE) und ein Jahrzehnt sp\u00e4ter, 1959, wurde die Marke Terras Altas mit Weinen aus D\u00e3o eingef\u00fchrt. Pasmados-Weine, zun\u00e4chst bekannt als Branco Velho und Tinto Velho, erhielten 1959 ihre eigene Identit\u00e4t.<\/p>\n<p>Ab 1969 entstanden unter der Marke Palmela Superior die Weine Camarate Clarete, Camarate und ab 1985 Quinta de Camarate. Im Jahr 1945 begann schlie\u00dflich die Produktion von Kellerweinen, die durch geheime Akronyme gekennzeichnet sind, die sie zu echten Sammlerobjekten machen: P, DA, AE, CB, EV. Sie sind die ersten in einer langen Reihe von mehr als zwanzig Kellerweinen unterschiedlicher Herkunft Jos\u00e9 Maria da Fonseca genie\u00dft einen bemerkenswerten Ruf in der Herstellung dieser Art von Wein.<\/p>\n<p>Der Kauf von Casa Agr\u00edcola Jos\u00e9 de Sousa Rosado Fernandes in Reguengos im Jahr 1986 erweiterte das Angebot an Quinta-Weinen von Jos\u00e9 Maria da Fonseca, wobei Jos\u00e9 de Sousa derzeit der einzige portugiesische Wein ist, der in Tont\u00f6pfen hergestellt wird.<\/p>\n<p>Das Umsatzwachstum von Periquita mit einer sehr starken Pr\u00e4senz auf ausl\u00e4ndischen M\u00e4rkten, BSE und Moscatel de Set\u00fabal, und, was kleine Produktionen betrifft, der Erfolg von Jos\u00e9 de Sousa, D&#039;Avillez und den drei CO-Kellerweinen TE und RA best\u00e4tigen Jos\u00e9 Maria da Fonsecas Engagement f\u00fcr die Entwicklung eines Portfolios von Qualit\u00e4tsprodukten.<\/p>\n<p>Ab 1995 gaben neue Weine wie Periquita Cl\u00e1ssico, Primum und Colec\u00e7\u00e3o Privada Jos\u00e9 Maria da Fonseca eine gewisse Harmonie zwischen der St\u00e4rke der Tradition und der Kreativit\u00e4t rund um neue Weine, die neue Konsumtrends ansprechen.<\/p>\n<p>Jos\u00e9 Maria da Fonseca ist derzeit im Besitz der sechsten Generation seiner direkten Nachkommen, da Ant\u00f3nio Soares Franco 1986 die Pr\u00e4sidentschaft \u00fcbernahm und sein Bruder Domingos, Absolvent der University of Davis in Kalifornien, den Weinbau sicherstellt und ein sehr einzigartiges Weingut kreiert einzigartiger und pers\u00f6nlicher Stil der Weine, die das Haus charakterisieren.<\/p>\n<p>Im April 1996 wurden JM da Fonseca Internacional Vinhos und die Marke Lancers von der britischen Gruppe IDV \u00fcbernommen, wodurch Jos\u00e9 Maria da Fonseca zum gr\u00f6\u00dften Unternehmen der Branche wurde, das ausschlie\u00dflich portugiesischem Kapital geh\u00f6rte.<\/p>\n<p>Im selben Jahr erhielt das Unternehmen vom IPQ eine Anerkennung f\u00fcr die Qualit\u00e4t seines Produktions- und Abf\u00fcllprozesses gem\u00e4\u00df der Norm ISO 9002 und war damit der erste Tafelweinhersteller, der diese Auszeichnung erhielt.<\/p>\n<p>Die Wachstumsstrategie beinhaltet auch eine deutliche Vergr\u00f6\u00dferung der Rebfl\u00e4che und damit eine Steigerung der Eigenproduktion am Gesamtumsatz. Am Ende dieses Jahrhunderts besitzt Jos\u00e9 Maria da Fonseca 600 Hektar Weinberge, davon 500 auf der Halbinsel Set\u00fabal und der Rest im Alentejo. Hinzu kommen 150 Hektar Bewirtschaftung im Auftrag Dritter.<\/p>","protected":false},"excerpt":{"rendered":"<p>A casa Jos\u00e9 Maria da Fonseca tem o nome do seu fundador, nascido em 1804 na aldeia de Vilar Seco, concelho de Nelas, em plena regi\u00e3o do D\u00e3o. Fundada em 1834 em Vila Nogueira de Azeit\u00e3o, \u00e9 a mais antiga produtora de Vinhos de Mesa e\u00a0Moscatel de Set\u00fabal, mantendo-se at\u00e9 hoje na posse dos seus [&hellip;]<\/p>","protected":false},"featured_media":8437,"template":"","meta":{"_exactmetrics_skip_tracking":false,"_exactmetrics_sitenote_active":false,"_exactmetrics_sitenote_note":"","_exactmetrics_sitenote_category":0,"_uf_show_specific_survey":0,"_uf_disable_surveys":false,"iawp_total_views":29},"product_brand":[],"product_cat":[157,185,193],"product_tag":[],"class_list":{"0":"post-14487","1":"product","2":"type-product","3":"status-publish","4":"has-post-thumbnail","6":"product_cat-vinhos","7":"product_cat-branco","8":"product_cat-setubal-branco","10":"first","11":"instock","12":"shipping-taxable","13":"purchasable","14":"product-type-simple"},"_links":{"self":[{"href":"https:\/\/garrafeiragrandeescolha.pt\/de\/wp-json\/wp\/v2\/product\/14487","targetHints":{"allow":["GET"]}}],"collection":[{"href":"https:\/\/garrafeiragrandeescolha.pt\/de\/wp-json\/wp\/v2\/product"}],"about":[{"href":"https:\/\/garrafeiragrandeescolha.pt\/de\/wp-json\/wp\/v2\/types\/product"}],"wp:featuredmedia":[{"embeddable":true,"href":"https:\/\/garrafeiragrandeescolha.pt\/de\/wp-json\/wp\/v2\/media\/8437"}],"wp:attachment":[{"href":"https:\/\/garrafeiragrandeescolha.pt\/de\/wp-json\/wp\/v2\/media?parent=14487"}],"wp:term":[{"taxonomy":"product_brand","embeddable":true,"href":"https:\/\/garrafeiragrandeescolha.pt\/de\/wp-json\/wp\/v2\/product_brand?post=14487"},{"taxonomy":"product_cat","embeddable":true,"href":"https:\/\/garrafeiragrandeescolha.pt\/de\/wp-json\/wp\/v2\/product_cat?post=14487"},{"taxonomy":"product_tag","embeddable":true,"href":"https:\/\/garrafeiragrandeescolha.pt\/de\/wp-json\/wp\/v2\/product_tag?post=14487"}],"curies":[{"name":"wp","href":"https:\/\/api.w.org\/{rel}","templated":true}]}}