{"id":14508,"date":"2021-03-13T10:39:22","date_gmt":"2021-03-13T10:39:22","guid":{"rendered":"http:\/\/garrafeiragrandeescolha.pt\/?post_type=product&#038;p=14508"},"modified":"2022-09-20T17:57:48","modified_gmt":"2022-09-20T17:57:48","slug":"porto-quinta-da-devesa-40-anos-75cl","status":"publish","type":"product","link":"https:\/\/garrafeiragrandeescolha.pt\/de\/produkt\/porto-quinta-da-devesa-40-anos-75cl\/","title":{"rendered":"Porto Quinta da Devesa +40 Anos 75cl"},"content":{"rendered":"<p><img fetchpriority=\"high\" decoding=\"async\" class=\"size-medium wp-image-15218 aligncenter\" src=\"http:\/\/garrafeiragrandeescolha.pt\/wp-content\/uploads\/2022\/02\/devesa-logo-300x212.jpg\" alt=\"\" width=\"300\" height=\"212\" srcset=\"https:\/\/garrafeiragrandeescolha.pt\/wp-content\/uploads\/2022\/02\/devesa-logo-300x212.jpg 300w, https:\/\/garrafeiragrandeescolha.pt\/wp-content\/uploads\/2022\/02\/devesa-logo.jpg 566w\" sizes=\"(max-width: 300px) 100vw, 300px\" \/><\/p>\n<div id=\"comp-kf3tn221\" class=\"txtNew\" data-packed=\"true\" data-vertical-text=\"false\">\n<div>Quinta da Devesa hat eine jahrhundertealte Geschichte. Im Jahr 1844 nahm der bekannte Baron de Forrester dieses Anwesen in die erste Karte der abgegrenzten Region Douro auf. Aber die wichtigste Geschichte dieses Anwesens begann im letzten Jahrhundert, im Jahr 1941, als die Familie Fortunato die Quinta erwarb und damit eine neue Phase gr\u00f6\u00dferer Investitionen in die Weinproduktion einleitete, mit besonderem Schwerpunkt auf Portwein. Sp\u00e4ter tauchten auch Hinweise auf DOC-Douro-Weine auf, was die Pr\u00e4senz auf dem nationalen und internationalen Weinmarkt st\u00e4rkte.<\/div>\n<div>\n<p>Quinta da Devesa ist auch heute noch ein unabh\u00e4ngiges, zukunftsorientiertes Familienunternehmen mit Pr\u00e4senz auf mehreren internationalen M\u00e4rkten. Die in den letzten Jahren get\u00e4tigten Investitionen haben zu gr\u00f6\u00dferer Anerkennung bei Weinliebhabern und Fachkritikern gef\u00fchrt. Das Ergebnis all dessen wird auch in der riesigen Sammlung nationaler und internationaler Auszeichnungen sichtbar, die bisher erzielt wurden.<\/p>\n<div id=\"comp-kf43khdr\" class=\"txtNew\" data-packed=\"true\" data-vertical-text=\"false\">\n<div>Die Fl\u00fcsse Corgo und Douro dienten seit langem als Landschaft f\u00fcr Quinta da Devesa. Und was f\u00fcr eine Landschaft! Von der Spitze der Weinberge und den imposanten Terrassen aus kann man die Verbindung der beiden Fl\u00fcsse beobachten, die von den Bergen und T\u00e4lern der herrlichen Douro-Region umarmt werden. Das Anwesen liegt an der Grenze der Unterregionen Baixo und Cima Corgo in der Gemeinde Canelas und ganz in der N\u00e4he von Peso da R\u00e9gua, einem der Referenzstandorte der Region und Heimat einiger der renommiertesten Weinproduzenten der Region unser Land. . Es ist in der Tat ein ganz besonderer Ort und eindeutig einen sorgf\u00e4ltigen und rechtzeitigen Besuch wert.<\/div>\n<\/div>\n<div><span class=\"numeros_bloco\"><span class=\"associado_bloco img\"><span class=\"forcefullwidth_wrapper_tp_banner\">Insgesamt verf\u00fcgt Quinta da Devesa \u00fcber 34 Hektar Weinberge, die auf einer H\u00f6he zwischen 50 und 500 Metern gepflanzt sind und der Sonne nach Norden, S\u00fcden und Westen ausgesetzt sind. So ist es m\u00f6glich, viele Sonnenstunden in den nach S\u00fcden ausgerichteten Weinbergen und die durch die Nordausrichtung garantierte Frische zu genie\u00dfen. All dies tr\u00e4gt dazu bei, im Laufe der Zeit unterschiedliche Reifegrade zu gew\u00e4hrleisten und so ein besseres Erntemanagement zu erm\u00f6glichen. Ein wichtiger Aspekt ist, dass alle Weine der Quinta da Devesa nur aus Trauben des eigenen Weinguts hergestellt werden, was eine vollst\u00e4ndige Kontrolle der Produktion und somit eine hervorragende Endqualit\u00e4t gew\u00e4hrleistet.<\/span><\/span><\/span><\/div>\n<\/div>\n<\/div>\n<p>Alle Weinberge werden nach einem System minimaler Eingriffe bewirtschaftet, das als \u201eIntegrierte Produktion\u201c bekannt ist. Seit 2016 werden die Weinberge der Quinta da Devesa nach den Grunds\u00e4tzen der Integrierten Produktion bewirtschaftet, einer strengen Produktionsmethode, die so wenig Eingriffe wie m\u00f6glich in den Weinberg vorsieht. In der Praxis bedeutet dies, die Art und Menge der auf Reben angewendeten Behandlungen zur Bek\u00e4mpfung von Sch\u00e4dlingen und Krankheiten so weit wie m\u00f6glich einzuschr\u00e4nken.<br \/>\nVorbeugung ist von entscheidender Bedeutung und daher ist es wichtig, die Mitarbeiter des Weinguts zu kontaktieren, um Informationen einzuholen. Die gewonnenen Informationen werden genutzt, um Risikoanalysen durchzuf\u00fchren und potenzielle Gefahren f\u00fcr die Reben zu identifizieren, um aggressive Behandlungen zu vermeiden.<br \/>\nEin weiterer vorteilhafter Aspekt des vom Weinbauteam eingef\u00fchrten landwirtschaftlichen Managements war die Verwendung von Zwischenpflanzungen, also der Aussaat zwischen den Weinbergen. Diese tragen dazu bei, Feuchtigkeit zu speichern, Erosion zu bek\u00e4mpfen und dem Boden organische Stoffe zuzuf\u00fchren. Diese Zwischenfr\u00fcchte dienen der Abwehr von Unkr\u00e4utern und bieten einen alternativen Lebensraum f\u00fcr Insekten, die ein wesentlicher Bestandteil der Nahrungskette sind. Auf diese Weise bieten die Weinberge einen gesunden Lebensraum f\u00fcr V\u00f6gel, Reptilien und S\u00e4ugetiere und sorgen f\u00fcr eine ausreichende Artenvielfalt und eine ausgewogene und nachhaltige Umwelt.<\/p>","protected":false},"excerpt":{"rendered":"<div id=\"portfolio-breve\" class=\"texto\">\n<div id=\"portfolio-breve\" class=\"texto\">\n<div id=\"portfolio-breve\" class=\"texto\">\n<div id=\"portfolio-breve\" class=\"texto\">\n<div id=\"portfolio-breve\" class=\"texto\">\n<div id=\"portfolio-breve\" class=\"texto\">\n<div id=\"portfolio-breve\" class=\"texto\">\n<div id=\"portfolio-breve\" class=\"texto\">Vinho com idade m\u00e9dia superior a 40 anos (45 a 50 anos). Notas de frutos secos torrados e gr\u00e3os de caf\u00e9. Uma mistura tropical com nozes e um interessante sabor cremoso de laranja \/ baunilha no palato m\u00e9dio. Termina com v\u00e1rias camadas de mogno e mela\u00e7o, com firmeza e um final de boca prolongado.<\/div>\n<div id=\"portfolio-texto2\" class=\"texto\">\n<div>Die Portweine von Quinta da Devesa werden ausschlie\u00dflich aus Parzellen hergestellt, die auf dem Anwesen vinifiziert und gereift wurden. Seit 1941 werden Ernten, die von den Winzern der Familie als besonders hochwertig angesehen werden, in Holzf\u00e4ssern gelagert und gereift. Aus diesen au\u00dfergew\u00f6hnlichen Weinen werden heute Portweine der Quinta da Devesa hergestellt.<\/div>\n<\/div>\n<\/div>\n<\/div>\n<\/div>\n<\/div>\n<\/div>\n<\/div>\n<\/div>","protected":false},"featured_media":8492,"template":"","meta":{"_exactmetrics_skip_tracking":false,"_exactmetrics_sitenote_active":false,"_exactmetrics_sitenote_note":"","_exactmetrics_sitenote_category":0,"_uf_show_specific_survey":0,"_uf_disable_surveys":false,"iawp_total_views":8},"product_brand":[],"product_cat":[159,175],"product_tag":[],"class_list":{"0":"post-14508","1":"product","2":"type-product","3":"status-publish","4":"has-post-thumbnail","6":"product_cat-portos","7":"product_cat-porto-10-20-30-40-50-80","9":"first","10":"instock","11":"shipping-taxable","12":"purchasable","13":"product-type-simple"},"_links":{"self":[{"href":"https:\/\/garrafeiragrandeescolha.pt\/de\/wp-json\/wp\/v2\/product\/14508","targetHints":{"allow":["GET"]}}],"collection":[{"href":"https:\/\/garrafeiragrandeescolha.pt\/de\/wp-json\/wp\/v2\/product"}],"about":[{"href":"https:\/\/garrafeiragrandeescolha.pt\/de\/wp-json\/wp\/v2\/types\/product"}],"wp:featuredmedia":[{"embeddable":true,"href":"https:\/\/garrafeiragrandeescolha.pt\/de\/wp-json\/wp\/v2\/media\/8492"}],"wp:attachment":[{"href":"https:\/\/garrafeiragrandeescolha.pt\/de\/wp-json\/wp\/v2\/media?parent=14508"}],"wp:term":[{"taxonomy":"product_brand","embeddable":true,"href":"https:\/\/garrafeiragrandeescolha.pt\/de\/wp-json\/wp\/v2\/product_brand?post=14508"},{"taxonomy":"product_cat","embeddable":true,"href":"https:\/\/garrafeiragrandeescolha.pt\/de\/wp-json\/wp\/v2\/product_cat?post=14508"},{"taxonomy":"product_tag","embeddable":true,"href":"https:\/\/garrafeiragrandeescolha.pt\/de\/wp-json\/wp\/v2\/product_tag?post=14508"}],"curies":[{"name":"wp","href":"https:\/\/api.w.org\/{rel}","templated":true}]}}