{"id":14538,"date":"2021-04-16T11:41:02","date_gmt":"2021-04-16T11:41:02","guid":{"rendered":"http:\/\/garrafeiragrandeescolha.pt\/?post_type=product&#038;p=14538"},"modified":"2023-11-12T12:45:30","modified_gmt":"2023-11-12T12:45:30","slug":"manuel-correia-grande-reserva-tinto-75cl","status":"publish","type":"product","link":"https:\/\/garrafeiragrandeescolha.pt\/de\/produkt\/manuel-correia-grande-reserva-tinto-75cl\/","title":{"rendered":"Manuel Correia Grande Reserva Tinto 2015 75cl"},"content":{"rendered":"<p><img decoding=\"async\" class=\"size-full wp-image-15313 aligncenter\" src=\"http:\/\/garrafeiragrandeescolha.pt\/wp-content\/uploads\/2022\/02\/logo-manuel-correia.png\" alt=\"\" width=\"250\" height=\"193\" \/><\/p>\n<p class=\"p1\"><span class=\"s1\">Manuel Correia wurde in eine bescheidene Familie hineingeboren, die eng mit dem Land verbunden war, das drei Generationen lang als \u201eFlickenteppich\u201c in der Douro-Region f\u00fcr den Lebensunterhalt sorgte.<\/span><\/p>\n<p class=\"p1\"><span class=\"s1\">Er ging jung. Auf der Suche nach Gl\u00fcck wagte er sich quer durch das Land, das er erst vollst\u00e4ndig fand, als er zur\u00fcckkam, wo vor Jahren die unermessliche Liebe f\u00fcr die Region geboren wurde und es ihm erm\u00f6glichte, seinen Kindheitstraum zu verwirklichen. Jeder Schritt heute ist die Summe aus Arbeit, Hingabe und viel Belastbarkeit, gepaart mit der Liebe zur Familie, die ihn zum Weitermachen antreibt.<\/span><\/p>\n<p><span class=\"s1\">Es f\u00fchrt uns auf einen Weg der Entdeckung von Ger\u00fcchen, Aromen, T\u00f6nen, Reichtum und Teilen. Es verdichtet den Zeitfluss zwischen dem offensichtlich vertrauten Beginn dieses Projekts und allem, was es sein k\u00f6nnte. Die Kraft des Namens erinnert uns an die Leidenschaft derer, die etwas produzieren. Alles andere steckt im Wein selbst<\/span><span class=\"s2\">.<\/span><\/p>\n<p class=\"p1\"><span class=\"s1\">Mit Blick auf eine Zukunft voller Chancen im Rest des Landes und der Welt, insbesondere in Europa, den USA und Japan, M\u00e4rkten, die wissen, was sie am besten k\u00f6nnen, zu erkennen und zu sch\u00e4tzen, ist sie der Qualit\u00e4t eines Unternehmens verpflichtet ausgezeichnetes Produkt. Schlie\u00dflich steckt in jeder Flasche Jahrhunderte Geschichte, Kampf, Ruhm und viel Weisheit.<\/span><\/p>\n<p class=\"p1\"><span class=\"s1\">Douro Family ist eine Hommage an seine Wurzeln, an seine Familie, an die M\u00e4nner und Frauen, die zum Aufbau der Marke beigetragen haben, Teile eines Ganzen, die in ein eigenes, einzigartiges Produkt verwandelt wurden.<span class=\"Apple-converted-space\">\u00a0\u00a0<\/span>Vom Wein erhielt er die Lektion dar\u00fcber, wie lange es dauert, bis der Traum keimt, w\u00e4chst und sich st\u00e4rkt.<\/span><\/p>","protected":false},"excerpt":{"rendered":"<p>Castas: Touriga Nacional, Touriga Franca e Tinta Roriz<\/p>\n<p>Est\u00e1gio: 6 meses em cascos novos de Carvalho franc\u00eas<\/p>\n<p>Aromas baunilhados com envolv\u00eancia de frutos vermelhos. Na boca revela-se denso, encorpado e aveludado, com nal marcado por taninos sedosos, que conferem uma longa persist\u00eancia arom\u00e1tica.<\/p>\n<p>&nbsp;<\/p>","protected":false},"featured_media":8666,"template":"","meta":{"_exactmetrics_skip_tracking":false,"_exactmetrics_sitenote_active":false,"_exactmetrics_sitenote_note":"","_exactmetrics_sitenote_category":0,"_uf_show_specific_survey":0,"_uf_disable_surveys":false,"iawp_total_views":1},"product_brand":[],"product_cat":[157,184,215],"product_tag":[],"class_list":{"0":"post-14538","1":"product","2":"type-product","3":"status-publish","4":"has-post-thumbnail","6":"product_cat-vinhos","7":"product_cat-tinto","8":"product_cat-douro","10":"first","11":"instock","12":"shipping-taxable","13":"purchasable","14":"product-type-simple"},"_links":{"self":[{"href":"https:\/\/garrafeiragrandeescolha.pt\/de\/wp-json\/wp\/v2\/product\/14538","targetHints":{"allow":["GET"]}}],"collection":[{"href":"https:\/\/garrafeiragrandeescolha.pt\/de\/wp-json\/wp\/v2\/product"}],"about":[{"href":"https:\/\/garrafeiragrandeescolha.pt\/de\/wp-json\/wp\/v2\/types\/product"}],"wp:featuredmedia":[{"embeddable":true,"href":"https:\/\/garrafeiragrandeescolha.pt\/de\/wp-json\/wp\/v2\/media\/8666"}],"wp:attachment":[{"href":"https:\/\/garrafeiragrandeescolha.pt\/de\/wp-json\/wp\/v2\/media?parent=14538"}],"wp:term":[{"taxonomy":"product_brand","embeddable":true,"href":"https:\/\/garrafeiragrandeescolha.pt\/de\/wp-json\/wp\/v2\/product_brand?post=14538"},{"taxonomy":"product_cat","embeddable":true,"href":"https:\/\/garrafeiragrandeescolha.pt\/de\/wp-json\/wp\/v2\/product_cat?post=14538"},{"taxonomy":"product_tag","embeddable":true,"href":"https:\/\/garrafeiragrandeescolha.pt\/de\/wp-json\/wp\/v2\/product_tag?post=14538"}],"curies":[{"name":"wp","href":"https:\/\/api.w.org\/{rel}","templated":true}]}}