{"id":14552,"date":"2021-04-29T12:51:20","date_gmt":"2021-04-29T12:51:20","guid":{"rendered":"http:\/\/garrafeiragrandeescolha.pt\/?post_type=product&#038;p=14552"},"modified":"2023-12-21T18:47:47","modified_gmt":"2023-12-21T18:47:47","slug":"kopke-winemakers-collection-red-cao-rose-2020-75cl","status":"publish","type":"product","link":"https:\/\/garrafeiragrandeescolha.pt\/de\/produkt\/kopke-winemakers-collection-red-cao-rose-2020-75cl\/","title":{"rendered":"Kopke Winemakers Collection Tinto C\u00e3o Ros\u00e9 2020 75cl"},"content":{"rendered":"<p>&nbsp;<\/p>\n<div>Kopkes Reise ist eng mit der Geschichte seines Ortes verbunden. Der Douro sollte das Amphitheater sein, das f\u00fcr diese Verbindung zwischen dem Willen des Menschen und der Natur ausgew\u00e4hlt wurde.<\/div>\n<div>Im Jahr 1636 fand eine Reise zwischen Hamburg und Portugal statt, die zum Ursprung einer langen Geschichte werden sollte: Nicolau K\u00f6pke kam als Generalkonsul der Hansest\u00e4dte in sein neues Land.<br \/>\nZwei Jahre sp\u00e4ter, im Jahr 1638, signierte er die ersten Weinflaschen, die nach Nordeuropa verschickt wurden.<\/div>\n<div>Der Kauf eines Bauernhofs in Douro im Jahr 1781 markiert den \u00dcbergang von einem Einkaufsunternehmen zu einem gro\u00dfen Weinproduzenten.<br \/>\nPortweine gewinnen im Unternehmen zunehmend an Bedeutung und werden schnell zum Hauptgesch\u00e4ft. Nicolau Kopke &amp; Co. wird zu einem Beispiel f\u00fcr Innovation, indem es Weinproduktion und -handel in ein und demselben Unternehmen vereint.<\/div>\n<div>Im Jahr 1828 stellte sich Cristiano Nicolau Kopk\u00eb, Ururenkel des Firmengr\u00fcnders Nicolau Kopk\u00eb und Enkel von Cristiano Kopke, w\u00e4hrend des B\u00fcrgerkriegs auf die Seite der Liberalen Partei und verband so das Unternehmen und die Familie mit der Sache.<br \/>\nDieses Engagement f\u00fcr das Konzept des sozialen Fortschritts wird von allen nachfolgenden Generationen der Familie geteilt.<br \/>\nIm Jahr 1836 wurde Cristiano Nicolau Kopke der Titel Baron de Vilar verliehen. 10 Jahre sp\u00e4ter erh\u00e4lt sein Neffe Joaquim Augusto Kopke den Titel Baron von Massarelos.<br \/>\nZwei Jahrhunderte nach der Ankunft der Familie in Portugal wurde ihr Engagement f\u00fcr die Entwicklung des Landes belohnt.<\/div>\n<div>Die Firma nimmt den Namen CN Kopke an.<br \/>\nDie Kopke von 1841 ist bis heute so geblieben.<\/div>\n<div>Der Kauf der Quinta de S. Luiz im Jahr 1922, fast drei Jahrhunderte nach ihrer Gr\u00fcndung, ist wie die Ankunft von Kopke nach Hause.<br \/>\nDieses Anwesen, das schon immer die Wahl gro\u00dfer Kenner des Douro- und Portweins war, war schon lange ein Wunschtraum. Es wird zum Mittelpunkt, zum Vorbild und zum Juwel der gesamten K\u00f6pke-Weinproduktion.<\/div>\n<div>Im Jahr 1940 wurde das Zertifikat der Handels- und Industrievereinigung Portugals unterzeichnet, das das Alter von CN Kopke aus dem Jahr 1638 anerkennt.<\/div>","protected":false},"excerpt":{"rendered":"<p>Lachsfarben, ein Ros\u00e9, der sofort in seinen Bann zieht. Die Nase dr\u00fcckt Noten von Granatapfel und Hibiskusbl\u00fcten aus. Am Gaumen ist er subtil und elegant, offenbart Schicht f\u00fcr Schicht seine gute S\u00e4ure und endet lang und frisch. Ein gastronomischer Wein, der sich auch hervorragend zum Auftakt einer Mahlzeit eignet.<\/p>\n<p>Kopke empfiehlt, diesen Tinto C\u00e3o als Aperitif und in Kombination mit salzigen Gerichten, fettem Fisch, wei\u00dfem Fleisch und K\u00e4se mittlerer Intensit\u00e4t zu probieren.<\/p>","protected":false},"featured_media":8720,"template":"","meta":{"_exactmetrics_skip_tracking":false,"_exactmetrics_sitenote_active":false,"_exactmetrics_sitenote_note":"","_exactmetrics_sitenote_category":0,"_uf_show_specific_survey":0,"_uf_disable_surveys":false,"iawp_total_views":32},"product_brand":[],"product_cat":[162,157,186],"product_tag":[],"class_list":{"0":"post-14552","1":"product","2":"type-product","3":"status-publish","4":"has-post-thumbnail","6":"product_cat-raridades","7":"product_cat-vinhos","8":"product_cat-rose","10":"first","11":"instock","12":"shipping-taxable","13":"purchasable","14":"product-type-simple"},"_links":{"self":[{"href":"https:\/\/garrafeiragrandeescolha.pt\/de\/wp-json\/wp\/v2\/product\/14552","targetHints":{"allow":["GET"]}}],"collection":[{"href":"https:\/\/garrafeiragrandeescolha.pt\/de\/wp-json\/wp\/v2\/product"}],"about":[{"href":"https:\/\/garrafeiragrandeescolha.pt\/de\/wp-json\/wp\/v2\/types\/product"}],"wp:featuredmedia":[{"embeddable":true,"href":"https:\/\/garrafeiragrandeescolha.pt\/de\/wp-json\/wp\/v2\/media\/8720"}],"wp:attachment":[{"href":"https:\/\/garrafeiragrandeescolha.pt\/de\/wp-json\/wp\/v2\/media?parent=14552"}],"wp:term":[{"taxonomy":"product_brand","embeddable":true,"href":"https:\/\/garrafeiragrandeescolha.pt\/de\/wp-json\/wp\/v2\/product_brand?post=14552"},{"taxonomy":"product_cat","embeddable":true,"href":"https:\/\/garrafeiragrandeescolha.pt\/de\/wp-json\/wp\/v2\/product_cat?post=14552"},{"taxonomy":"product_tag","embeddable":true,"href":"https:\/\/garrafeiragrandeescolha.pt\/de\/wp-json\/wp\/v2\/product_tag?post=14552"}],"curies":[{"name":"wp","href":"https:\/\/api.w.org\/{rel}","templated":true}]}}